

{"id":1324,"date":"2012-12-23T16:17:31","date_gmt":"2012-12-23T21:17:31","guid":{"rendered":"https:\/\/cupfa.org\/?page_id=1324"},"modified":"2025-09-18T15:59:40","modified_gmt":"2025-09-18T19:59:40","slug":"professional-development","status":"publish","type":"page","link":"https:\/\/www.cupfa.org\/fr_CA\/professional-development\/","title":{"rendered":"Ressources de DP"},"content":{"rendered":"<p style=\"margin-left: 20px;\"><span style=\"font-weight: 400;\">Les opportunit\u00e9s de D\u00e9veloppement Professionnel de l&#8217;APTPUC sont d\u00e9crites dans plusieurs sous-sections, notamment les diapositives de pr\u00e9sentation des webinaires de DP con\u00e7us pour accueillir les membres et offrir un soutien continu pour leurs projets professionnels.<\/span><\/p>\n<p style=\"margin-left: 20px;\">Veuillez les consulter et contacter la coordinatrice\u00a0<a style=\"color: #df0000;\" href=\"mailto:eleni.panagiotarakou@cupfa.or\"><span>Eleni\u00a0<\/span><\/a><a href=\"mailto:eleni.panagiotarakou@cupfa.org\">Panagiotarakou <\/a><span style=\"color: #444444;\">pour de plus amples informations.\u00a0<\/span><\/p>\n<p style=\"margin-left: 20px;\">Le Centre de soutien UNITY de Concordia offre des <a href=\"https:\/\/outlook.office365.com\/owa\/calendar\/CommUNITYSupportCentre@liveconcordia.onmicrosoft.com\/bookings\/\">rendez-vous<\/a> individuels pour obtenir de l\u2019aide en ligne avec les rapports de d\u00e9penses.<\/p>\n<p>Le <b>Fonds de D\u00e9veloppement Professionnel de l&#8217;APTPUC<\/b> <span style=\"font-weight: 400;\">soutient le d\u00e9veloppement professionnel et acad\u00e9mique des professeur(e)s \u00e0 temps partiel en finan\u00e7ant leurs recherches ou projets cr\u00e9atifs conform\u00e9ment \u00e0 l&#8217;Article 17 de la convention collective et en mettant en valeur les accomplissements des membres au sein de l&#8217;Universit\u00e9.<\/span><\/p>\n<p><b>Le Comit\u00e9 de D\u00e9veloppement Professionnel\u00a0<\/b>est un comit\u00e9 conjoint employeur\/syndicat <span style=\"font-weight: 400;\">pr\u00e9sid\u00e9 par le Pr\u00e9sident de la Recherche et du D\u00e9veloppement Professionnel de l&#8217;APTPUC et peut inclure un Assistant de Recherche et de D\u00e9veloppement Professionnel. <\/span>Le Comit\u00e9 <span style=\"font-weight: 400;\">\u00e9value toutes les demandes de financement de d\u00e9veloppement professionnel pour les projets soumis par les membres conform\u00e9ment \u00e0 la convention collective de l&#8217;APTPUC et supervise l&#8217;administration des Petites R\u00e9clamations.<\/span><\/p>\n<p><b style=\"text-transform: uppercase;\">Deux principales cat\u00e9gories<\/b> <b>de financement de D\u00e9veloppement Professionnel<\/b> <span style=\"font-weight: 400;\">sont disponibles pour les membres de l&#8217;APTPUC :<\/span> <span style=\"font-weight: 400;\">Consultez les liens pour plus d&#8217;informations et les candidatures.<\/span><\/p>\n<p style=\"margin-left: 20px;\"><a href=\"https:\/\/cupfa.org\/professional-development\/grants\/\"> <b>Les Grandes Subventions de DP<\/b> <\/a> peuvent financer les recherches et d\u00e9veloppements cr\u00e9atifs pour les membres ayant un minimum de 18 points d&#8217;anciennet\u00e9 (par exemple, frais de voyage, frais de conf\u00e9rence, frais d&#8217;h\u00f4tel lors des pr\u00e9sentations de documents par les membres lors de conf\u00e9rences ; co\u00fbts li\u00e9s \u00e0 la production ou \u00e0 l&#8217;exposition d&#8217;\u0153uvres d&#8217;art ; etc.). Cliquez pour consulter des exemples de &#8220;<a href=\"https:\/\/cupfa.org\/professional-development\/epd\/\"> <b>Projets ePD<\/b> <\/a>&#8220;.<\/p>\n<p style=\"margin-left: 20px;\"><a href=\"https:\/\/cupfa.org\/professional-development\/small-claims\/\"> <b>Les Petites R\u00e9clamations de DP<\/b> <\/a> peuvent rembourser les membres ayant un minimum de 12 points d&#8217;anciennet\u00e9 pour les d\u00e9penses directement li\u00e9es \u00e0 l&#8217;enseignement (logiciels, frais d&#8217;internet, fournitures informatiques, etc.).<\/p>\n<p><strong>Pour d\u00e9terminer votre anciennet\u00e9<\/strong>, allez sur <a href=\"https:\/\/fris.concordia.ca\/default.aspx\">FRIS<\/a> et s\u00e9lectionnez &#8220;<span style=\"font-weight: 400;\">Part Time Professors and Applicants&#8221;<\/span>. Faites d\u00e9filer la page jusqu\u2019aux liens sous &#8220;<span style=\"font-weight: 400;\">Relevant Documentation&#8221;<\/span> vers &#8220;<strong>CUPFA<\/strong> <strong>Seniority List<\/strong>&#8221; et d\u2019autres liens utiles vers les affichages de cours actuels et les instructions concernant les candidatures, la signature des contrats et la fusion des pdf.<\/p>\n<p><b style=\"text-transform: uppercase;\">D&#8217;autres ressources<\/b> sont disponibles pour aider au d\u00e9veloppement professionnel :<\/p>\n<p style=\"margin-left: 20px;\"><b>Cr\u00e9ez votre profil facultaire<\/b> (<a href=\"https:\/\/www.cupfa.org\/documents\/pd\/2022_Create_a_Faculty_Profile.pdf\">diapositives : PDF, 2MB<\/a>) : Aidez \u00e0 \u00e9tablir votre visibilit\u00e9 dans l&#8217;enseignement, la recherche et autres activit\u00e9s professionnelles.<\/p>\n<p style=\"margin-left: 20px;\"><b>Photo de portrait gratuite \u00e0 usage professionnel<\/b> <span style=\"font-weight: 400;\">: Contactez le conseiller en communication de votre facult\u00e9 pour organiser une s\u00e9ance photo gratuite et vous guider dans la mise \u00e0 jour de votre profil facultaire :<\/span><\/p>\n<ul>\n<li><span style=\"font-weight: 400;\">John Molson School of Business:<\/span> <a href=\"mailto:elena.raznovan@concordia.ca\"> <span style=\"font-weight: 400;\">Elena Parial<\/span> <\/a><\/li>\n<li><span style=\"font-weight: 400;\">Faculty of Arts &amp; Science:<\/span> <a href=\"mailto:taylor.tower@concordia.ca\"> <span style=\"font-weight: 400;\">Taylor Tower<\/span> <\/a> <span style=\"font-weight: 400;\">;<\/span> <a href=\"mailto:elisabeth.faure@concordia.ca\"> <span style=\"font-weight: 400;\">Elisabeth Faure<\/span> <\/a><\/li>\n<li><span style=\"font-weight: 400;\">Gina Cody School of Engineering &amp; Computer Science:<\/span> <a href=\"mailto:vincent.allaire@concordia.ca\"> <span style=\"font-weight: 400;\">Vincent Allaire<\/span> <\/a> <span style=\"font-weight: 400;\">;<\/span> <a href=\"mailto:samantha.hanley@concordia.ca\"> <span style=\"font-weight: 400;\">Samantha Hanley<\/span> <\/a><\/li>\n<li><span style=\"font-weight: 400;\">Faculty of Fine Arts:<\/span> <a href=\"mailto:andy.murdoch@concordia.ca\"> <span style=\"font-weight: 400;\">Andy Murdoch<\/span> <\/a><\/li>\n<\/ul>\n<p style=\"margin-left: 20px;\"><a href=\"https:\/\/spectrum.library.concordia.ca\/\"> <b>Spectrum<\/b> <\/a> : est un r\u00e9f\u00e9rentiel de recherche en acc\u00e8s libre pour les recherches cr\u00e9\u00e9es \u00e0 Concordia.<\/p>\n<p style=\"margin-left: 20px;\">Consultez les <a href=\"https:\/\/cupfa.org\/professional-development\/office-of-research\/\"> <b>opportunit\u00e9s de financement interne du Bureau de la Recherche<\/b> <\/a>.<\/p>\n","protected":false},"excerpt":{"rendered":"<p style=\"margin-left: 20px;\"><span style=\"font-weight: 400;\">Les opportunit\u00e9s de D\u00e9veloppement Professionnel de l&#8217;APTPUC sont d\u00e9crites dans plusieurs sous-sections, notamment les diapositives de pr\u00e9sentation des webinaires de DP con\u00e7us pour accueill&#8230;<\/p>\n","protected":false},"author":13,"featured_media":0,"parent":0,"menu_order":0,"comment_status":"closed","ping_status":"closed","template":"","meta":{"footnotes":""},"class_list":["post-1324","page","type-page","status-publish","hentry"],"_links":{"self":[{"href":"https:\/\/www.cupfa.org\/fr_CA\/wp-json\/wp\/v2\/pages\/1324","targetHints":{"allow":["GET"]}}],"collection":[{"href":"https:\/\/www.cupfa.org\/fr_CA\/wp-json\/wp\/v2\/pages"}],"about":[{"href":"https:\/\/www.cupfa.org\/fr_CA\/wp-json\/wp\/v2\/types\/page"}],"author":[{"embeddable":true,"href":"https:\/\/www.cupfa.org\/fr_CA\/wp-json\/wp\/v2\/users\/13"}],"replies":[{"embeddable":true,"href":"https:\/\/www.cupfa.org\/fr_CA\/wp-json\/wp\/v2\/comments?post=1324"}],"version-history":[{"count":57,"href":"https:\/\/www.cupfa.org\/fr_CA\/wp-json\/wp\/v2\/pages\/1324\/revisions"}],"predecessor-version":[{"id":7341,"href":"https:\/\/www.cupfa.org\/fr_CA\/wp-json\/wp\/v2\/pages\/1324\/revisions\/7341"}],"wp:attachment":[{"href":"https:\/\/www.cupfa.org\/fr_CA\/wp-json\/wp\/v2\/media?parent=1324"}],"curies":[{"name":"wp","href":"https:\/\/api.w.org\/{rel}","templated":true}]}}