

{"id":1375,"date":"2012-12-23T18:22:25","date_gmt":"2012-12-23T23:22:25","guid":{"rendered":"https:\/\/cupfa.org\/?page_id=1375"},"modified":"2026-04-01T11:51:39","modified_gmt":"2026-04-01T15:51:39","slug":"grants","status":"publish","type":"page","link":"https:\/\/www.cupfa.org\/fr_CA\/professional-development\/grants\/","title":{"rendered":"Subventions de recherche"},"content":{"rendered":"<p>Les subventions recherche D\u00e9veloppement Professionnel (<strong><a href=\"https:\/\/www.cupfa.org\/documents\/pd\/2022_Large_Grants_Webinar.pdf\">d\u00e9tails \u00e9galement pr\u00e9sent\u00e9s dans une pr\u00e9sentation avec diapositives, PDF 3MB<\/a><\/strong>)<\/p>\n<p><strong>* Consultez les documents de proposition de budget ci-dessous et la section <a href=\"https:\/\/cupfa.org\/professional-development\/grant-reports\/\">Rapports et D\u00e9penses<\/a> pour les soumissions requises apr\u00e8s approbation de la subvention.<\/strong><\/p>\n<p><span style=\"font-weight: 400;\">Les membres peuvent demander jusqu&#8217;\u00e0 7500 $ de financement pour des activit\u00e9s de recherche et de formation dans le cadre des subventions de recherche DP de l&#8217;APTPUC.<\/span><\/p>\n<p><span style=\"font-weight: 400;\">Les cat\u00e9gories pour les subventions de recherche sont les suivantes:<\/span><\/p>\n<ol>\n<li style=\"font-weight: 400;\" aria-level=\"1\"><span style=\"font-weight: 400;\">Participation \u00e0 une conf\u00e9rence<\/span><\/li>\n<li style=\"font-weight: 400;\" aria-level=\"1\"><span style=\"font-weight: 400;\">Pr\u00e9sentation d&#8217;une conf\u00e9rence<\/span><\/li>\n<li style=\"font-weight: 400;\" aria-level=\"1\"><span style=\"font-weight: 400;\">Atelier\/Formation<\/span><\/li>\n<li style=\"font-weight: 400;\" aria-level=\"1\"><span style=\"font-weight: 400;\">Pr\u00e9paration d&#8217;\u0153uvres artistiques<\/span><\/li>\n<li style=\"font-weight: 400;\" aria-level=\"1\"><span style=\"font-weight: 400;\">Recherche<\/span><\/li>\n<li style=\"font-weight: 400;\" aria-level=\"1\"><span style=\"font-weight: 400;\">Pr\u00e9paration de manuscrit<\/span><\/li>\n<li style=\"font-weight: 400;\" aria-level=\"1\"><span style=\"font-weight: 400;\">Autre<\/span><\/li>\n<\/ol>\n<p><span style=\"font-weight: 400;\">Pour \u00eatre \u00e9ligibles aux subventions de recherche DP de l&#8217;APTPUC, les membres doivent avoir un minimum de <\/span><a href=\"https:\/\/cupfa.org\/faq\/\"><b>18 points d&#8217;anciennet\u00e9<\/b><\/a><span style=\"font-weight: 400;\"> selon la liste d&#8217;anciennet\u00e9 actuelle. Pour d\u00e9terminer votre anciennet\u00e9, allez sur\u00a0<a href=\"https:\/\/fris.concordia.ca\/default.aspx\">FRIS<\/a>\u00a0et s\u00e9lectionnez \u201cPart Time Professors and Applicants\u201d. Faites d\u00e9filer la page jusqu\u2019aux liens sous \u201cRelevant Documentation\u201d\u00a0vers \u201c<strong>CUPFA<\/strong>\u00a0<strong>Seniority List<\/strong>\u201d et d\u2019autres liens utiles vers les affichages de cours actuels et les instructions concernant les candidatures, la signature des contrats et la fusion des pdf.<\/span><\/p>\n<p><span style=\"font-weight: 400;\">Conform\u00e9ment \u00e0 la <\/span><a href=\"https:\/\/www.concordia.ca\/content\/dam\/common\/docs\/policies\/official-policies\/VPRGS-5.pdf\"><b>Politique sur les conflits d&#8217;int\u00e9r\u00eats de Concordia<\/b><\/a><span style=\"font-weight: 400;\">, les membres doivent signaler lorsqu&#8217;ils embauchent une personne li\u00e9e, fournir une justification \u00e9crite qui explique les qualifications de la personne li\u00e9e et indiquer tout avantage financier pour le co\u00fbt total du projet. &#8220;Personne li\u00e9e&#8221; signifie un membre de la famille imm\u00e9diate du membre (conjoint, enfant, parent ou fr\u00e8re\/s\u0153ur) ou toute autre personne vivant dans le m\u00eame foyer, ou toute autre personne avec laquelle le membre partage un int\u00e9r\u00eat financier, directement ou indirectement.<\/span><\/p>\n<p><b>\u00c9ch\u00e9ances pour les demandes <\/b><strong>de <span style=\"font-weight: 400;\"><strong>subventions de recherche<\/strong> <\/span>DP <\/strong><b>de l&#8217;APTPUC<\/b><\/p>\n<ul>\n<li style=\"font-weight: 400;\"><span style=\"font-weight: 400;\">1er avril<\/span><\/li>\n<li style=\"font-weight: 400;\"><span style=\"font-weight: 400;\">15 octobre<\/span><\/li>\n<li style=\"font-weight: 400;\"><span style=\"font-weight: 400;\">15 janvier<br \/>\n<\/span>Les \u00e9ch\u00e9ances tombant une fin de semaine seront report\u00e9es au lundi suivant.<\/li>\n<\/ul>\n<p><b>Demande <\/b><span style=\"font-weight: 400;\">:\u00a0<\/span><span style=\"font-weight: 400;\">les demandes \u00e9lectroniques doivent \u00eatre soumises \u00e0 :<\/span> <a href=\"mailto:pdgrants@cupfa.org\"><span style=\"font-weight: 400;\">pdgrants@cupfa.org<\/span><\/a><\/p>\n<p><span style=\"font-weight: 400;\">Tous les fichiers doivent \u00eatre compil\u00e9s dans <\/span><b>un seul document PDF<\/b><span style=\"font-weight: 400;\"> selon l&#8217;ordre suivant :<\/span><\/p>\n<ol>\n<li style=\"font-weight: 400;\" aria-level=\"1\"><span style=\"font-weight: 400;\">Formulaire de demande de subventions de recherche de l&#8217;APTPUC<\/span><\/li>\n<li style=\"font-weight: 400;\" aria-level=\"1\"><span style=\"font-weight: 400;\">Budgets compl\u00e9t\u00e9s (vous devez utiliser les formulaires de budget de l&#8217;APTPUC)<\/span><\/li>\n<li style=\"font-weight: 400;\" aria-level=\"1\"><span style=\"font-weight: 400;\">Description du projet<\/span><\/li>\n<li style=\"font-weight: 400;\" aria-level=\"1\"><span style=\"font-weight: 400;\">Description de la mani\u00e8re dont l&#8217;activit\u00e9 am\u00e9liorera l&#8217;enseignement<\/span><\/li>\n<li style=\"font-weight: 400;\" aria-level=\"1\"><span style=\"font-weight: 400;\">Informations budg\u00e9taires suppl\u00e9mentaires<\/span><\/li>\n<li style=\"font-weight: 400;\" aria-level=\"1\"><span style=\"font-weight: 400;\">Informations officielles sur la conf\u00e9rence et la formation<\/span><\/li>\n<li style=\"font-weight: 400;\" aria-level=\"1\"><span style=\"font-weight: 400;\">Devis de voyage des agences de voyage de l&#8217;universit\u00e9 (ou autres devis de voyage si applicable)<\/span><\/li>\n<li style=\"font-weight: 400;\" aria-level=\"1\"><span style=\"font-weight: 400;\">Liste d&#8217;anciennet\u00e9 (inclure une seule page)<\/span><\/li>\n<li style=\"font-weight: 400;\" aria-level=\"1\"><span style=\"font-weight: 400;\">Curriculum Vitae<\/span><\/li>\n<\/ol>\n<p><b>Taille<\/b><span style=\"font-weight: 400;\">: Votre soumission \u00e9lectronique ne doit pas d\u00e9passer 10 Mo.<\/span><\/p>\n<p><b>Fusion<\/b><span style=\"font-weight: 400;\">: Pour fusionner vos documents PDF :<\/span> <a href=\"https:\/\/www.pdfmerge.com\/\"><span style=\"font-weight: 400;\">https:\/\/www.pdfmerge.com\/<\/span><\/a><\/p>\n<p><span style=\"font-weight: 400;\"><b>Nom du fichier<\/b>: Doit \u00eatre &#8211; NomPr\u00e9nom_aamm (ex. DoeJane_21Oct)<\/span><\/p>\n<p><b>Reconnaissance des<\/b><strong>subventions de recherche d<\/strong><b>u d\u00e9veloppement professionnel de l&#8217;APTPUC<\/b><\/p>\n<p><span style=\"font-weight: 400;\">Si vous recevez une subvention, vous devez reconna\u00eetre le soutien de l&#8217;Association des professeures et professeurs \u00e0 temps partiel de l&#8217;Universit\u00e9 Concordia pour le d\u00e9veloppement professionnel dans toute publication, exposition, catalogue, invitation, film, CD, etc. produite \u00e0 la suite de la subvention (voir <\/span><a href=\"https:\/\/cupfa.org\/collective-agreement\/\"><span style=\"font-weight: 400;\">l&#8217;article 17 de la convention collective de l&#8217;APTPUC<\/span><\/a><span style=\"font-weight: 400;\">). Cette reconnaissance doit \u00eatre \u00e9quivalente \u00e0 celle accord\u00e9e aux autres bailleurs de fonds, commanditaires ou donateurs pour un soutien similaire. En plus de l&#8217;\u00e9nonc\u00e9 \u00e9crit, vous devez inclure le <\/span><a href=\"https:\/\/cupfa.org\/wp-content\/uploads\/2012\/12\/c_u_p_f_a_logo_300.jpg\"><b>logo de l&#8217;APTPUC<\/b><\/a><span style=\"font-weight: 400;\"> dans votre reconnaissance.<\/span><\/p>\n<p><b><a id=\"forms\"><\/a>Formulaires de d\u00e9veloppement professionnel de l&#8217;APTPUC<\/b><\/p>\n<p><span style=\"font-weight: 400;\">Pour postuler aux subventions de l&#8217;APTPUC, veuillez t\u00e9l\u00e9charger et remplir le formulaire de demande ainsi que les budgets appropri\u00e9s. Les fichiers PDF ouverts dans <\/span><span style=\"font-weight: 400;\">Acrobat Reader<\/span><span style=\"font-weight: 400;\"> sont modifiables et ont une fonction de calcul automatique. Acrobat Reader peut \u00eatre t\u00e9l\u00e9charg\u00e9 gratuitement depuis n&#8217;importe quel navigateur web. Veuillez ne pas utiliser &#8220;Preview&#8221; (m\u00eame s&#8217;il fonctionne, le logiciel semble corrompre les PDF et d\u00e9sactiver les champs de date et de calcul automatique).<\/span><\/p>\n<p><span style=\"color: #000000;\">Formulaire de demande de subvention <strong>Proposition<\/strong><\/span><br \/>\n\u00bb\u00a0 <a href=\"https:\/\/www.cupfa.org\/wp-content\/uploads\/2026\/02\/FR-2026-pd_form_candidature.pdf\">pd_form_application_2026<\/a><\/p>\n<p><span style=\"color: #000000;\">Budget propos\u00e9\u00a0<strong>\u00a0Voyages<\/strong><br \/>\n<\/span>\u00a0\u00bb\u00a0 <a href=\"http:\/\/cupfa.org\/documents\/pd\/pd_travel.pdf\">pd_travel<\/a> <strong><br \/>\n<\/strong><\/p>\n<p>Budget propos\u00e9 <strong>Conferences, ateliers, formation, etc.<\/strong><br \/>\n\u00bb\u00a0 <a href=\"http:\/\/cupfa.org\/documents\/pd\/pd_conference.pdf\">pd_conference<\/a><\/p>\n<p>Budget propos\u00e9\u00a0<strong>Pr\u00e9paration d&#8217;art, musique, etc.<\/strong><br \/>\n\u00bb\u00a0 <a href=\"http:\/\/cupfa.org\/documents\/pd\/pd_arts_music.pdf\">pd_arts_music<\/a><\/p>\n<p>Budget propos\u00e9 <strong>Recherche<\/strong><br \/>\n\u00bb <span style=\"color: #333333;\">\u00a0 <a href=\"http:\/\/cupfa.org\/documents\/pd\/pd_research.pdf\">pd_research<\/a><\/span><\/p>\n<p>Budget propos\u00e9 <strong>Autre<\/strong><br \/>\n\u00bb <span style=\"color: #333333;\">\u00a0 <a href=\"http:\/\/cupfa.org\/documents\/pd\/pd_other.pdf\">pd_other<\/a>\u00a0<i><span style=\"font-weight: 400;\">(si les autres documents ne conviennent pas \u00e0 votre projet)<\/span><\/i><\/span><\/p>\n","protected":false},"excerpt":{"rendered":"<p>Les subventions recherche D\u00e9veloppement Professionnel (<strong><a href=\"https:\/\/www.cupfa.org\/documents\/pd\/2022_Large_Grants_Webinar.pdf\">d\u00e9tails \u00e9galement pr\u00e9sent\u00e9s dans une pr\u00e9sentation avec diapositives, PDF 3MB<\/a><\/strong>)<\/p>\n<p><strong>* Consulte&#8230;<\/p>\n","protected":false},"author":13,"featured_media":0,"parent":1324,"menu_order":2,"comment_status":"closed","ping_status":"closed","template":"","meta":{"footnotes":""},"class_list":["post-1375","page","type-page","status-publish","hentry"],"_links":{"self":[{"href":"https:\/\/www.cupfa.org\/fr_CA\/wp-json\/wp\/v2\/pages\/1375","targetHints":{"allow":["GET"]}}],"collection":[{"href":"https:\/\/www.cupfa.org\/fr_CA\/wp-json\/wp\/v2\/pages"}],"about":[{"href":"https:\/\/www.cupfa.org\/fr_CA\/wp-json\/wp\/v2\/types\/page"}],"author":[{"embeddable":true,"href":"https:\/\/www.cupfa.org\/fr_CA\/wp-json\/wp\/v2\/users\/13"}],"replies":[{"embeddable":true,"href":"https:\/\/www.cupfa.org\/fr_CA\/wp-json\/wp\/v2\/comments?post=1375"}],"version-history":[{"count":71,"href":"https:\/\/www.cupfa.org\/fr_CA\/wp-json\/wp\/v2\/pages\/1375\/revisions"}],"predecessor-version":[{"id":7412,"href":"https:\/\/www.cupfa.org\/fr_CA\/wp-json\/wp\/v2\/pages\/1375\/revisions\/7412"}],"up":[{"embeddable":true,"href":"https:\/\/www.cupfa.org\/fr_CA\/wp-json\/wp\/v2\/pages\/1324"}],"wp:attachment":[{"href":"https:\/\/www.cupfa.org\/fr_CA\/wp-json\/wp\/v2\/media?parent=1375"}],"curies":[{"name":"wp","href":"https:\/\/api.w.org\/{rel}","templated":true}]}}