

{"id":1398,"date":"2012-12-24T13:27:54","date_gmt":"2012-12-24T18:27:54","guid":{"rendered":"https:\/\/cupfa.org\/?page_id=1398"},"modified":"2025-09-18T16:09:48","modified_gmt":"2025-09-18T20:09:48","slug":"office-of-research","status":"publish","type":"page","link":"https:\/\/www.cupfa.org\/fr_CA\/professional-development\/office-of-research\/","title":{"rendered":"Bureau de la recherche"},"content":{"rendered":"<h3><strong>Opportunit\u00e9s de financement interne<\/strong><\/h3>\n<p>En plus du soutien du Fonds de d\u00e9veloppement professionnel de l&#8217;APTPUC, il existe un certain nombre de possibilit\u00e9s int\u00e9ressantes de financement interne offertes aux membres par l&#8217;entremise du Bureau du vice-pr\u00e9sident \u00e0 la recherche et aux \u00e9tudes sup\u00e9rieures (VPRGS), ainsi que par l&#8217;entremise de concours propres aux facult\u00e9s. Ces programmes sont con\u00e7us pour compl\u00e9ter et optimiser les possibilit\u00e9s de financement externe.<\/p>\n<p>Les professeur(e)s \u00e0 temps partiel qui participent activement \u00e0 la recherche peuvent postuler \u00e0 des <a href=\"https:\/\/www.concordia.ca\/research\/for-researchers\/funding\/internal-awards.html\">financements internes et \u00e0 des bourses.<\/a><\/p>\n<p>Les subventions du<strong> Programme de financement de d\u00e9marrage (Seed Funding)<\/strong> sont accord\u00e9es pour des projets individuels (volet 1) et pour des projets d&#8217;\u00e9quipe (volet 2). Les demandes doivent inclure des fonds de contrepartie.<\/p>\n<p>D&#8217;autres possibilit\u00e9s peuvent \u00eatre offertes par le <a href=\"https:\/\/www.concordia.ca\/provost\/initiatives.htmltml\">bureau du Provost et du Vice-pr\u00e9sident, acad\u00e9mique<\/a>.<\/p>\n","protected":false},"excerpt":{"rendered":"<h3><strong>Opportunit\u00e9s de financement interne<\/strong><\/h3>\n<p>En plus du soutien du Fonds de d\u00e9veloppement professionnel de l&#8217;APTPUC, il existe un certain nombre de possibilit\u00e9s int\u00e9ressantes de financement interne offertes aux membres par l&#8217;entremi&#8230;<\/p>\n","protected":false},"author":13,"featured_media":0,"parent":1324,"menu_order":7,"comment_status":"closed","ping_status":"closed","template":"","meta":{"footnotes":""},"class_list":["post-1398","page","type-page","status-publish","hentry"],"_links":{"self":[{"href":"https:\/\/www.cupfa.org\/fr_CA\/wp-json\/wp\/v2\/pages\/1398","targetHints":{"allow":["GET"]}}],"collection":[{"href":"https:\/\/www.cupfa.org\/fr_CA\/wp-json\/wp\/v2\/pages"}],"about":[{"href":"https:\/\/www.cupfa.org\/fr_CA\/wp-json\/wp\/v2\/types\/page"}],"author":[{"embeddable":true,"href":"https:\/\/www.cupfa.org\/fr_CA\/wp-json\/wp\/v2\/users\/13"}],"replies":[{"embeddable":true,"href":"https:\/\/www.cupfa.org\/fr_CA\/wp-json\/wp\/v2\/comments?post=1398"}],"version-history":[{"count":21,"href":"https:\/\/www.cupfa.org\/fr_CA\/wp-json\/wp\/v2\/pages\/1398\/revisions"}],"predecessor-version":[{"id":7344,"href":"https:\/\/www.cupfa.org\/fr_CA\/wp-json\/wp\/v2\/pages\/1398\/revisions\/7344"}],"up":[{"embeddable":true,"href":"https:\/\/www.cupfa.org\/fr_CA\/wp-json\/wp\/v2\/pages\/1324"}],"wp:attachment":[{"href":"https:\/\/www.cupfa.org\/fr_CA\/wp-json\/wp\/v2\/media?parent=1398"}],"curies":[{"name":"wp","href":"https:\/\/api.w.org\/{rel}","templated":true}]}}