

{"id":14,"date":"2011-11-29T16:02:00","date_gmt":"2011-11-29T21:02:00","guid":{"rendered":"https:\/\/cupfa.org\/\/?page_id=14"},"modified":"2023-10-07T16:01:47","modified_gmt":"2023-10-07T20:01:47","slug":"about","status":"publish","type":"page","link":"https:\/\/www.cupfa.org\/fr_CA\/about\/","title":{"rendered":"Mandat"},"content":{"rendered":"<p><strong>Qu&#8217;est-ce que l&#8217;Association des professeures et professeurs \u00e0 temps partiel de l&#8217;Universit\u00e9 Concordia (APTPUC) ?<\/strong><\/p>\n<p><span style=\"font-weight: 400;\">Reconnue depuis 1989 par le Minist\u00e8re du Travail du Qu\u00e9bec, l&#8217;APTPUC est une association de professeurs \u00e0 temps partiel employ\u00e9s par l&#8217;Universit\u00e9 Concordia pour les repr\u00e9senter et travailler en leur nom. L&#8217;Association d\u00e9fend les droits de ses membres et n\u00e9gocie en leur nom ; elle soutient \u00e9galement leur d\u00e9veloppement professionnel, leurs projets cr\u00e9atifs et leurs recherches acad\u00e9miques.<\/span><\/p>\n<p><span style=\"font-weight: 400;\">En tant que syndicat, l&#8217;Association a d\u00e9velopp\u00e9 de solides coalitions avec le Conseil intersyndical de l&#8217;Universit\u00e9 Concordia, les f\u00e9d\u00e9rations et groupes \u00e9tudiants, l&#8217;ACPPU (Association canadienne des professeures et professeurs d&#8217;universit\u00e9), et avec le mouvement COCAL des enseignants contractuels \u00e0 travers le Canada, les \u00c9tats-Unis et le Mexique.<\/span><\/p>\n<p><span style=\"font-weight: 400;\">Notre Association soutient ses membres, les \u00e9tudiants et Concordia en tant qu&#8217;institution d&#8217;enseignement sup\u00e9rieur, et participe activement \u00e0 tous les organes et comit\u00e9s de l&#8217;Universit\u00e9. Au Conseil des gouverneurs, au S\u00e9nat, aux conseils de facult\u00e9, aux comit\u00e9s d\u00e9partementaux et sp\u00e9ciaux, les repr\u00e9sentants de l&#8217;APTPUC contribuent \u00e0 la formulation des politiques acad\u00e9miques et administratives et font avancer la mission acad\u00e9mique ainsi que les besoins p\u00e9dagogiques et professionnels du corps professoral.<\/span><\/p>\n<p><span style=\"font-weight: 400;\">L&#8217;APTPUC demeure un syndicat ind\u00e9pendant ; bien qu&#8217;elle ne soit pas affili\u00e9e \u00e0 une centrale syndicale au Qu\u00e9bec, notre mission est de servir directement nos membres. <a href=\"https:\/\/cupfa.org\/about\/executive-2014-17\/\">Le Comit\u00e9 ex\u00e9cutif de l&#8217;APTPUC<\/a> et son <a href=\"https:\/\/cupfa.org\/about\/staff\/\">personnel d\u00e9vou\u00e9<\/a> se concentrent sur la qualit\u00e9 du service et la communication r\u00e9active au sein de notre membership. Nous restons vigilants et proactifs concernant les conditions de travail de nos membres et reconnaissons l&#8217;importance du bien-\u00eatre de chaque membre alors que nous travaillons ensemble en solidarit\u00e9.<\/span><\/p>\n","protected":false},"excerpt":{"rendered":"<p><strong>Qu&#8217;est-ce que l&#8217;Association des professeures et professeurs \u00e0 temps partiel de l&#8217;Universit\u00e9 Concordia (APTPUC) ?<\/strong><\/p>\n<p><span style=\"font-weight: 400;\">Reconnue depuis 1989 par le Minist\u00e8re du Travail du Qu\u00e9bec, l&#8217;APTPUC est une associat&#8230;<\/p>\n","protected":false},"author":13,"featured_media":0,"parent":0,"menu_order":1,"comment_status":"closed","ping_status":"closed","template":"","meta":{"footnotes":""},"class_list":["post-14","page","type-page","status-publish","hentry"],"_links":{"self":[{"href":"https:\/\/www.cupfa.org\/fr_CA\/wp-json\/wp\/v2\/pages\/14","targetHints":{"allow":["GET"]}}],"collection":[{"href":"https:\/\/www.cupfa.org\/fr_CA\/wp-json\/wp\/v2\/pages"}],"about":[{"href":"https:\/\/www.cupfa.org\/fr_CA\/wp-json\/wp\/v2\/types\/page"}],"author":[{"embeddable":true,"href":"https:\/\/www.cupfa.org\/fr_CA\/wp-json\/wp\/v2\/users\/13"}],"replies":[{"embeddable":true,"href":"https:\/\/www.cupfa.org\/fr_CA\/wp-json\/wp\/v2\/comments?post=14"}],"version-history":[{"count":26,"href":"https:\/\/www.cupfa.org\/fr_CA\/wp-json\/wp\/v2\/pages\/14\/revisions"}],"predecessor-version":[{"id":6830,"href":"https:\/\/www.cupfa.org\/fr_CA\/wp-json\/wp\/v2\/pages\/14\/revisions\/6830"}],"wp:attachment":[{"href":"https:\/\/www.cupfa.org\/fr_CA\/wp-json\/wp\/v2\/media?parent=14"}],"curies":[{"name":"wp","href":"https:\/\/api.w.org\/{rel}","templated":true}]}}