

{"id":18,"date":"2011-11-29T16:03:07","date_gmt":"2011-11-29T21:03:07","guid":{"rendered":"https:\/\/cupfa.org\/\/?page_id=18"},"modified":"2025-06-12T19:38:47","modified_gmt":"2025-06-12T23:38:47","slug":"collective-agreement","status":"publish","type":"page","link":"https:\/\/www.cupfa.org\/fr_CA\/collective-agreement\/","title":{"rendered":"Convention Collective"},"content":{"rendered":"<p>La convention collective de l&#8217;APTPUC pour la p\u00e9riode 2023-2026 a \u00e9t\u00e9 sign\u00e9e le 30 mai 2025.<br \/>\nLe lien ci-dessous pr\u00e9sente la convention collective actuelle entre l\u2019Universit\u00e9 Concordia et L\u2019Association des professeures et professeurs \u00e0 temps partiel de l\u2019Universit\u00e9 Concordia.<\/p>\n<p><strong>Convention Collective de l\u2019APTPUC 2023-2026<\/strong> (actuelle)<br \/>\n\u00bb \u00a0<a href=\"\/documents\/20260530_CUPFA_CA_EN.pdf\">Te\u0301le\u0301charger<\/a><\/p>\n<p>R\u00e9sum\u00e9 des changements: convention collective 2023-26 (actuelle) compar\u00e9e \u00e0 la pr\u00e9c\u00e9dente.:<br \/>\n<a href=\"\/documents\/Changes-Collective-Agreement-2023-2026.pdf\">Te\u0301le\u0301charger<\/a><\/p>\n<p>R\u00e9sum\u00e9 des diapositives pr\u00e9sent\u00e9 \u00e0 la r\u00e9union de ratification avec les membres 2025.03.16 par l&#8217;APTPUC VP Griefs et convention collective et l&#8217;\u00e9quipe n\u00e9go, y compris les calculs du salaire r\u00e9troactif et les mises \u00e0 jour par rapport \u00e0 la convention 2021-23:<br \/>\n<a href=\"\/documents\/SGM--CUPFA%20Agreement%20in%20Principle%202023-2026.pptx\">[PPT ~4MB]<\/a><\/p>\n","protected":false},"excerpt":{"rendered":"<p>La convention collective de l&#8217;APTPUC pour la p\u00e9riode 2023-2026 a \u00e9t\u00e9 sign\u00e9e le 30 mai 2025.<br \/>\nLe lien ci-dessous pr\u00e9sente la convention collective actuelle entre l\u2019Universit\u00e9 Concordia et L\u2019Association des professeures et professeurs \u00e0 temps partiel d&#8230;<\/p>\n","protected":false},"author":13,"featured_media":0,"parent":0,"menu_order":3,"comment_status":"closed","ping_status":"closed","template":"","meta":{"footnotes":""},"class_list":["post-18","page","type-page","status-publish","hentry"],"_links":{"self":[{"href":"https:\/\/www.cupfa.org\/fr_CA\/wp-json\/wp\/v2\/pages\/18","targetHints":{"allow":["GET"]}}],"collection":[{"href":"https:\/\/www.cupfa.org\/fr_CA\/wp-json\/wp\/v2\/pages"}],"about":[{"href":"https:\/\/www.cupfa.org\/fr_CA\/wp-json\/wp\/v2\/types\/page"}],"author":[{"embeddable":true,"href":"https:\/\/www.cupfa.org\/fr_CA\/wp-json\/wp\/v2\/users\/13"}],"replies":[{"embeddable":true,"href":"https:\/\/www.cupfa.org\/fr_CA\/wp-json\/wp\/v2\/comments?post=18"}],"version-history":[{"count":39,"href":"https:\/\/www.cupfa.org\/fr_CA\/wp-json\/wp\/v2\/pages\/18\/revisions"}],"predecessor-version":[{"id":5205,"href":"https:\/\/www.cupfa.org\/fr_CA\/wp-json\/wp\/v2\/pages\/18\/revisions\/5205"}],"wp:attachment":[{"href":"https:\/\/www.cupfa.org\/fr_CA\/wp-json\/wp\/v2\/media?parent=18"}],"curies":[{"name":"wp","href":"https:\/\/api.w.org\/{rel}","templated":true}]}}