

{"id":20,"date":"2011-11-29T16:03:30","date_gmt":"2011-11-29T21:03:30","guid":{"rendered":"https:\/\/cupfa.org\/\/?page_id=20"},"modified":"2023-09-27T13:39:27","modified_gmt":"2023-09-27T17:39:27","slug":"forms","status":"publish","type":"page","link":"https:\/\/www.cupfa.org\/fr_CA\/forms\/","title":{"rendered":"Formulaires"},"content":{"rendered":"<p><a href=\"https:\/\/hub.concordia.ca\/carrefour\/services\/facilities\/safety\/incident-reporting.html\"><b>Signaler un incident en mati\u00e8re de sant\u00e9 et de s\u00e9curit\u00e9 &#8211; blessure ou presque-accident<\/b><\/a>: <span style=\"font-weight: 400;\">soumettre un rapport en ligne \u00e0 partir de cette page d&#8217;information sur la sant\u00e9 et la s\u00e9curit\u00e9 environnementale<\/span><\/p>\n<p><b>Consultez <\/b><a href=\"https:\/\/hub.concordia.ca\/carrefour\/services\/hr\/forms.html\"><b>Carrefour &gt; Formulaires<\/b><\/a> <span style=\"font-weight: 400;\">pour une liste des formulaires RH mis \u00e0 jour :<\/span><\/p>\n<ul>\n<li style=\"font-weight: 400;\" aria-level=\"1\"><span style=\"font-weight: 400;\">R\u00e9clamations en sant\u00e9<\/span><\/li>\n<li style=\"font-weight: 400;\" aria-level=\"1\"><span style=\"font-weight: 400;\">Assurance vie<\/span><\/li>\n<li style=\"font-weight: 400;\" aria-level=\"1\"><span style=\"font-weight: 400;\">Exemption de frais de scolarit\u00e9 (cours cr\u00e9dit\u00e9s \/ non cr\u00e9dit\u00e9s)<\/span><\/li>\n<li style=\"font-weight: 400;\" aria-level=\"1\"><span style=\"font-weight: 400;\">Informations sur la paie<\/span><\/li>\n<li style=\"font-weight: 400;\" aria-level=\"1\"><span style=\"font-weight: 400;\">R\u00e9gime de retraite<\/span><\/li>\n<li style=\"font-weight: 400;\" aria-level=\"1\"><span style=\"font-weight: 400;\">Lettres d&#8217;attestation<\/span><\/li>\n<li style=\"font-weight: 400;\" aria-level=\"1\"><span style=\"font-weight: 400;\">Plans REER et CELI<\/span><\/li>\n<li style=\"font-weight: 400;\" aria-level=\"1\"><span style=\"font-weight: 400;\">D\u00e9p\u00f4t direct : Consultez <\/span><a href=\"https:\/\/hub.concordia.ca\/carrefour\/account.html?category=personal\"><span style=\"font-weight: 400;\">My CU Account<\/span><\/a><span style=\"font-weight: 400;\"> &gt; Personal &gt; My HR<\/span><\/li>\n<li style=\"font-weight: 400;\" aria-level=\"1\"><span style=\"font-weight: 400;\">Et plus encore<\/span><\/li>\n<\/ul>\n<p><span style=\"font-weight: 400;\">Voir les d\u00e9tails actuels dans notre <\/span><a href=\"https:\/\/cupfa.org\/fr_CA\/collective-agreement\/\"><span style=\"font-weight: 400;\">convention collective<\/span><\/a><span style=\"font-weight: 400;\"> &#8211; n\u00b0 de page dans l&#8217;index:<\/span><\/p>\n<ul>\n<li>\u00c9ligibilit\u00e9 \u00e0 l&#8217;exemption de frais de scolarit\u00e9: <span style=\"font-weight: 400;\">article 19.03<\/span><\/li>\n<li>Formulaire de changement de classification &#8211; Boursi\u00e8res et boursiers postdoctoraux<span style=\"font-weight: 400;\"> : <\/span><span style=\"font-weight: 400;\">Annexe G-A<\/span><\/li>\n<li>Formulaire de changement de classification &#8211; Professeures et professeurs associ\u00e9s : <span style=\"font-weight: 400;\">Annexe G-B<\/span><\/li>\n<\/ul>\n<p><b>FORMULAIRES DE D\u00c9VELOPPEMENT PROFESSIONNEL APTPUC<\/b><\/p>\n<p><span style=\"font-weight: 400;\">Consultez <\/span><a href=\"\/fr_CA\/professional-development\/grants\/#forms\"><b>Grandes subventions<\/b><\/a><span style=\"font-weight: 400;\"> et pour voir les formulaires suivants :<\/span><\/p>\n<ul>\n<li><span style=\"font-weight: 400;\">Formulaire de demande de subvention &#8211; <\/span><b>Proposition<\/b><\/li>\n<li><span style=\"font-weight: 400;\">Budget propos\u00e9 <strong>Voyages<\/strong><\/span><\/li>\n<li><span style=\"font-weight: 400;\">Budget propos\u00e9 <strong>C<\/strong><\/span><b>onf\u00e9rences, ateliers, formations, etc.<\/b><\/li>\n<li><span style=\"font-weight: 400;\">Budget propos\u00e9 <strong>P<\/strong><\/span><b>r\u00e9paration d&#8217;art, de musique, etc.<\/b><\/li>\n<li><span style=\"font-weight: 400;\">Budget propos\u00e9 <strong>R<\/strong><\/span><b>echerche<\/b><\/li>\n<li><span style=\"font-weight: 400;\">Budget propos\u00e9 <strong>A<\/strong><\/span><b>utre <\/b><i><span style=\"font-weight: 400;\">(si les autres documents ne conviennent pas \u00e0 votre projet)<\/span><\/i><\/li>\n<\/ul>\n<p><span style=\"font-weight: 400;\">Consultez <\/span><a href=\"\/fr_CA\/professional-development\/small-claims\/#forms\"><b>Petites r\u00e9clamations<\/b><\/a><span style=\"font-weight: 400;\"> et cliquez sur le lien pour le formulaire suivant :<\/span><\/p>\n<ul>\n<li><span style=\"font-weight: 400;\"><strong>Formulaire de demande et d&#8217;estimation<\/strong> <\/span>(\u00c9tape 1 : sans re\u00e7us)<\/li>\n<\/ul>\n","protected":false},"excerpt":{"rendered":"<p><a href=\"https:\/\/hub.concordia.ca\/carrefour\/services\/facilities\/safety\/incident-reporting.html\"><b>Signaler un incident en mati\u00e8re de sant\u00e9 et de s\u00e9curit\u00e9 &#8211; blessure ou presque-accident<\/b><\/a>: <span style=\"font-weight: 400;\">soumettre un rapport en&#8230;<\/p>\n","protected":false},"author":13,"featured_media":0,"parent":0,"menu_order":0,"comment_status":"closed","ping_status":"closed","template":"","meta":{"footnotes":""},"class_list":["post-20","page","type-page","status-publish","hentry"],"_links":{"self":[{"href":"https:\/\/www.cupfa.org\/fr_CA\/wp-json\/wp\/v2\/pages\/20","targetHints":{"allow":["GET"]}}],"collection":[{"href":"https:\/\/www.cupfa.org\/fr_CA\/wp-json\/wp\/v2\/pages"}],"about":[{"href":"https:\/\/www.cupfa.org\/fr_CA\/wp-json\/wp\/v2\/types\/page"}],"author":[{"embeddable":true,"href":"https:\/\/www.cupfa.org\/fr_CA\/wp-json\/wp\/v2\/users\/13"}],"replies":[{"embeddable":true,"href":"https:\/\/www.cupfa.org\/fr_CA\/wp-json\/wp\/v2\/comments?post=20"}],"version-history":[{"count":123,"href":"https:\/\/www.cupfa.org\/fr_CA\/wp-json\/wp\/v2\/pages\/20\/revisions"}],"predecessor-version":[{"id":6706,"href":"https:\/\/www.cupfa.org\/fr_CA\/wp-json\/wp\/v2\/pages\/20\/revisions\/6706"}],"wp:attachment":[{"href":"https:\/\/www.cupfa.org\/fr_CA\/wp-json\/wp\/v2\/media?parent=20"}],"curies":[{"name":"wp","href":"https:\/\/api.w.org\/{rel}","templated":true}]}}