

{"id":22,"date":"2011-11-29T16:04:06","date_gmt":"2011-11-29T21:04:06","guid":{"rendered":"https:\/\/cupfa.org\/\/?page_id=22"},"modified":"2024-07-31T23:40:46","modified_gmt":"2024-08-01T03:40:46","slug":"new-member","status":"publish","type":"page","link":"https:\/\/www.cupfa.org\/fr_CA\/new-member\/","title":{"rendered":"Nouveaux Membres"},"content":{"rendered":"<p>L&#8217;APTPUC organise une s\u00e9ance d&#8217;orientation annuelle pour mettre l&#8217;accent sur nos nouveaux coll\u00e8gues, partager des id\u00e9es et offrir un soutien continu en vue d&#8217;une exp\u00e9rience positive \u00e0 Concordia. En plus de rencontrer l&#8217;\u00e9quipe ex\u00e9cutive du syndicat, des sujets utiles tels que les droits et les avantages sociaux, les possibilit\u00e9s de perfectionnement professionnel et les ressources cl\u00e9s pour soutenir l&#8217;enseignement sont pr\u00e9sent\u00e9s dans un cadre informel o\u00f9 tout autre sujet d&#8217;int\u00e9r\u00eat ou les besoins et pr\u00e9occupations individuels peuvent \u00eatre discut\u00e9s.<\/p>\n<p>Nous vous invitons \u00e0 contacter Info CUPFA ou n&#8217;importe quel membre de l&#8217;ex\u00e9cutif pour obtenir un soutien suppl\u00e9mentaire \u00e0 tout moment. Au nom de nos coll\u00e8gues professeurs \u00e0 temps partiel, nous vous souhaitons la bienvenue !<\/p>\n<p><span style=\"font-weight: 400;\">&#8220;Getting Started&#8221; (ci-dessous) r\u00e9sume des informations et points de contact pour les nouveaux membres; veuillez consulter les autres pages de notre site web pour plus de ressources.<\/span><\/p>\n<ul>\n<li><a href=\"https:\/\/www.cupfa.org\/wp-content\/uploads\/2024\/07\/Debuter-a-Concordia-24-1.pdf\">D\u00e9buter \u00e0 Concordia<\/a><\/li>\n<\/ul>\n<p>Plus d&#8217;information est disponible dans la section &#8220;Carrefour&#8221; du site web de Concordia. Une fois connect\u00e9, cliqu\u00e9 sur Carrefour &gt; Services and Resources &gt; Faculty &gt; <a href=\"https:\/\/hub.concordia.ca\/carrefour\/services\/faculty\/part-time-faculty.html\">Part-time Faculty<\/a> (uniquement en anglais).<\/p>\n","protected":false},"excerpt":{"rendered":"<p>L&#8217;APTPUC organise une s\u00e9ance d&#8217;orientation annuelle pour mettre l&#8217;accent sur nos nouveaux coll\u00e8gues, partager des id\u00e9es et offrir un soutien continu en vue d&#8217;une exp\u00e9rience positive \u00e0 Concordia. En plus de rencontrer l&#8217;\u00e9quipe ex\u00e9cutive du syndicat, d&#8230;<\/p>\n","protected":false},"author":13,"featured_media":0,"parent":0,"menu_order":0,"comment_status":"closed","ping_status":"closed","template":"","meta":{"footnotes":""},"class_list":["post-22","page","type-page","status-publish","hentry"],"_links":{"self":[{"href":"https:\/\/www.cupfa.org\/fr_CA\/wp-json\/wp\/v2\/pages\/22","targetHints":{"allow":["GET"]}}],"collection":[{"href":"https:\/\/www.cupfa.org\/fr_CA\/wp-json\/wp\/v2\/pages"}],"about":[{"href":"https:\/\/www.cupfa.org\/fr_CA\/wp-json\/wp\/v2\/types\/page"}],"author":[{"embeddable":true,"href":"https:\/\/www.cupfa.org\/fr_CA\/wp-json\/wp\/v2\/users\/13"}],"replies":[{"embeddable":true,"href":"https:\/\/www.cupfa.org\/fr_CA\/wp-json\/wp\/v2\/comments?post=22"}],"version-history":[{"count":52,"href":"https:\/\/www.cupfa.org\/fr_CA\/wp-json\/wp\/v2\/pages\/22\/revisions"}],"predecessor-version":[{"id":7189,"href":"https:\/\/www.cupfa.org\/fr_CA\/wp-json\/wp\/v2\/pages\/22\/revisions\/7189"}],"wp:attachment":[{"href":"https:\/\/www.cupfa.org\/fr_CA\/wp-json\/wp\/v2\/media?parent=22"}],"curies":[{"name":"wp","href":"https:\/\/api.w.org\/{rel}","templated":true}]}}