

{"id":24,"date":"2011-11-29T16:04:49","date_gmt":"2011-11-29T21:04:49","guid":{"rendered":"https:\/\/cupfa.org\/\/?page_id=24"},"modified":"2023-09-29T14:59:42","modified_gmt":"2023-09-29T18:59:42","slug":"contact","status":"publish","type":"page","link":"https:\/\/www.cupfa.org\/fr_CA\/about\/contact\/","title":{"rendered":"Nous joindre"},"content":{"rendered":"<p style=\"text-align: center;\"><strong>N&#8217;h\u00e9sitez pas \u00e0 contacter <a href=\"mailto:info@aptpuc.org\">Info APTPUC<\/a> pour toute question ou pr\u00e9occupation, notre administratrice de bureau, Karen Taillon, vous assistera rapidement.<\/strong><\/p>\n<p>Les membres de l&#8217;APTPUC et le personnel travaillent pour l&#8217;Association selon des horaires \u00e9tendus, \u00e0 distance et au bureau de l&#8217;APTPUC, afin de maintenir le plus haut niveau de service aux membres. Les r\u00e9unions en personne traditionnelles et les interactions sont combin\u00e9es avec des m\u00e9thodes de communication virtuelle pour offrir aux membres plus d&#8217;opportunit\u00e9s de participation.<\/p>\n<p>Les membres de l&#8217;APTPUC ont r\u00e9pondu favorablement \u00e0 la visioconf\u00e9rence, \u00e0 plus de communication par courriel, aux conversations t\u00e9l\u00e9phoniques, etc. et sont encourag\u00e9s \u00e0 maintenir un contact ouvert avec les membres de la direction pour poser des questions, faire des suggestions, en savoir plus sur les services disponibles ou demander le soutien dont ils pourraient avoir besoin.<\/p>\n<hr \/>\n<p><span style=\"font-weight: 400;\"><a href=\"mailto:info@aptpuc.org\"><b>Le courriel<\/b><\/a> est l&#8217;option la plus efficace, mais vous pouvez laisser des messages vocaux au 514-848-2424, poste 3691<\/span><\/p>\n<p><b>Les bureaux de l&#8217;APTPUC<\/b><span style=\"font-weight: 400;\"> sont situ\u00e9s au <\/span><b>1538, rue Sherbrooke Ouest, \u00e0 l&#8217;angle de la rue Guy, H3G 1L5<\/b><span style=\"font-weight: 400;\">. Entrez et prenez l&#8217;ascenseur jusqu&#8217;au 5e \u00e9tage, o\u00f9 vous verrez la porte et la sonnette de <\/span><b>GS 510<\/b><span style=\"font-weight: 400;\">.<\/span><\/p>\n<p><b>Heures d&#8217;ouverture<\/b><span style=\"font-weight: 400;\"> &#8211; actuellement sur rendez-vous<\/span><\/p>\n<p><b>Jours f\u00e9ri\u00e9s<\/b><span style=\"font-weight: 400;\"> \u2013 Le bureau est ferm\u00e9 pendant les fermetures de l&#8217;universit\u00e9, mais les services de l&#8217;APTPUC restent disponibles en tout temps.\u00a0\u00a0\u00a0\u00a0\u00a0\u00a0\u00a0\u00a0\u00a0\u00a0\u00a0\u00a0\u00a0\u00a0\u00a0\u00a0\u00a0\u00a0\u00a0\u00a0\u00a0\u00a0\u00a0\u00a0\u00a0\u00a0\u00a0\u00a0\u00a0\u00a0\u00a0\u00a0\u00a0\u00a0\u00a0\u00a0\u00a0<\/span><\/p>\n<p><b>La Clinique de griefs<\/b><span style=\"font-weight: 400;\"> \u2013 Sur rendez-vous, contactez <\/span><a href=\"mailto:info@aptpuc.org\"><span style=\"font-weight: 400;\">Info APTPUC<\/span><\/a><span style=\"font-weight: 400;\"> ou <\/span><a href=\"mailto:griefs@aptpuc.org\"><span style=\"font-weight: 400;\">Griefs<\/span><\/a><span style=\"font-weight: 400;\">. \u00a0 \u00a0 \u00a0 \u00a0 \u00a0 <\/span><\/p>\n<p><b>Adresse postale :<br \/>\n<\/b><\/p>\n<p><span style=\"font-weight: 400;\">APTPUC<br \/>\n<\/span><span style=\"font-weight: 400;\">1455, boul. de Maisonneuve Ouest, Annexe GS-510<br \/>\n<\/span><span style=\"font-weight: 400;\">Montr\u00e9al, Qu\u00e9bec\u00a0 H3G 1M8<\/span><\/p>\n<p style=\"text-align: center;\"><span style=\"font-weight: 400;\">Si vous avez des commentaires ou des questions concernant le site web de l&#8217;APTPUC, veuillez nous le faire savoir.<\/span><\/p>\n<p style=\"padding-left: 30px;\"><iframe loading=\"lazy\" style=\"border: 0;\" src=\"https:\/\/www.google.com\/maps\/embed?pb=!1m14!1m8!1m3!1d5593.342552395699!2d-73.581095!3d45.496564!3m2!1i1024!2i768!4f13.1!3m3!1m2!1s0x4cc91a6ac1818219%3A0x5f21df911b4469d!2s1538%20Rue%20Sherbrooke%20O%2C%20Montr%C3%A9al%2C%20QC%20H3H%202L9!5e0!3m2!1sfr!2sca!4v1695066102127!5m2!1sfr!2sca\" width=\"600\" height=\"450\" allowfullscreen=\"allowfullscreen\"><\/iframe><br \/>\n<small><\/small><\/p>\n","protected":false},"excerpt":{"rendered":"<p style=\"text-align: center;\"><strong>N&#8217;h\u00e9sitez pas \u00e0 contacter <a href=\"mailto:info@aptpuc.org\">Info APTPUC<\/a> pour toute question ou pr\u00e9occupation, notre administratrice de bureau, Karen Taillon, vous assistera rapidement.<\/strong><\/p>\n<p>Les membr&#8230;<\/p>\n","protected":false},"author":13,"featured_media":0,"parent":14,"menu_order":0,"comment_status":"closed","ping_status":"closed","template":"","meta":{"footnotes":""},"class_list":["post-24","page","type-page","status-publish","hentry"],"_links":{"self":[{"href":"https:\/\/www.cupfa.org\/fr_CA\/wp-json\/wp\/v2\/pages\/24","targetHints":{"allow":["GET"]}}],"collection":[{"href":"https:\/\/www.cupfa.org\/fr_CA\/wp-json\/wp\/v2\/pages"}],"about":[{"href":"https:\/\/www.cupfa.org\/fr_CA\/wp-json\/wp\/v2\/types\/page"}],"author":[{"embeddable":true,"href":"https:\/\/www.cupfa.org\/fr_CA\/wp-json\/wp\/v2\/users\/13"}],"replies":[{"embeddable":true,"href":"https:\/\/www.cupfa.org\/fr_CA\/wp-json\/wp\/v2\/comments?post=24"}],"version-history":[{"count":12,"href":"https:\/\/www.cupfa.org\/fr_CA\/wp-json\/wp\/v2\/pages\/24\/revisions"}],"predecessor-version":[{"id":6781,"href":"https:\/\/www.cupfa.org\/fr_CA\/wp-json\/wp\/v2\/pages\/24\/revisions\/6781"}],"up":[{"embeddable":true,"href":"https:\/\/www.cupfa.org\/fr_CA\/wp-json\/wp\/v2\/pages\/14"}],"wp:attachment":[{"href":"https:\/\/www.cupfa.org\/fr_CA\/wp-json\/wp\/v2\/media?parent=24"}],"curies":[{"name":"wp","href":"https:\/\/api.w.org\/{rel}","templated":true}]}}