

{"id":292,"date":"2012-02-03T11:20:17","date_gmt":"2012-02-03T16:20:17","guid":{"rendered":"https:\/\/cupfa.org\/\/?page_id=292"},"modified":"2024-01-31T11:34:49","modified_gmt":"2024-01-31T16:34:49","slug":"concordia-resources","status":"publish","type":"page","link":"https:\/\/www.cupfa.org\/fr_CA\/concordia-resources\/","title":{"rendered":"Services universitaires"},"content":{"rendered":"<p><b>Voir les liens ci-dessous pour les d\u00e9tails et les coordonn\u00e9es :<\/b><\/p>\n<ul>\n<li><a href=\"https:\/\/www.concordia.ca\/campus-life\/security\/contact.html\"><b>Contacter la S\u00e9curit\u00e9 du campus<\/b><\/a> &#8211; 514 848-3717<\/li>\n<li><a href=\"https:\/\/hub.concordia.ca\/carrefour.html\"><b>Universit\u00e9 Concordia &#8211; Carrefour<\/b><\/a> \/ <b>Mon compte CU<\/b> (anciennement <i>myconcordia<\/i>) &#8211; informations pour les professeurs et les employ\u00e9s, services.<\/li>\n<li><a href=\"https:\/\/www.concordia.ca\/ctl.html\"><b>Centre for Teaching and Learning (CTL)<\/b><\/a> &#8211; Ressources p\u00e9dagogiques : \u00e9valuation, planification des cours, Moodle, etc.<\/li>\n<li><a href=\"https:\/\/www.concordia.ca\/it.html\"><b>Services informatiques<\/b><\/a> &#8211; IITS : Services de technologie de l&#8217;information et de l&#8217;enseignement (salles de classe, formation, logiciels, etc).<\/li>\n<li><a href=\"https:\/\/www.concordia.ca\/health\/mental-health\/counselling.html\"><b>Services de counseling et de psychologie<\/b><\/a> &#8211; Rendez-vous virtuels et en personne.<\/li>\n<li><a href=\"https:\/\/www.concordia.ca\/hr\/benefits\/eap.html\"><b>Programme d&#8217;aide aux employ\u00e9(e)s<\/b><\/a> &#8211; Services en anglais et en fran\u00e7ais, 24 heures par jour, 7 jours par semaine.<\/li>\n<li><a href=\"https:\/\/www.concordia.ca\/campus-life\/safety.html\"><b>Sant\u00e9 et s\u00e9curit\u00e9 environnementale<\/b><\/a><\/li>\n<li><a href=\"https:\/\/www.concordia.ca\/hr.html\"><b>Ressources humaines<\/b><\/a> &#8211; Cartes d&#8217;identit\u00e9, formulaires d&#8217;assurance maladie, paie, avantages, etc.<\/li>\n<li><a href=\"https:\/\/www.concordia.ca\/hr\/benefits\/pension.html\"><strong>Plan de retraite de Concordia<\/strong><\/a> &#8211; (voir aussi les informations sur la <a href=\"https:\/\/cupfa.org\/en_US\/publications\/pension-information\/\">retraite de l&#8217;APTPUC<\/a>)<\/li>\n<li><a href=\"https:\/\/www.concordia.ca\/health.html\"><b>Sant\u00e9 et bien-\u00eatre<\/b><\/a> &#8211; Sant\u00e9 m\u00e9dicale et mentale, mode de vie sain, services sans rendez-vous, etc.<\/li>\n<li><a href=\"https:\/\/www.concordia.ca\/fr\/accessibilite.html\"><strong>Carrefour d&#8217;Accessibilit\u00e9<\/strong><\/a> &#8211; services, ressources, renseignements concernant les mesures d\u2019accessibilit\u00e9 offertes sur le campus aux personnes ayant un handicap<\/li>\n<li><a href=\"https:\/\/www.concordia.ca\/students\/accessibility.html\"><b>Centre d&#8217;acc\u00e8s pour les \u00e9tudiants en situation de handicap<\/b><\/a> &#8211; Inscription, am\u00e9nagements, informations, etc.<\/li>\n<li><a href=\"https:\/\/www.concordia.ca\/conduct\/behavioural-integrity\/rights-responsibilities.html\"><b>Bureau des droits et des obligations<\/b><\/a> &#8211; Services confidentiels et impartiaux concernant toute pr\u00e9occupation li\u00e9e au comportement.<\/li>\n<li><a href=\"https:\/\/www.concordia.ca\/offices\/ombuds.html\"><b>Bureau de l&#8217;ombudsman<\/b><\/a> &#8211; Politiques, proc\u00e9dures, \u00e9quit\u00e9.<\/li>\n<li><a href=\"https:\/\/www.bkstr.com\/concordiastore\/shop\/textbooks-and-course-materials\"><b>Manuels, nouveaux, d&#8217;occasion, \u00e0 louer et num\u00e9riques<\/b><\/a><\/li>\n<li><a href=\"https:\/\/www.concordia.ca\/print\/store.html\"><b>The Print Store<\/b><\/a> &#8211; Copie, plastification, reliure, cartes, etc.<\/li>\n<li><a href=\"https:\/\/www.co-opbookstore.ca\/\"><b>Concordia Community Solidarity Co-op Bookstore<\/b><\/a><\/li>\n<li><a href=\"https:\/\/www.bkstr.com\/concordiastore\/search\/keyword\/art%2520supplies\"><b>Magasin de fournitures artistiques<\/b><\/a><\/li>\n<li><a href=\"https:\/\/www.concordia.ca\/about\/sustainability\/sustainability-initiatives\/food.html\"><b>Alimentation<\/b><\/a> &#8211; Initiatives alimentaires durables des \u00e9tudiants.<\/li>\n<li><a href=\"https:\/\/www.concordia.ca\/students\/spirituality.html\"><b>Centre multiconfessionnel et de spiritualit\u00e9<\/b><\/a><\/li>\n<li><a href=\"https:\/\/www.concordia.ca\/campus-life\/recreation\/facilities\/le-gym.html\"><b>Le Gym, le centre de conditionnement physique de Concordia<\/b><\/a><\/li>\n<li><a href=\"https:\/\/www.concordia.ca\/research\/perform.html\"><b>Centre PERFORM &#8211; Loyola<\/b><\/a><\/li>\n<li><a href=\"https:\/\/spectrum.library.concordia.ca\/\"><b>Spectrum Open Access Research Repository<\/b><\/a><\/li>\n<li><a href=\"https:\/\/www.concordia.ca\/library\/oer.html\"><strong>Ressources p\u00e9dagogiques libres<\/strong> &#8211; subventions pour le d\u00e9veloppement de manuels, ressources, etc.<\/a><\/li>\n<\/ul>\n","protected":false},"excerpt":{"rendered":"<p><b>Voir les liens ci-dessous pour les d\u00e9tails et les coordonn\u00e9es :<\/b><\/p>\n<ul>\n<li><a href=\"https:\/\/www.concordia.ca\/campus-life\/security\/contact.html\"><b>Contacter la S\u00e9curit\u00e9 du campus<\/b><\/a> &#8211; 514 848-3717<\/li>\n<li><a href=\"https:\/\/hub.concor... \n<br \/>\n","protected":false},"author":13,"featured_media":0,"parent":0,"menu_order":0,"comment_status":"closed","ping_status":"closed","template":"","meta":{"footnotes":""},"class_list":["post-292","page","type-page","status-publish","hentry"],"_links":{"self":[{"href":"https:\/\/www.cupfa.org\/fr_CA\/wp-json\/wp\/v2\/pages\/292","targetHints":{"allow":["GET"]}}],"collection":[{"href":"https:\/\/www.cupfa.org\/fr_CA\/wp-json\/wp\/v2\/pages"}],"about":[{"href":"https:\/\/www.cupfa.org\/fr_CA\/wp-json\/wp\/v2\/types\/page"}],"author":[{"embeddable":true,"href":"https:\/\/www.cupfa.org\/fr_CA\/wp-json\/wp\/v2\/users\/13"}],"replies":[{"embeddable":true,"href":"https:\/\/www.cupfa.org\/fr_CA\/wp-json\/wp\/v2\/comments?post=292"}],"version-history":[{"count":36,"href":"https:\/\/www.cupfa.org\/fr_CA\/wp-json\/wp\/v2\/pages\/292\/revisions"}],"predecessor-version":[{"id":6942,"href":"https:\/\/www.cupfa.org\/fr_CA\/wp-json\/wp\/v2\/pages\/292\/revisions\/6942"}],"wp:attachment":[{"href":"https:\/\/www.cupfa.org\/fr_CA\/wp-json\/wp\/v2\/media?parent=292"}],"curies":[{"name":"wp","href":"https:\/\/api.w.org\/{rel}","templated":true}]}}