

{"id":2952,"date":"2017-01-25T03:30:46","date_gmt":"2017-01-25T08:30:46","guid":{"rendered":"https:\/\/cupfa.org\/?page_id=2952"},"modified":"2025-09-18T15:48:58","modified_gmt":"2025-09-18T19:48:58","slug":"grant-reports","status":"publish","type":"page","link":"https:\/\/www.cupfa.org\/fr_CA\/professional-development\/grant-reports\/","title":{"rendered":"Rapports et D\u00e9penses"},"content":{"rendered":"<p><span style=\"font-weight: 400;\">Les grandes subventions de perfectionnement professionnel sont demand\u00e9es et approuv\u00e9es conform\u00e9ment aux lignes directrices et aux crit\u00e8res sp\u00e9cifi\u00e9s dans la convention collective de l&#8217;APTPUC et administr\u00e9es par un comit\u00e9 de perfectionnement professionnel mixte syndicat\/employeur. Dans le cadre de ce processus, les b\u00e9n\u00e9ficiaires de grandes subventions doivent soumettre des rapports \u00e9crits \u00e0 l&#8217;issue du projet.<\/span><\/p>\n<p><b>Les rapports sur les grandes subventions de perfectionnement professionnel<\/b><span style=\"font-weight: 400;\"> doivent \u00eatre soumis \u00e0 <\/span><a href=\"mailto:pdgrants@cupfa.org\"><span style=\"font-weight: 400;\">pdgrants@cupfa.org<\/span><\/a><span style=\"font-weight: 400;\"> et contenir les informations suivantes :<\/span><\/p>\n<p><b>*<\/b> <a href=\"https:\/\/cupfa.org\/documents\/pd\/epd\/04_CUPFA_PD.pdf\"><b>Utilisez cet exemple<\/b><\/a> <b>de description de votre projet:<\/b><\/p>\n<ol>\n<li style=\"font-weight: 400;\" aria-level=\"1\"><span style=\"font-weight: 400;\">Nom et dipl\u00f4me(s) universitaire(s) :<\/span><\/li>\n<li style=\"font-weight: 400;\" aria-level=\"1\"><span style=\"font-weight: 400;\">D\u00e9partement :<\/span><\/li>\n<li style=\"font-weight: 400;\" aria-level=\"1\"><span style=\"font-weight: 400;\">Une description d&#8217;un paragraphe (~300 mots) de votre projet en utilisant une narration \u00e0 la troisi\u00e8me personne (il a \u00e9crit \/ elle a cr\u00e9\u00e9).<\/span><\/li>\n<li style=\"font-weight: 400;\" aria-level=\"1\"><span style=\"font-weight: 400;\">Une courte biographie (100 mots) et une photographie (de pr\u00e9f\u00e9rence une photo professionnelle).<\/span><\/li>\n<li style=\"font-weight: 400;\" aria-level=\"1\"><span style=\"font-weight: 400;\">Une photographie qui refl\u00e8te le mieux votre exp\u00e9rience en mati\u00e8re de subvention.<\/span><\/li>\n<\/ol>\n<p><span style=\"font-weight: 400;\">Les rapports de d\u00e9penses pour les subventions du DP sont g\u00e9r\u00e9s par le syst\u00e8me UNITY de Concordia :<\/span><\/p>\n<ul>\n<li style=\"font-weight: 400;\" aria-level=\"1\"><span style=\"font-weight: 400;\">Le Centre de soutien UNITY de Concordia propose des <\/span><a href=\"https:\/\/outlook.office365.com\/owa\/calendar\/CommUNITYSupportCentre@liveconcordia.onmicrosoft.com\/bookings\/\"><span style=\"font-weight: 400;\">rendez-vous individuels <\/span><\/a><span style=\"font-weight: 400;\">pour obtenir de l&#8217;aide en ligne sur les notes de frais (Concur).<\/span><\/li>\n<li><span style=\"font-weight: 400;\">La mise \u00e0 jour du <\/span><a href=\"https:\/\/hub.concordia.ca\/content\/dam\/cspace\/services\/financial\/docs\/Procurement_Handbook.pdf\"><span style=\"font-weight: 400;\">Travel &amp; Conference Handbook<\/span><\/a><span style=\"font-weight: 400;\"> de Concordia avec les nouveaux processus de gestion des notes de frais dans UNITY My Expense Reports (SAP Concur) est list\u00e9e avec d&#8217;autres ressources utiles dans Carrefour &gt; Resources and Services &gt; Financial Services &gt; Policies &amp; Guidelines.<\/span><\/li>\n<\/ul>\n","protected":false},"excerpt":{"rendered":"<p><span style=\"font-weight: 400;\">Les grandes subventions de perfectionnement professionnel sont demand\u00e9es et approuv\u00e9es conform\u00e9ment aux lignes directrices et aux crit\u00e8res sp\u00e9cifi\u00e9s dans la convention collective de l&#8217;APTPUC et administr\u00e9es par un comi&#8230;<\/p>\n","protected":false},"author":13,"featured_media":0,"parent":1324,"menu_order":5,"comment_status":"closed","ping_status":"closed","template":"","meta":{"footnotes":""},"class_list":["post-2952","page","type-page","status-publish","hentry"],"_links":{"self":[{"href":"https:\/\/www.cupfa.org\/fr_CA\/wp-json\/wp\/v2\/pages\/2952","targetHints":{"allow":["GET"]}}],"collection":[{"href":"https:\/\/www.cupfa.org\/fr_CA\/wp-json\/wp\/v2\/pages"}],"about":[{"href":"https:\/\/www.cupfa.org\/fr_CA\/wp-json\/wp\/v2\/types\/page"}],"author":[{"embeddable":true,"href":"https:\/\/www.cupfa.org\/fr_CA\/wp-json\/wp\/v2\/users\/13"}],"replies":[{"embeddable":true,"href":"https:\/\/www.cupfa.org\/fr_CA\/wp-json\/wp\/v2\/comments?post=2952"}],"version-history":[{"count":29,"href":"https:\/\/www.cupfa.org\/fr_CA\/wp-json\/wp\/v2\/pages\/2952\/revisions"}],"predecessor-version":[{"id":7337,"href":"https:\/\/www.cupfa.org\/fr_CA\/wp-json\/wp\/v2\/pages\/2952\/revisions\/7337"}],"up":[{"embeddable":true,"href":"https:\/\/www.cupfa.org\/fr_CA\/wp-json\/wp\/v2\/pages\/1324"}],"wp:attachment":[{"href":"https:\/\/www.cupfa.org\/fr_CA\/wp-json\/wp\/v2\/media?parent=2952"}],"curies":[{"name":"wp","href":"https:\/\/api.w.org\/{rel}","templated":true}]}}