

{"id":3704,"date":"2018-03-22T00:01:36","date_gmt":"2018-03-22T04:01:36","guid":{"rendered":"https:\/\/cupfa.org\/?page_id=3704"},"modified":"2026-01-23T17:29:42","modified_gmt":"2026-01-23T22:29:42","slug":"grant-recipients","status":"publish","type":"page","link":"https:\/\/www.cupfa.org\/fr_CA\/professional-development\/grant-recipients\/","title":{"rendered":"R\u00e9cipiendaires de subventions"},"content":{"rendered":"<p><span style=\"font-weight: 400;\">Les tableaux ci-dessous fournissent un aper\u00e7u des <\/span><b>grands projets de subvention<\/b><span style=\"font-weight: 400;\"> et des r\u00e9cipiendaires approuv\u00e9s par le comit\u00e9 conjoint de d\u00e9veloppement professionnel syndicat\/patronat pour chaque p\u00e9riode de distribution.<\/span><\/p>\n<p>Les b\u00e9n\u00e9ficiaires de subventions doivent soumettre un rapport d\u00e9taill\u00e9 sur leurs projets et leur financement. Les projets sont illustr\u00e9s dans la sous-section &#8220;<strong>Projets eDP<\/strong>&#8221; et les d\u00e9tails des rapports figurent dans la section &#8220;<strong>Rapports et d\u00e9penses<\/strong>&#8220;.<\/p>\n<p>Des informations plus d\u00e9taill\u00e9es sur les Grandes subventions et les Petites demandes du DP figurent dans les rapports annuels de l&#8217;APTPUC, examin\u00e9s et approuv\u00e9s lors de l&#8217;assembl\u00e9e g\u00e9n\u00e9rale annuelle de l&#8217;association, qui se tient en mars de chaque ann\u00e9e.<\/p>\n<p><strong>2026:<\/strong><\/p>\n<p><a href=\"\/documents\/pd\/LargeGrants\/2026_01.pdf\">Jan. 2026 Subventions de recherche<\/a><\/p>\n<p><strong>2025:<\/strong><\/p>\n<p><a href=\"\/documents\/pd\/LargeGrants\/2025_10.pdf\">Oct. 2025 Grandes subventions<\/a><\/p>\n<p><a href=\"\/documents\/pd\/LargeGrants\/2025_04.pdf\">Avr. 2025 Grandes subventions<\/a><\/p>\n<p><a href=\"\/documents\/pd\/LargeGrants\/2025_01.pdf\">Jan. 2025 Grandes subventions<\/a><\/p>\n<p><strong>2024:<\/strong><\/p>\n<p><a href=\"\/documents\/pd\/LargeGrants\/2024_10.pdf\">Oct. 2024 Grandes subventions<\/a><\/p>\n<p><a href=\"\/documents\/pd\/LargeGrants\/2024_04.pdf\">Avr. 2024 Grandes subventions<\/a><\/p>\n<p><a href=\"\/documents\/pd\/LargeGrants\/2024_01.pdf\">Jan. 2024 Grandes subventions<\/a><\/p>\n<p><strong>2023:<\/strong><\/p>\n<p><a href=\"\/documents\/pd\/LargeGrants\/2023_10.pdf\">Oct. 2023 Grandes subventions<\/a><\/p>\n<p><a href=\"\/documents\/pd\/LargeGrants\/2023_04.pdf\">Avr. 2023 Grandes subventions<\/a><\/p>\n<p><a href=\"\/documents\/pd\/LargeGrants\/2023_01.pdf\">Jan. 2023 Grandes subventions<\/a><\/p>\n<p><strong>2022:<\/strong><\/p>\n<p><a href=\"\/documents\/pd\/LargeGrants\/2022_10.pdf\">Oct. 2022 Grandes subventions<\/a><\/p>\n<p><a href=\"\/documents\/pd\/LargeGrants\/2022_04.pdf\">Avr. 2022 Grandes subventions<\/a><\/p>\n<p><a href=\"\/documents\/pd\/LargeGrants\/2022_01.pdf\">Jan. 2022 Grand<\/a><a href=\"\/documents\/pd\/LargeGrants\/2023_04.pdf\">es subventions<\/a><\/p>\n<p><strong>2021:<\/strong><\/p>\n<p><a href=\"\/documents\/pd\/LargeGrants\/2021_10.pdf\">Oct. 2021 Grand<\/a><a href=\"\/documents\/pd\/LargeGrants\/2023_04.pdf\">es subventions<\/a><\/p>\n<p><a href=\"\/documents\/pd\/LargeGrants\/2021_04.pdf\">Avr. 2021 Grand<\/a><a href=\"\/documents\/pd\/LargeGrants\/2023_04.pdf\">es subventions<\/a><\/p>\n<p><a href=\"\/documents\/pd\/LargeGrants\/2021_01.pdf\">Jan. 2021 Grand<\/a><a href=\"\/documents\/pd\/LargeGrants\/2023_04.pdf\">es subventions<\/a><\/p>\n<p><strong>2020:<\/strong><\/p>\n<p><a href=\"\/documents\/pd\/LargeGrants\/2020_10.pdf\">Oct. 2020 Grand<\/a><a href=\"\/documents\/pd\/LargeGrants\/2023_04.pdf\">es subventions<\/a><\/p>\n<p><a href=\"\/documents\/pd\/LargeGrants\/2020_04.pdf\">Avr. 2020 Grand<\/a><a href=\"\/documents\/pd\/LargeGrants\/2023_04.pdf\">es subventions<\/a><\/p>\n<p><a href=\"\/wp-content\/uploads\/2020\/02\/January-2020-PD-Large-Grants.pdf\">R\u00e9cipiendaires de grandes subventions janvier 2020<\/a><\/p>\n<p><strong>2019:<\/strong><\/p>\n<p><a href=\"\/wp-content\/uploads\/2020\/01\/Oct2019_Report.pdf\">R\u00e9cipiendaires de grandes subventions octobre 2019<\/a><\/p>\n<p><a href=\"\/wp-content\/uploads\/2020\/01\/April-2019-PD-Recipients.pdf\">R\u00e9cipiendaires de grandes subventions avril 2019<\/a><\/p>\n<p><strong>2018 :<\/strong><\/p>\n<p><a href=\"\/wp-content\/uploads\/2019\/05\/AnnualReportsPDLargeGrants.pdf\">R\u00e9cipiendaires de grandes subventions avril 2018 \u00e0 janvier 2019<\/a><\/p>\n<p><a href=\"\/wp-content\/uploads\/2018\/03\/Jan2018-PDLgGrants.pdf\">R\u00e9cipiendaires de grandes subventions janvier 2018<\/a><\/p>\n<p><strong>2017:<\/strong><\/p>\n<p><a href=\"\/wp-content\/uploads\/2018\/03\/Oct2017-PDLgGrants.pdf\">R\u00e9cipiendaires de grandes subventions octobre 2017<\/a><\/p>\n<p><a href=\"\/wp-content\/uploads\/2018\/03\/April-2017-PDLgGrants.pdf\">R\u00e9cipiendaires de grandes subventions avril 2017<\/a><\/p>\n","protected":false},"excerpt":{"rendered":"<p><span style=\"font-weight: 400;\">Les tableaux ci-dessous fournissent un aper\u00e7u des <\/span><b>grands projets de subvention<\/b><span style=\"font-weight: 400;\"> et des r\u00e9cipiendaires approuv\u00e9s par le comit\u00e9 conjoint de d\u00e9veloppement professionnel syndica&#8230;<\/p>\n","protected":false},"author":13,"featured_media":0,"parent":1324,"menu_order":6,"comment_status":"closed","ping_status":"closed","template":"","meta":{"footnotes":""},"class_list":["post-3704","page","type-page","status-publish","hentry"],"_links":{"self":[{"href":"https:\/\/www.cupfa.org\/fr_CA\/wp-json\/wp\/v2\/pages\/3704","targetHints":{"allow":["GET"]}}],"collection":[{"href":"https:\/\/www.cupfa.org\/fr_CA\/wp-json\/wp\/v2\/pages"}],"about":[{"href":"https:\/\/www.cupfa.org\/fr_CA\/wp-json\/wp\/v2\/types\/page"}],"author":[{"embeddable":true,"href":"https:\/\/www.cupfa.org\/fr_CA\/wp-json\/wp\/v2\/users\/13"}],"replies":[{"embeddable":true,"href":"https:\/\/www.cupfa.org\/fr_CA\/wp-json\/wp\/v2\/comments?post=3704"}],"version-history":[{"count":62,"href":"https:\/\/www.cupfa.org\/fr_CA\/wp-json\/wp\/v2\/pages\/3704\/revisions"}],"predecessor-version":[{"id":5649,"href":"https:\/\/www.cupfa.org\/fr_CA\/wp-json\/wp\/v2\/pages\/3704\/revisions\/5649"}],"up":[{"embeddable":true,"href":"https:\/\/www.cupfa.org\/fr_CA\/wp-json\/wp\/v2\/pages\/1324"}],"wp:attachment":[{"href":"https:\/\/www.cupfa.org\/fr_CA\/wp-json\/wp\/v2\/media?parent=3704"}],"curies":[{"name":"wp","href":"https:\/\/api.w.org\/{rel}","templated":true}]}}