

{"id":4596,"date":"2019-04-16T08:54:50","date_gmt":"2019-04-16T12:54:50","guid":{"rendered":"https:\/\/cupfa.org\/?page_id=4596"},"modified":"2025-09-18T15:52:37","modified_gmt":"2025-09-18T19:52:37","slug":"epd","status":"publish","type":"page","link":"https:\/\/www.cupfa.org\/fr_CA\/professional-development\/epd\/","title":{"rendered":"Projets DP"},"content":{"rendered":"<p><span style=\"font-weight: 400;\"><em><strong>Projets DP<\/strong><\/em> proposent aux membres de l&#8217;APTPUC des exemples inspirants d&#8217;activit\u00e9s de recherche et de formation entreprises par des professeur(e)s \u00e0 temps partiel, soulignant notre engagement continu envers l&#8217;excellence en recherche \u00e0 Concordia.<\/span><\/p>\n<p><span style=\"font-weight: 400;\">Nous esp\u00e9rons que les activit\u00e9s pr\u00e9sent\u00e9es dans chaque volume encourageront tous les professeur(e)s \u00e0 temps partiel admissibles \u00e0 profiter du financement du d\u00e9veloppement professionnel pour des projets tels que la pr\u00e9sentation d&#8217;articles lors de conf\u00e9rences, la cr\u00e9ation d&#8217;\u0153uvres artistiques originales, des \u00e9v\u00e9nements musicaux et de performance, des projets de recherche, le perfectionnement des comp\u00e9tences gr\u00e2ce \u00e0 des ateliers et des formations, et plus encore.<\/span><\/p>\n<p><span style=\"font-weight: 400;\">Plus d&#8217;informations sur chaque projet sont disponibles sous la rubrique &#8220;B\u00e9n\u00e9ficiaires de subventions&#8221; et dans les rapports annuels de l&#8217;APTPUC.<\/span><\/p>\n<p><a href=\"https:\/\/cupfa.org\/documents\/pd\/epd\/04_CUPFA_PD.pdf\">Projets DP &#8211; Volume 4 &#8211; janvier 2023<\/a><\/p>\n<p><a href=\"https:\/\/cupfa.org\/wp-content\/uploads\/2020\/12\/CUPFA_PD_Newsletter_2020_Volume_3.pdf\">e-DP &#8211; Volume 3 &#8211; d\u00e9cembre 2020<\/a><\/p>\n<p><a href=\"https:\/\/cupfa.org\/professional-development\/epd-volume-2\/\">e-DP &#8211; Volume 2 &#8211; avril 2019<\/a><\/p>\n<p><a href=\"https:\/\/cupfa.org\/professional-development\/epd-volume-1\/\">e-DP &#8211; Volume 1 &#8211; d\u00e9cembre 2016<\/a><\/p>\n","protected":false},"excerpt":{"rendered":"<p><span style=\"font-weight: 400;\"><em><strong>Projets DP<\/strong><\/em> proposent aux membres de l&#8217;APTPUC des exemples inspirants d&#8217;activit\u00e9s de recherche et de formation entreprises par des professeur(e)s \u00e0 temps partiel, soulignant notre engagement co&#8230;<\/p>\n","protected":false},"author":14,"featured_media":0,"parent":1324,"menu_order":0,"comment_status":"closed","ping_status":"closed","template":"","meta":{"footnotes":""},"class_list":["post-4596","page","type-page","status-publish","hentry"],"_links":{"self":[{"href":"https:\/\/www.cupfa.org\/fr_CA\/wp-json\/wp\/v2\/pages\/4596","targetHints":{"allow":["GET"]}}],"collection":[{"href":"https:\/\/www.cupfa.org\/fr_CA\/wp-json\/wp\/v2\/pages"}],"about":[{"href":"https:\/\/www.cupfa.org\/fr_CA\/wp-json\/wp\/v2\/types\/page"}],"author":[{"embeddable":true,"href":"https:\/\/www.cupfa.org\/fr_CA\/wp-json\/wp\/v2\/users\/14"}],"replies":[{"embeddable":true,"href":"https:\/\/www.cupfa.org\/fr_CA\/wp-json\/wp\/v2\/comments?post=4596"}],"version-history":[{"count":25,"href":"https:\/\/www.cupfa.org\/fr_CA\/wp-json\/wp\/v2\/pages\/4596\/revisions"}],"predecessor-version":[{"id":7338,"href":"https:\/\/www.cupfa.org\/fr_CA\/wp-json\/wp\/v2\/pages\/4596\/revisions\/7338"}],"up":[{"embeddable":true,"href":"https:\/\/www.cupfa.org\/fr_CA\/wp-json\/wp\/v2\/pages\/1324"}],"wp:attachment":[{"href":"https:\/\/www.cupfa.org\/fr_CA\/wp-json\/wp\/v2\/media?parent=4596"}],"curies":[{"name":"wp","href":"https:\/\/api.w.org\/{rel}","templated":true}]}}