

{"id":504,"date":"2012-02-13T18:31:31","date_gmt":"2012-02-13T23:31:31","guid":{"rendered":"https:\/\/cupfa.org\/\/?page_id=504"},"modified":"2023-09-27T20:20:52","modified_gmt":"2023-09-28T00:20:52","slug":"12-practices","status":"publish","type":"page","link":"https:\/\/www.cupfa.org\/fr_CA\/12-practices\/","title":{"rendered":"Douze bonnes pratiques"},"content":{"rendered":"<p style=\"text-align: left;\" align=\"center\"><strong>Douze bonnes pratiques<\/strong><\/p>\n<p>1. <strong>V\u00e9rifiez toujours aupr\u00e8s de l&#8217;Association AVANT<\/strong> de r\u00e9pondre \u00e0 des demandes inhabituelles de l&#8217;employeur (Ressources humaines, Directeurs de d\u00e9partement, etc.). Contactez le Vice-pr\u00e9sident convention collective et griefs de l&#8217;APTPUC. N&#8217;oubliez pas &#8211; envoyez toujours <strong>une copie \u00e0 l&#8217;Association<\/strong> de toute correspondance que vous envoyez \u00e0 l&#8217;employeur.<\/p>\n<p>2. <span style=\"font-weight: 400;\">Soumettez votre <\/span><b>demande de FRIS en temps voulu et compl\u00e9t\u00e9e<\/b><span style=\"font-weight: 400;\"> (par exemple, les num\u00e9ros de sections des cours); v\u00e9rifiez les d\u00e9tails dans le courriel de confirmation automatique de FRIS.<\/span><\/p>\n<p>3. <span style=\"font-weight: 400;\">Ne remplissez pas de sondages et ne r\u00e9pondez pas \u00e0 <\/span><b>des correspondances envoy\u00e9es par l&#8217;employeur<\/b><span style=\"font-weight: 400;\">, sauf si vous avez d&#8217;abord eu des nouvelles de l&#8217;Association.<\/span><\/p>\n<p>4. <span style=\"font-weight: 400;\">Selon la situation et les circonstances, assurez-vous de remplir imm\u00e9diatement un <\/span><a href=\"https:\/\/hub.concordia.ca\/carrefour\/services\/facilities\/safety\/incident-reporting.html\"><b>rapport d&#8217;incident<\/b><\/a><span style=\"font-weight: 400;\"> (*gardez toujours une <\/span><b>copie<\/b><span style=\"font-weight: 400;\">): A. aupr\u00e8s du service de s\u00e9curit\u00e9 si vous \u00eates menac\u00e9; B. aupr\u00e8s du EHS si votre sant\u00e9 est en danger ou si vous \u00eates bless\u00e9; C. aupr\u00e8s du Bureau du doyen si vous avez une question concernant l&#8217;int\u00e9grit\u00e9 acad\u00e9mique d&#8217;un \u00e9tudiant. <\/span><\/p>\n<p>5. <span style=\"font-weight: 400;\">Si vous ne pouvez pas enseigner en raison d&#8217;un probl\u00e8me de sant\u00e9, assurez-vous d&#8217;informer votre directeur de d\u00e9partement et contacter <a href=\"info@cupfa.org\">Info CUPFA<\/a> pour de plus amples d\u00e9marches.<\/span><span style=\"font-weight: 400;\">. Vous avez droit \u00e0 100% de votre salaire pour le premier mois et \u00e0 85% de votre salaire pour les semaines restantes de votre contrat.<\/span><\/p>\n<p>6. <span style=\"font-weight: 400;\">Si vous devez vous absenter de l&#8217;Universit\u00e9, prot\u00e9gez votre anciennet\u00e9 et n&#8217;oubliez pas de demander un <\/span><b>cong\u00e9 d&#8217;absence<\/b><span style=\"font-weight: 400;\"> par \u00e9crit \u00e0 votre directeur de d\u00e9partement en indiquant la date de votre d\u00e9part et la date de votre retour. Vous devez \u00eatre sous contrat avant de pouvoir demander un cong\u00e9 d&#8217;absence.<\/span><\/p>\n<p>7. Assurez-vous de <strong>remplir les formulaires d&#8217;adh\u00e9sion \u00e0 l&#8217;assurance m\u00e9dicaments et sant\u00e9 (disponible aupr\u00e8s du Bureau des avantages sociaux des RH) avant les dates limites<\/strong>. L&#8217;assurance sant\u00e9 est obligatoire. Vous pouvez b\u00e9n\u00e9ficier de l&#8217;assurance m\u00e9dicaments et sant\u00e9 de l&#8217;Universit\u00e9 si vous avez 40 credits d&#8217;anciennet\u00e9. Sinon, vous serez couvert par l&#8217;assurance m\u00e9dicaments provinciale, la RAMQ.<\/p>\n<p>8. <span style=\"font-weight: 400;\">N&#8217;oubliez pas de r\u00e9cup\u00e9rer <\/span><b>vos fonds du <a href=\"https:\/\/www.concordia.ca\/hr\/benefits\/pension.html\">R\u00e9gime de retraite de Concordia<\/a><\/b><span style=\"font-weight: 400;\"> si vous quittez l&#8217;Universit\u00e9 et que vous ne revenez pas pour enseigner. Vos fonds sont transf\u00e9rables vers un autre r\u00e9gime. Si vous continuez \u00e0 enseigner, vous pouvez toujours pr\u00e9lever sur votre R\u00e9gime de retraite de Concordia sans prendre votre retraite. Pr\u00e9lever sur votre r\u00e9gime de retraite ne signifie pas que vous \u00eates &#8220;\u00e0 la retraite&#8221;. Selon votre \u00e2ge, demandez \u00e9galement les deux r\u00e9gimes gouvernementaux canadiens et qu\u00e9b\u00e9cois! Voir la section <a href=\"\/fr_CA\/pension-information\/\">La Retraite<\/a> ci-dessous.<\/span><\/p>\n<p>9. Vous avez droit \u00e0 des <strong>exemptions de frais de scolarit\u00e9<\/strong> pour vous et les membres de votre famille (conjoint, \u00e9poux, enfants). Cela inclut les cours offerts en \u00e9ducation permanente (langues, informatique, etc.). Si vous avez au moins 21 cr\u00e9dits d&#8217;anciennet\u00e9, vous avez droit \u00e0 tout cours\/programme offert par l&#8217;Universit\u00e9, y compris tous les cours d&#8217;\u00e9ducation permanente.<br \/>\n<span style=\"font-weight: 400;\">Contactez l&#8217;Association pour savoir comment cela fonctionne. <\/span><\/p>\n<p>10. <span style=\"font-weight: 400;\">Identifiez les <\/span><b>repr\u00e9sentants des profs \u00e0 temps partiel de votre d\u00e9partement<\/b><span style=\"font-weight: 400;\">. Qui si\u00e8ge au Comit\u00e9 d&#8217;embauche des professeur(e)s \u00e0 temps partiel (CETP)? Comit\u00e9 du curriculum? Votre Conseil de d\u00e9partement? Qui vous repr\u00e9sente au Conseil de facult\u00e9? S\u00e9nat? Conseil des gouverneurs?<\/span><\/p>\n<p>11. <b>Lisez toutes les correspondances de l&#8217;Association &#8211; envoy\u00e9es et affich\u00e9es<\/b><span style=\"font-weight: 400;\"> : avis par courriel, messages, bulletins, etc. Prenez l&#8217;habitude de consulter notre site web, o\u00f9 des informations importantes sont disponibles. (<\/span><a href=\"https:\/\/www.cupfa.org\"><b>www.cupfa.org<\/b><\/a><span style=\"font-weight: 400;\">).<\/span><\/p>\n<p>12. <span style=\"font-weight: 400;\">Prenez le temps de <\/span><b>lire la <a href=\"https:\/\/cupfa.org\/en_US\/collective-agreement\/\">Convention collective de l&#8217;APTPUC<\/a><\/b><span style=\"font-weight: 400;\">. Familiarisez-vous avec les articles qui servent vos int\u00e9r\u00eats. Si vous souhaitez une formation ou une s\u00e9ance d&#8217;information sur la Convention collective de l&#8217;APTPUC, faites-le nous savoir. Nous sommes disponibles pour vous informer de vos droits et obligations.<\/span><\/p>\n<p><strong>Me Patrice Blais<br \/>\n<\/strong><em>Vice-pr\u00e9sident, Convention collective et griefs<\/em><\/p>\n","protected":false},"excerpt":{"rendered":"<p style=\"text-align: left;\" align=\"center\"><strong>Douze bonnes pratiques<\/strong><\/p>\n<p>1. <strong>V\u00e9rifiez toujours aupr\u00e8s de l&#8217;Association AVANT<\/strong> de r\u00e9pondre \u00e0 des demandes inhabituelles de l&#8217;employeur (Ressources humaines, Directeurs de d&#8230;<\/p>\n","protected":false},"author":13,"featured_media":0,"parent":0,"menu_order":0,"comment_status":"closed","ping_status":"closed","template":"","meta":{"footnotes":""},"class_list":["post-504","page","type-page","status-publish","hentry"],"_links":{"self":[{"href":"https:\/\/www.cupfa.org\/fr_CA\/wp-json\/wp\/v2\/pages\/504","targetHints":{"allow":["GET"]}}],"collection":[{"href":"https:\/\/www.cupfa.org\/fr_CA\/wp-json\/wp\/v2\/pages"}],"about":[{"href":"https:\/\/www.cupfa.org\/fr_CA\/wp-json\/wp\/v2\/types\/page"}],"author":[{"embeddable":true,"href":"https:\/\/www.cupfa.org\/fr_CA\/wp-json\/wp\/v2\/users\/13"}],"replies":[{"embeddable":true,"href":"https:\/\/www.cupfa.org\/fr_CA\/wp-json\/wp\/v2\/comments?post=504"}],"version-history":[{"count":32,"href":"https:\/\/www.cupfa.org\/fr_CA\/wp-json\/wp\/v2\/pages\/504\/revisions"}],"predecessor-version":[{"id":6741,"href":"https:\/\/www.cupfa.org\/fr_CA\/wp-json\/wp\/v2\/pages\/504\/revisions\/6741"}],"wp:attachment":[{"href":"https:\/\/www.cupfa.org\/fr_CA\/wp-json\/wp\/v2\/media?parent=504"}],"curies":[{"name":"wp","href":"https:\/\/api.w.org\/{rel}","templated":true}]}}