

{"id":5225,"date":"2020-06-01T12:36:12","date_gmt":"2020-06-01T16:36:12","guid":{"rendered":"https:\/\/cupfa.org\/?page_id=5225"},"modified":"2025-05-22T18:01:22","modified_gmt":"2025-05-22T22:01:22","slug":"pthc","status":"publish","type":"page","link":"https:\/\/www.cupfa.org\/fr_CA\/pthc\/","title":{"rendered":"Comit\u00e9 d'embauche \u00e0 temps partiel"},"content":{"rendered":"<p><strong>2025 RESSOURCES CETP :<\/strong><\/p>\n<ul>\n<li>N&#8217;oubliez pas de consulter le <a href=\"https:\/\/docs.google.com\/presentation\/d\/19gmxGfqV-pJQHi2PBArYZyhBRLG1Rex1\/edit?slide=id.p1#slide=id.p1\"><strong>calendrier des r\u00e9unions CETP<\/strong><\/a> de mai\/juin afin que le comit\u00e9 d&#8217;embauche de votre d\u00e9partement puisse suivre l&#8217;\u00e9tat de la charge de travail des candidats multi-d\u00e9partementaux et \u00e9viter d&#8217;assigner par inadvertance des cours \u00e0 des membres qui ont d\u00e9j\u00e0 atteint leur charge de travail maximale.<\/li>\n<li>Veuillez <strong>envoyer la date et l&#8217;heure de la r\u00e9union de votre d\u00e9partement \u00e0 <a href=\"mailto:grievance@cupfa.org\">grievance@cupfa.org<\/a> d\u00e8s que possible afin qu&#8217;elle puisse \u00eatre ajout\u00e9e au calendrier.<\/strong><\/li>\n<li>Vous trouverez ci-dessous la <strong>vid\u00e9o de formation<\/strong> CETP 2025 :<\/li>\n<\/ul>\n<div style=\"width: 500px;\" class=\"wp-video\"><!--[if lt IE 9]><script>document.createElement('video');<\/script><![endif]-->\n<video class=\"wp-video-shortcode\" id=\"video-5225-1\" width=\"500\" height=\"281\" preload=\"metadata\" controls=\"controls\"><source type=\"video\/mp4\" src=\"https:\/\/www.cupfa.org\/video\/2025_04_29_PTHC_TrainingVideo.mp4?_=1\" \/><a href=\"https:\/\/www.cupfa.org\/video\/2025_04_29_PTHC_TrainingVideo.mp4\">https:\/\/www.cupfa.org\/video\/2025_04_29_PTHC_TrainingVideo.mp4<\/a><\/video><\/div>\n<h3><\/h3>\n<ul>\n<li style=\"list-style-type: none;\">\n<ul>\n<li aria-level=\"1\"><a href=\"https:\/\/docs.google.com\/presentation\/d\/1hkEYhTU5eAntp_jWfmKjWkqsh2nY3hfx\/edit?usp=gmail&amp;ouid=106511917856472117113&amp;rtpof=true&amp;sd=true\"><b>Diapositives de formation CETP 2025<\/b>\u00a0<\/a>(uniquement en anglais) \u2013 Les membres du CETP sont nomm\u00e9s pour un mandat de deux ans par le vice-pr\u00e9sident et le pr\u00e9sident de l\u2019APTPUC et doivent participer \u00e0 une formation obligatoire chaque ann\u00e9e avant la p\u00e9riode principale d\u2019embauche en mai.<\/li>\n<\/ul>\n<\/li>\n<\/ul>\n<p><!--\n \t\n\n<li aria-level=\"1\"><a href=\"https:\/\/www.cupfa.org\/pthc\/pthc-training-faq\/\" data-slimstat=\"5\"><b>Formation CETP \u2013 FAQ<\/b><\/a>\u00a0(uniquement en anglais) \u2013 Questions et r\u00e9ponses de l\u2019assistante du VP de l\u2019APTPUC Convention collective et griefs, class\u00e9es par cat\u00e9gorie: l\u2019affichage des cours, la r\u00e9union pr\u00e9paratoire, la r\u00e9union, la r\u00e9union de suivi, autres.<\/li>\n\n\n--><\/p>\n<ul>\n<li aria-level=\"1\"><a href=\"https:\/\/cupfa.org\/wp-content\/uploads\/2020\/06\/Claybourne_S.pdf\" data-slimstat=\"3\"><strong>Exemple de lettre de motivation<\/strong><\/a>\u00a0(uniquement en anglais) \u2013\u00a0 Il a \u00e9t\u00e9 conseill\u00e9 aux candidats d\u2019inclure une lettre de motivation comparant les exigences sp\u00e9cifiques du poste \u00e0 leurs propres qualifications, exp\u00e9riences, etc.<\/li>\n<li aria-level=\"1\"><a href=\"https:\/\/reporting.cupfa.org\/login.aspx?ReturnUrl=%2fcontent%2fhome%2fhome.aspx\" data-slimstat=\"5\"><strong>Rapport du PTHC \u00e0 l\u2019ACTPUC<\/strong><\/a>\u00a0\u2013 connectez-vous pour ajouter un rapport (+) afin d\u2019entrer les d\u00e9tails de la r\u00e9union et vos commentaires. Pour obtenir un mot de passe ou de l\u2019aide sur le syst\u00e8me de rapport, contactez\u00a0<a href=\"https:\/\/www.cupfa.org\/fr_CA\/pthc\/grievance@cupfa.org\" data-slimstat=\"5\">grievance@cupfa.org<\/a>.<\/li>\n<\/ul>\n","protected":false},"excerpt":{"rendered":"<p><strong>2025 RESSOURCES CETP :<\/strong><\/p>\n<ul>\n<li>N&#8217;oubliez pas de consulter le <a href=\"https:\/\/docs.google.com\/presentation\/d\/19gmxGfqV-pJQHi2PBArYZyhBRLG1Rex1\/edit?slide=id.p1#slide=id.p1\"><strong>calendrier des r\u00e9unions CETP<\/strong><\/a> de ma&#8230;<br \/>\n","protected":false},"author":14,"featured_media":0,"parent":0,"menu_order":0,"comment_status":"closed","ping_status":"closed","template":"","meta":{"footnotes":""},"class_list":["post-5225","page","type-page","status-publish","hentry"],"_links":{"self":[{"href":"https:\/\/www.cupfa.org\/fr_CA\/wp-json\/wp\/v2\/pages\/5225","targetHints":{"allow":["GET"]}}],"collection":[{"href":"https:\/\/www.cupfa.org\/fr_CA\/wp-json\/wp\/v2\/pages"}],"about":[{"href":"https:\/\/www.cupfa.org\/fr_CA\/wp-json\/wp\/v2\/types\/page"}],"author":[{"embeddable":true,"href":"https:\/\/www.cupfa.org\/fr_CA\/wp-json\/wp\/v2\/users\/14"}],"replies":[{"embeddable":true,"href":"https:\/\/www.cupfa.org\/fr_CA\/wp-json\/wp\/v2\/comments?post=5225"}],"version-history":[{"count":104,"href":"https:\/\/www.cupfa.org\/fr_CA\/wp-json\/wp\/v2\/pages\/5225\/revisions"}],"predecessor-version":[{"id":7304,"href":"https:\/\/www.cupfa.org\/fr_CA\/wp-json\/wp\/v2\/pages\/5225\/revisions\/7304"}],"wp:attachment":[{"href":"https:\/\/www.cupfa.org\/fr_CA\/wp-json\/wp\/v2\/media?parent=5225"}],"curies":[{"name":"wp","href":"https:\/\/api.w.org\/{rel}","templated":true}]}}