

{"id":5339,"date":"2020-08-24T18:40:22","date_gmt":"2020-08-24T22:40:22","guid":{"rendered":"https:\/\/cupfa.org\/?page_id=5339"},"modified":"2024-11-09T22:13:06","modified_gmt":"2024-11-10T03:13:06","slug":"your-courses","status":"publish","type":"page","link":"https:\/\/www.cupfa.org\/fr_CA\/your-courses\/","title":{"rendered":"D\u00e9velopper et G\u00e9rer Vos Cours"},"content":{"rendered":"<p><b>Ressources pour les enseignants :<\/b><\/p>\n<ul>\n<li><a href=\"https:\/\/www.concordia.ca\/ctl\/course-design.html\"><span style=\"font-weight: 400;\">Centre for Teaching and Learning Conception de cours + autres ressou<\/span><\/a><\/li>\n<li><a href=\"https:\/\/www.cupfa.org\/wp-content\/uploads\/2024\/01\/Grading-Activities-in-SIS.pdf\">Comment enregistrer et soumettre les notes dans le SIS<\/a><\/li>\n<li><a href=\"https:\/\/www.concordia.ca\/campus-life\/safety\/coronavirus\/case.html\"><span style=\"font-weight: 400;\">Programme de s\u00e9curit\u00e9 li\u00e9 au coronavirus<\/span><\/a><\/li>\n<li>Le plus r\u00e9cent <a href=\"\/documents\/Protocol%20for%20Instructor%20Absences%20October%202023.pdf\">protocole d&#8217;absence du corps professoral<\/a> de Concordia<\/li>\n<\/ul>\n<p><b>Formation en informatique et services informatiques :<\/b><\/p>\n<ul>\n<li><a href=\"https:\/\/www.concordia.ca\/it\/training.html\"><span style=\"font-weight: 400;\">Cours et ressources pour la formation en technologies de l&#8217;informatique<\/span><\/a><\/li>\n<li><a href=\"https:\/\/www.concordia.ca\/it\/services.html\"><span style=\"font-weight: 400;\">Services et logiciels de l&#8217;IITS<\/span><\/a><\/li>\n<\/ul>\n<p><b>Ressources disponibles aux \u00e9tudiants :<\/b><\/p>\n<ul>\n<li><a href=\"https:\/\/www.concordia.ca\/students\/success\/learning-support\/workshops.html\"><span style=\"font-weight: 400;\">Ateliers sur la r\u00e9ussite des \u00e9tudiants<\/span><\/a><\/li>\n<li><a href=\"https:\/\/www.concordia.ca\/students\/success\/learning-support\/resources.html\"><span style=\"font-weight: 400;\">Ressources d&#8217;apprentissage pour la r\u00e9ussite des \u00e9tudiants<\/span><\/a><\/li>\n<li><a href=\"https:\/\/www.concordia.ca\/students\/success\/new.html\"><span style=\"font-weight: 400;\">Soutien pour les nouveaux \u00e9tudiants au Centre de r\u00e9ussite des \u00e9tudiants<\/span><\/a><\/li>\n<li><a href=\"https:\/\/www.concordia.ca\/health\/mental-health.html\"><span style=\"font-weight: 400;\">Soutien pour la sant\u00e9 mentale<\/span><\/a><\/li>\n<li><a style=\"color: #df0000;\" href=\"https:\/\/www.concordia.ca\/students\/absence-form.html\"><span>Formulaire d&#8217;absence \u00e0 court terme des \u00e9tudiants et questions fr\u00e9quemment pos\u00e9es<\/span><\/a><\/li>\n<\/ul>\n","protected":false},"excerpt":{"rendered":"<p><b>Ressources pour les enseignants :<\/b><\/p>\n<ul>\n<li><a href=\"https:\/\/www.concordia.ca\/ctl\/course-design.html\"><span style=\"font-weight: 400;\">Centre for Teaching and Learning Conception de cours + autres ressou<\/span><\/a><\/li>\n<li><a href=\"https... \n<br \/>\n","protected":false},"author":14,"featured_media":0,"parent":0,"menu_order":0,"comment_status":"closed","ping_status":"closed","template":"","meta":{"footnotes":""},"class_list":["post-5339","page","type-page","status-publish","hentry"],"_links":{"self":[{"href":"https:\/\/www.cupfa.org\/fr_CA\/wp-json\/wp\/v2\/pages\/5339","targetHints":{"allow":["GET"]}}],"collection":[{"href":"https:\/\/www.cupfa.org\/fr_CA\/wp-json\/wp\/v2\/pages"}],"about":[{"href":"https:\/\/www.cupfa.org\/fr_CA\/wp-json\/wp\/v2\/types\/page"}],"author":[{"embeddable":true,"href":"https:\/\/www.cupfa.org\/fr_CA\/wp-json\/wp\/v2\/users\/14"}],"replies":[{"embeddable":true,"href":"https:\/\/www.cupfa.org\/fr_CA\/wp-json\/wp\/v2\/comments?post=5339"}],"version-history":[{"count":46,"href":"https:\/\/www.cupfa.org\/fr_CA\/wp-json\/wp\/v2\/pages\/5339\/revisions"}],"predecessor-version":[{"id":7243,"href":"https:\/\/www.cupfa.org\/fr_CA\/wp-json\/wp\/v2\/pages\/5339\/revisions\/7243"}],"wp:attachment":[{"href":"https:\/\/www.cupfa.org\/fr_CA\/wp-json\/wp\/v2\/media?parent=5339"}],"curies":[{"name":"wp","href":"https:\/\/api.w.org\/{rel}","templated":true}]}}