

{"id":5440,"date":"2020-12-08T11:13:28","date_gmt":"2020-12-08T16:13:28","guid":{"rendered":"https:\/\/cupfa.org\/?page_id=5440"},"modified":"2023-08-21T15:46:23","modified_gmt":"2023-08-21T19:46:23","slug":"teaching-application","status":"publish","type":"page","link":"https:\/\/www.cupfa.org\/fr_CA\/teaching-application\/","title":{"rendered":"Candidature"},"content":{"rendered":"<p>Le Syst\u00e8me d&#8217;information sur les ressources des professeur(e)s de Concordia (FRIS) doit \u00eatre utilis\u00e9 pour postuler pour un cours et signer des contrats; le module &#8220;Professeurs \u00e0 temps partiel et postulants&#8221; a aussi des liens pour voir les offres de cours \u00e0 temps partiel et la liste d&#8217;anciennet\u00e9.<\/p>\n<p>Regardez la vid\u00e9o ci-dessous pour apprendre comment postuler via FRIS (uniquement en anglais) :<\/p>\n<p>Veuillez lire cet exemple de lettre de motivation tel qu&#8217;expliqu\u00e9 dans la vid\u00e9o.<br \/>\n<a href=\"https:\/\/cupfa.org\/wp-content\/uploads\/2020\/06\/Claybourne_S.pdf\">Exemple de lettre de motivation<\/a> (uniquement en anglais)<\/p>\n<p>Les dates limites sont importantes pour la publication des cours et pour le d\u00e9p\u00f4t de votre candidature. Voir la convention collective de l&#8217;APTPUC | Articles 10.08 &amp; 10.10.<\/p>\n<p>Les membres seront inform\u00e9s en cas d&#8217;exceptions tr\u00e8s rares aux dates officielles suivantes :<\/p>\n<table style=\"height: 238px;\" width=\"475\">\n<tbody>\n<tr>\n<td>Semestre<\/td>\n<td>Publications de cours<\/td>\n<td>Dates limites pour les candidatures<\/td>\n<\/tr>\n<tr>\n<td><b>Printemps\/\u00c9t\u00e9<\/b><\/td>\n<td><b>18 f\u00e9vrier<\/b><\/td>\n<td><b>10 mars, 18 h<\/b><\/td>\n<\/tr>\n<tr>\n<td><b>Automne, Automne\/Hiver<\/b><\/td>\n<td><b>1er mai<\/b><\/td>\n<td><b>20 mai, 18 h<\/b><\/td>\n<\/tr>\n<tr style=\"height: 65px;\">\n<td><b>Hiver<\/b><\/td>\n<td><b>1er octobre<\/b><\/td>\n<td><b>20 octobre, 18 h<\/b><\/td>\n<\/tr>\n<\/tbody>\n<\/table>\n<p>Vid\u00e9o explicative pour postuler via FRIS (uniquement en anglais) :<\/p>\n<div style=\"width: 500px;\" class=\"wp-video\"><!--[if lt IE 9]><script>document.createElement('video');<\/script><![endif]-->\n<video class=\"wp-video-shortcode\" id=\"video-5440-1\" width=\"500\" height=\"281\" preload=\"metadata\" controls=\"controls\"><source type=\"video\/mp4\" src=\"https:\/\/cupfa.org\/wp-content\/uploads\/2020\/06\/FRIS_2020_Training.mp4?_=1\" \/><a href=\"https:\/\/cupfa.org\/wp-content\/uploads\/2020\/06\/FRIS_2020_Training.mp4\">https:\/\/cupfa.org\/wp-content\/uploads\/2020\/06\/FRIS_2020_Training.mp4<\/a><\/video><\/div>\n","protected":false},"excerpt":{"rendered":"<p>Le Syst\u00e8me d&#8217;information sur les ressources des professeur(e)s de Concordia (FRIS) doit \u00eatre utilis\u00e9 pour postuler pour un cours et signer des contrats; le module &#8220;Professeurs \u00e0 temps partiel et postulants&#8221; a aussi des liens pour voir les offres de c&#8230;<\/p>\n","protected":false},"author":14,"featured_media":0,"parent":0,"menu_order":0,"comment_status":"closed","ping_status":"closed","template":"","meta":{"footnotes":""},"class_list":["post-5440","page","type-page","status-publish","hentry"],"_links":{"self":[{"href":"https:\/\/www.cupfa.org\/fr_CA\/wp-json\/wp\/v2\/pages\/5440","targetHints":{"allow":["GET"]}}],"collection":[{"href":"https:\/\/www.cupfa.org\/fr_CA\/wp-json\/wp\/v2\/pages"}],"about":[{"href":"https:\/\/www.cupfa.org\/fr_CA\/wp-json\/wp\/v2\/types\/page"}],"author":[{"embeddable":true,"href":"https:\/\/www.cupfa.org\/fr_CA\/wp-json\/wp\/v2\/users\/14"}],"replies":[{"embeddable":true,"href":"https:\/\/www.cupfa.org\/fr_CA\/wp-json\/wp\/v2\/comments?post=5440"}],"version-history":[{"count":44,"href":"https:\/\/www.cupfa.org\/fr_CA\/wp-json\/wp\/v2\/pages\/5440\/revisions"}],"predecessor-version":[{"id":6420,"href":"https:\/\/www.cupfa.org\/fr_CA\/wp-json\/wp\/v2\/pages\/5440\/revisions\/6420"}],"wp:attachment":[{"href":"https:\/\/www.cupfa.org\/fr_CA\/wp-json\/wp\/v2\/media?parent=5440"}],"curies":[{"name":"wp","href":"https:\/\/api.w.org\/{rel}","templated":true}]}}