

{"id":5492,"date":"2020-12-22T10:28:14","date_gmt":"2020-12-22T15:28:14","guid":{"rendered":"https:\/\/cupfa.org\/?page_id=5492"},"modified":"2023-08-21T15:19:37","modified_gmt":"2023-08-21T19:19:37","slug":"challenging-situation","status":"publish","type":"page","link":"https:\/\/www.cupfa.org\/fr_CA\/challenging-situation\/","title":{"rendered":"Pour les Situations Difficiles"},"content":{"rendered":"<p><span style=\"font-weight: 400;\">Une aide pointill\u00e9e et confidentielle est disponible pour les probl\u00e8mes professionnels ou personnels et les conflits plus difficiles, etc.<\/span><\/p>\n<p><span style=\"font-weight: 400;\">Les services suivants de l&#8217;APTPUC et de Concordia se sp\u00e9cialisent dans l&#8217;assistance aux membres de la communaut\u00e9 confront\u00e9s \u00e0 des situations d\u00e9licates, des conflits interpersonnels, des agressions, etc., qui peuvent devenir des distractions ind\u00e9sirables et peuvent augmenter le stress. L&#8217;aide est offerte de mani\u00e8re encourageante et respectueuse, inclut des r\u00e9f\u00e9rences suppl\u00e9mentaires au besoin, et laisse les d\u00e9cisions et actions ult\u00e9rieures entre les mains de la personne qui cherche des conseils.<\/span><\/p>\n<p><b>1. L&#8217;\u00e9quipe d&#8217;\u00c9quit\u00e9, de Diversit\u00e9 et d&#8217;Inclusion de l&#8217;APTPUC<\/b>, coordonn\u00e9e par Jacqueline Peters, accueille les discussions avec les membres de l&#8217;APTPUC sur toutes les questions li\u00e9es \u00e0 l&#8217;EDI &#8211; quelques exemples incluent les sentiments de traitement raciste, les pr\u00e9occupations li\u00e9es au genre ou \u00e0 l&#8217;orientation sexuelle, comment \u00e9viter les micro-agressions en classe, les pr\u00e9occupations li\u00e9es au handicap, et plus encore. <a href=\"mailto:EDI@cupfa.org\">EDI@cupfa.org<\/a><\/p>\n<p><b>2. Le Centre d\u2019aide aux survivantes et survivants d\u2019agression sexuelle<\/b><span style=\"font-weight: 400;\"> est le premier point de contact confidentiel et sans jugement pour les situations d&#8217;impropri\u00e9t\u00e9 ou de violence sexuelle &#8211; avec une \u00e9quipe pr\u00eate \u00e0 soutenir, conseiller et coordonner des ressources internes et externes. <a href=\"https:\/\/www.concordia.ca\/fr\/conduite\/agression-sexuelle\/a-propos.html\">Centre d\u2019aide aux survivantes et survivants d\u2019agression sexuelle<\/a><\/span><\/p>\n<p><b>3. Le Programme d&#8217;aide aux employ\u00e9s et employ\u00e9es de Concordia<\/b><span style=\"font-weight: 400;\"> propose des s\u00e9ances de conseil, des informations, des r\u00e9f\u00e9rences pour des traitements, etc. en anglais et en fran\u00e7ais 24 heures par jour, 7 jours par semaine (disponible pour tous les employ\u00e9s de Concordia \u00e0 partir de juillet 2022). <a href=\"https:\/\/www.concordia.ca\/fr\/rh\/avantages-sociaux\/pae.html\">Programme d&#8217;aide aux employ\u00e9s<\/a><\/span><\/p>\n<p><b>4. Le Bureau des droits et des obligations <\/b>et <b>le Bureau de l&#8217;\u00e9quit\u00e9 de Concordia<\/b> sont des services impartiaux, confidentiels et ind\u00e9pendants pr\u00eats \u00e0 aider en cas de pr\u00e9occupations concernant le comportement de tout membre de la communaut\u00e9 de Concordia. <a href=\"https:\/\/www.concordia.ca\/fr\/conduite\/integrite-comportementale\/droits-et-obligations.html\">Bureau des droits et responsabilit\u00e9s<\/a>\u00a0&#8211;\u00a0<a href=\"https:\/\/www.concordia.ca\/fr\/equite.html\">Bureau de l&#8217;\u00e9quit\u00e9<\/a><\/p>\n<p><b>5. Le Bureau de l&#8217;ombudsman de Concordia<\/b><span style=\"font-weight: 400;\"> est un autre service impartial, confidentiel et ind\u00e9pendant<\/span><span style=\"font-weight: 400;\"> pour promouvoir l&#8217;\u00e9quit\u00e9 et aider \u00e0 la r\u00e9solution informelle des pr\u00e9occupations et plaintes concernant les politiques, r\u00e8gles et proc\u00e9dures universitaires.<a href=\"https:\/\/www.concordia.ca\/fr\/bureaux\/ombudsman.html\"> Bureau de l&#8217;ombudsman<\/a><\/span><\/p>\n<p><b>6. Le Centre d&#8217;acc\u00e8s aux \u00e9tudiants en situation d&#8217;handicap de Concordia<\/b><span style=\"font-weight: 400;\"> et <\/span><b>le conseiller ACSD de votre \u00e9tudiant<\/b> <span style=\"font-weight: 400;\">peuvent vous aider \u00e0 mieux comprendre comment r\u00e9soudre les difficult\u00e9s pour int\u00e9grer efficacement les \u00e9tudiants ACSD au niveau individuel. <a href=\"https:\/\/www.concordia.ca\/students\/accessibility.html\">Centre d&#8217;acc\u00e8s aux \u00e9tudiants en situation de handicap (en anglais)<\/a><\/span><\/p>\n<p><b>Karen Taillon, responsable du bureau de l&#8217;APTPUC<\/b><span style=\"font-weight: 400;\">, est notre r\u00e9f\u00e9rence accueillante et exp\u00e9riment\u00e9e pour les services, les proc\u00e9dures, les \u00e9v\u00e9nements, etc. Elle r\u00e9pondra rapidement \u00e0 vos questions et\/ou vous orientera vers la ressource la plus appropri\u00e9e de l&#8217;APTPUC ou de l&#8217;Universit\u00e9.<\/span> <a href=\"mailto:info@cupfa.org\"><span style=\"font-weight: 400;\">info@cupfa.org<\/span><\/a><\/p>\n","protected":false},"excerpt":{"rendered":"<p><span style=\"font-weight: 400;\">Une aide pointill\u00e9e et confidentielle est disponible pour les probl\u00e8mes professionnels ou personnels et les conflits plus difficiles, etc.<\/span><\/p>\n<p><span style=\"font-weight: 400;\">Les services suivants de l&#8217;APTPUC et &#8230;<\/p>\n","protected":false},"author":14,"featured_media":0,"parent":0,"menu_order":0,"comment_status":"closed","ping_status":"closed","template":"","meta":{"footnotes":""},"class_list":["post-5492","page","type-page","status-publish","hentry"],"_links":{"self":[{"href":"https:\/\/www.cupfa.org\/fr_CA\/wp-json\/wp\/v2\/pages\/5492","targetHints":{"allow":["GET"]}}],"collection":[{"href":"https:\/\/www.cupfa.org\/fr_CA\/wp-json\/wp\/v2\/pages"}],"about":[{"href":"https:\/\/www.cupfa.org\/fr_CA\/wp-json\/wp\/v2\/types\/page"}],"author":[{"embeddable":true,"href":"https:\/\/www.cupfa.org\/fr_CA\/wp-json\/wp\/v2\/users\/14"}],"replies":[{"embeddable":true,"href":"https:\/\/www.cupfa.org\/fr_CA\/wp-json\/wp\/v2\/comments?post=5492"}],"version-history":[{"count":22,"href":"https:\/\/www.cupfa.org\/fr_CA\/wp-json\/wp\/v2\/pages\/5492\/revisions"}],"predecessor-version":[{"id":6406,"href":"https:\/\/www.cupfa.org\/fr_CA\/wp-json\/wp\/v2\/pages\/5492\/revisions\/6406"}],"wp:attachment":[{"href":"https:\/\/www.cupfa.org\/fr_CA\/wp-json\/wp\/v2\/media?parent=5492"}],"curies":[{"name":"wp","href":"https:\/\/api.w.org\/{rel}","templated":true}]}}