

{"id":5502,"date":"2020-12-22T10:54:43","date_gmt":"2020-12-22T15:54:43","guid":{"rendered":"https:\/\/cupfa.org\/?page_id=5502"},"modified":"2024-05-28T09:51:01","modified_gmt":"2024-05-28T13:51:01","slug":"member-meetings","status":"publish","type":"page","link":"https:\/\/www.cupfa.org\/fr_CA\/member-meetings\/","title":{"rendered":"R\u00e9unions des membres"},"content":{"rendered":"<ul>\n<li><b>Les liens Zoom<\/b> <strong>pour les prochaines r\u00e9unions<\/strong> <span style=\"font-weight: 400;\">ne sont pas affich\u00e9s sur notre site Web afin de garantir que les r\u00e9unions de l&#8217;APTPUC sont r\u00e9serv\u00e9es aux membres uniquement.<\/span> <strong>Recherchez &#8220;Info CUPFA&#8221; dans votre bo\u00eete de r\u00e9ception de courriels pour trouver les messages de rappel avec les liens aux r\u00e9unions.<\/strong><\/li>\n<\/ul>\n<p><b>R\u00c9UNIONS de MEMBRES\u00a0 <\/b>(pertinentes pour l&#8217;ensemble des membres de l&#8217;APTPUC)<\/p>\n<p>La section de la pr\u00e9sentation de ces r\u00e9unions est enregistr\u00e9e et publi\u00e9e sans s\u00e9ance de questions-r\u00e9ponses et de discussion. Les vid\u00e9os des r\u00e9unions apparaissent sur notre page d&#8217;accueil et peuvent \u00e9galement \u00eatre consult\u00e9es via les liens ci-dessous :<\/p>\n<ul>\n<li>AGA et \u00c9lections 2023-2026, 20 f\u00e9vrier 2023<\/li>\n<li>Assembl\u00e9e g\u00e9n\u00e9rale sp\u00e9ciale, 11 d\u00e9cembre 2022<\/li>\n<li><a href=\"\/fr_CA\/october-20th-members-meeting\/\">R\u00e9union de membres, 20 octobre 2022<\/a><\/li>\n<li><a href=\"\/fr_CA\/agm-march-9-2022\/\">AGA, 9 mars 2022<\/a><\/li>\n<li><a href=\"\/fr_CA\/return-to-campus-winter-2022\/\">R\u00e9union de membres, 24 janvier 2022<\/a><\/li>\n<li><a href=\"\/fr_CA\/winter-2022-update-and-holiday-message\/\">Mises \u00e0 jour hivernales 2022 et message des f\u00eates<\/a><\/li>\n<li><a href=\"\/fr_CA\/winter-2022-workplace-accommodations\/\">Am\u00e9nagements en milieu de travail hivernaux 2022<\/a><\/li>\n<li><a href=\"\/fr_CA\/cupfa-return-to-campus-august-31-2021\/\">R\u00e9union de membres, 31 ao\u00fbt 2021<\/a><\/li>\n<li><a href=\"\/fr_CA\/cupfa-return-to-campus-july-21-2021\/\">R\u00e9union de membres, 21 juillet 2021<\/a><\/li>\n<li><a href=\"\/fr_CA\/cupfa-special-meeting-may-30-2021\/\">R\u00e9union sp\u00e9ciale des membres, 30 mai 2021<\/a><\/li>\n<li>Assembl\u00e9e g\u00e9n\u00e9rale sp\u00e9ciale, 11 avril 2021<\/li>\n<li><a href=\"\/fr_CA\/december-16-cupfa-members-update-mise-a-jour-des-membres-de-laptpuc-le-16-decembre\/\">R\u00e9union de membres, 16 d\u00e9cembre 2020<\/a><\/li>\n<li><a href=\"\/fr_CA\/cupfa-members-update-ca-negotiations-update-october-22-2020\/\">R\u00e9union de membres, 22 octobre 2020<\/a><\/li>\n<li><a href=\"\/fr_CA\/cupfa-members-update-august-24-2020\/\">R\u00e9union de membres, 24 ao\u00fbt 2020<\/a><\/li>\n<li><a href=\"\/fr_CA\/2020-06-08-covid-19-zoom-meeting\/\">R\u00e9union de membres, 8 juin 2020<\/a><\/li>\n<li><a href=\"\/fr_CA\/2020-05-18-covid-19-zoom-meeting\/\">R\u00e9union de membres, 18 mai 2020<\/a><\/li>\n<li>R\u00e9union de membres, 27 avril 2020<\/li>\n<\/ul>\n<p><strong>R\u00c9UNIONS SUPPLEM\u00c9NTAIRES\u00a0<\/strong><\/p>\n<p><span style=\"font-weight: 400;\">Cette liste comprend les r\u00e9unions qui \u2192 <\/span><b>*<\/b><span style=\"font-weight: 400;\"> se tiennent r\u00e9guli\u00e8rement pour des groupes d\u00e9finis de l&#8217;APTPUC (repr\u00e9sentants, CETP, etc.) ; <\/span><b>*<\/b><span style=\"font-weight: 400;\"> offrent des webinaires sur les initiatives de l&#8217;APTPUC (DP, EDI, etc.) ; <\/span><b>*<\/b><span style=\"font-weight: 400;\"> mettent \u00e0 jour et expliquent des sujets d&#8217;int\u00e9r\u00eat pour les membres (assurance-emploi, r\u00e9gime de retraite, talon de paie, FRIS, pr\u00e9occupations li\u00e9es aux m\u00e9dias sociaux, etc.) ; <\/span><b>*<\/b><span style=\"font-weight: 400;\"> examinent des probl\u00e8mes sp\u00e9cifiques \u00e9mergents li\u00e9s \u00e0 l&#8217;embauche, aux initiatives de l&#8217;employeur, aux secteurs, etc. ; <\/span><b>*<\/b><span style=\"font-weight: 400;\"> offrent des ateliers en r\u00e9ponse aux besoins des membres, aux int\u00e9r\u00eats p\u00e9dagogiques, aux activit\u00e9s connexes, etc.<\/span><\/p>\n<p><span style=\"font-weight: 400;\">Certaines <\/span><i><span style=\"font-weight: 400;\">r\u00e9unions suppl\u00e9mentaires<\/span><\/i><span style=\"font-weight: 400;\"> ne sont pas enregistr\u00e9es \u2013<\/span><b> Les liens m\u00e8nent \u00e0 la version la plus r\u00e9cente des sessions<\/b><span style=\"font-weight: 400;\"> :<\/span><\/p>\n<ul>\n<li><a href=\"\/fr_CA\/2023-under-24-meeting\/\">Club des moins de 24 ans, novembre,\u00a0 septembre 2023<\/a><\/li>\n<li><span style=\"font-weight: 400;\">EDI &#8211; Langue en salle de classe, 25 mai 2023<\/span><\/li>\n<li><span style=\"font-weight: 400;\">R\u00e9union du Conseil des repr\u00e9sentants, 23 mai, 16 h 30<\/span><\/li>\n<li><a href=\"\/fr_CA\/2023-employment-insurance-information-session\/\">Pr\u00e9sentation sur l&#8217;assurance-emploi, 15 mai 2023<\/a><\/li>\n<li>EDI &#8211; Langue en salle de classe, 9 mai 2023<\/li>\n<li><a href=\"\/fr_CA\/publications\/committees\/pthc\/\">Formation CETP, 2\/3 mai 2023<\/a><\/li>\n<li><span style=\"font-weight: 400;\">Webinaire sur les grandes subventions, 17 mars 2023<\/span><\/li>\n<li><a href=\"\/fr_CA\/feb-2023-retirement-and-financial-planning-workshop\/\">R\u00e9gime de retraite et de planification financi\u00e8re, 6 f\u00e9vrier 2023<\/a><\/li>\n<li><span style=\"font-weight: 400;\">Webinaire sur les petites r\u00e9clamations, 30 janvier 2023<\/span><\/li>\n<li>Conseil consultatif, 28 novembre 2022<\/li>\n<li><a href=\"\/2022-demystifying-your-paystub\/\">D\u00e9mystifier votre talon de paie, 28 novembre 2022<\/a><\/li>\n<li>EDI &#8211; Micro-interventions, 23\/24 novembre 2022<\/li>\n<li><a href=\"\/fr_CA\/2022-under-24-meeting\/\">Club des moins de 24 ans, novembre, 9\/10 novembre 2022<\/a><\/li>\n<li><a href=\"\/fr_CA\/how-to-apply-for-aid-to-research-related-events-arre-internal-funding-webinaire-de-laptpuc-comment-faire-une-demande-de-financement-interne-pour-laide-aux-evenements-lies-a-la-recherche-arre\/\">PD : Demande d&#8217;aide li\u00e9e \u00e0 la recherche, 21 octobre 2022<\/a><\/li>\n<li><a href=\"\/fr_CA\/best-practices-for-air-travel-webinaire-de-laptpuc-meilleures-pratiques-pour-les-voyages-en-avion\/\">PD : Voyage en avion, 14 octobre 2022<\/a><\/li>\n<li>PD : <a href=\"https:\/\/www.cupfa.org\/documents\/pd\/2022_Large_Grants_Webinar.pdf\">Webinaire sur les grandes subventions, 23 septembre 2022 (PDF, 3 Mo)<\/a><\/li>\n<li>PD : <a href=\"https:\/\/www.cupfa.org\/documents\/pd\/2022_Create_a_Faculty_Profile.pdf\">Webinaire sur les pages de profil des membres du corps professoral, 26 ao\u00fbt 2022 (PDF, 2 Mo)<\/a><\/li>\n<li>Orientation, 30 ao\u00fbt 2022<\/li>\n<li>Formation CETP, 12 mai 2021<\/li>\n<li>Formation CETP, 3 mai 2021<\/li>\n<li><a href=\"\/fr_CA\/april-21-seminar-on-social-media-and-disciplinary-sanctions-for-employee-conduct-outside-the-workplace\/\">M\u00e9dias sociaux et sanctions disciplinaires, 21 avril 2022<\/a><\/li>\n<li><a href=\"\/fr_CA\/march-30-2022-employment-insurance-information-session\/\">Information sur l&#8217;assurance-emploi, 30 mars 2022<\/a><\/li>\n<li>Formation des rapports de d\u00e9penses Concur, 28\/29\/30 mars 2022<\/li>\n<li>Webinaire sur les petites demandes, 22 mars 2022<\/li>\n<li>S\u00e9ance de questions-r\u00e9ponses avec le responsable de Concur : Rapports de d\u00e9penses, 15 mars 2022<\/li>\n<li>&#8220;Voir l&#8217;invisible&#8221; : Rencontrer et contrer les microagressions, 14 mars 2022<\/li>\n<li>Webinaire sur les grandes subventions, 11 mars 2022<\/li>\n<li>&#8220;Voir l&#8217;invisible&#8221; : Rencontrer et contrer les microagressions, 24 f\u00e9vrier 2022<\/li>\n<li><a href=\"\/fr_CA\/feb-22-financial-planning-meeting\/\">R\u00e9gime de retraite et de planification financi\u00e8re, 22 f\u00e9vrier 2022<\/a><\/li>\n<li><a href=\"\/fr_CA\/speakingthroughthemask\/\">Parler \u00e0 travers le masque, 21 f\u00e9vrier 2022<\/a><\/li>\n<li>&#8220;Voir l&#8217;invisible&#8221; : Rencontrer et contrer les microagressions, 16 f\u00e9vrier 2022<\/li>\n<li>Conseil des repr\u00e9sentants, 1er f\u00e9vrier 2022 (2 choix d&#8217;horaires)<\/li>\n<li>Webinaire sur les petites demandes, 1er f\u00e9vrier 2022<\/li>\n<li>Webinaire sur les grandes subventions, 17 d\u00e9cembre 2021<\/li>\n<li>Conseil consultatif, 13 d\u00e9cembre 2021<\/li>\n<li>Cours de langues &#8211; Plafonds de taille de classe, 4 novembre 2021<\/li>\n<li>PD : Webinaire sur la demande de grande subvention, 30 septembre 2021<\/li>\n<li><a href=\"\/fr_CA\/sep-22-special-arts-and-science-members-meeting\/\">R\u00e9union sp\u00e9ciale des membres des arts et des sciences, 22 septembre 2021<\/a><\/li>\n<li>Orientation, 26 ao\u00fbt 2021<\/li>\n<li>Formation CETP, juin 2021<\/li>\n<li>PD : S\u00e9ances libres 1-3 chaque mardi du 16 f\u00e9vrier au 27 avril<\/li>\n<li>PD : S\u00e9ances libres 2-4 chaque vendredi du 19 f\u00e9vrier \u00e0 aujourd&#8217;hui<\/li>\n<li>Information sur l&#8217;assurance-emploi, 30 mars 2021<\/li>\n<li>Conseil consultatif, 24 mars 2021<\/li>\n<li><a href=\"\/fr_CA\/webinars-on-pay-harmonization\/\">Webinaire sur l&#8217;harmonisation des salaires (lien RH + formulaires), 23 f\u00e9vrier 2021<\/a><\/li>\n<li>R\u00e9gime de retraite et de planification financi\u00e8re, 10 f\u00e9vrier 2021<\/li>\n<li>Conseil des repr\u00e9sentants, 2 f\u00e9vrier 2021 (2 choix d&#8217;horaires)<\/li>\n<li>Webinaire sur l&#8217;harmonisation des salaires (lien RH + formulaires), 9 f\u00e9vrier 2021<\/li>\n<li><a href=\"\/fr_CA\/health-and-wellness-tools\/\">Sant\u00e9 et bien-\u00eatre, d\u00e9cembre 2020<\/a><\/li>\n<li>\u00c9rgonomie, 10 d\u00e9cembre 2020<\/li>\n<li>Club des moins de 24 ans, 5 novembre 2020 (2 choix d&#8217;horaires)<\/li>\n<li>Conseil consultatif, 20 octobre 2020<\/li>\n<li>Orientation, 20 ao\u00fbt 2020<\/li>\n<li>Formation FRIS, juin 2020<\/li>\n<li>Formation CETP, juin 2020<\/li>\n<li><a href=\"\/fr_CA\/ta-workload-form-training-video\/\">Formation sur le formulaire de charge de travail des TA, juin 2020<\/a><\/li>\n<li><a href=\"\/fr_CA\/sleep-solutions-for-families\/\">Solutions de sommeil pour les familles, juin 2020<\/a><\/li>\n<li><a href=\"\/fr_CA\/practical-budgeting-and-expense-savings-strategies-during-covid-19\/\">Atelier sur l&#8217;\u00e9tablissement de budgets, 10 juin 2020<\/a><\/li>\n<li><a href=\"\/fr_CA\/how-to-choose-an-investment-professional-and-conserve-your-retirement-money-during-covid-19-era\/\">Atelier financier, mai 2020<\/a><\/li>\n<\/ul>\n","protected":false},"excerpt":{"rendered":"<ul>\n<li><b>Les liens Zoom<\/b> <strong>pour les prochaines r\u00e9unions<\/strong> <span style=\"font-weight: 400;\">ne sont pas affich\u00e9s sur notre site Web afin de garantir que les r\u00e9unions de l&#8217;APTPUC sont r\u00e9serv\u00e9es aux membres uniquement.<\/span> <stron... \n<br \/>\n","protected":false},"author":14,"featured_media":0,"parent":0,"menu_order":0,"comment_status":"closed","ping_status":"closed","template":"","meta":{"footnotes":""},"class_list":["post-5502","page","type-page","status-publish","hentry"],"_links":{"self":[{"href":"https:\/\/www.cupfa.org\/fr_CA\/wp-json\/wp\/v2\/pages\/5502","targetHints":{"allow":["GET"]}}],"collection":[{"href":"https:\/\/www.cupfa.org\/fr_CA\/wp-json\/wp\/v2\/pages"}],"about":[{"href":"https:\/\/www.cupfa.org\/fr_CA\/wp-json\/wp\/v2\/types\/page"}],"author":[{"embeddable":true,"href":"https:\/\/www.cupfa.org\/fr_CA\/wp-json\/wp\/v2\/users\/14"}],"replies":[{"embeddable":true,"href":"https:\/\/www.cupfa.org\/fr_CA\/wp-json\/wp\/v2\/comments?post=5502"}],"version-history":[{"count":108,"href":"https:\/\/www.cupfa.org\/fr_CA\/wp-json\/wp\/v2\/pages\/5502\/revisions"}],"predecessor-version":[{"id":7161,"href":"https:\/\/www.cupfa.org\/fr_CA\/wp-json\/wp\/v2\/pages\/5502\/revisions\/7161"}],"wp:attachment":[{"href":"https:\/\/www.cupfa.org\/fr_CA\/wp-json\/wp\/v2\/media?parent=5502"}],"curies":[{"name":"wp","href":"https:\/\/api.w.org\/{rel}","templated":true}]}}