

{"id":5526,"date":"2021-01-19T19:46:35","date_gmt":"2021-01-20T00:46:35","guid":{"rendered":"https:\/\/cupfa.org\/?page_id=5526"},"modified":"2025-06-12T20:16:55","modified_gmt":"2025-06-13T00:16:55","slug":"loas","status":"publish","type":"page","link":"https:\/\/www.cupfa.org\/fr_CA\/loas\/","title":{"rendered":"Les Lettres d'Entente"},"content":{"rendered":"<p><b>Les Lettres d&#8217;Entente<\/b> modifient officiellement les conventions collectives apr\u00e8s leur signature \u2013 ces d\u00e9tails suppl\u00e9mentaires sont progressivement incorpor\u00e9s dans le document principal de la convention.<\/p>\n<p>Les n\u00e9gociations se poursuivent sur certains points apr\u00e8s la signature de notre convention collective 2023-26 et seront affich\u00e9es ici sous forme de lettres d&#8217;entente lorsqu&#8217;elles seront conclues.<\/p>\n<p><span style=\"font-weight: 400;\">Les lettres d&#8217;ententes indiqu\u00e9es ci-dessous ont \u00e9t\u00e9 sign\u00e9es apr\u00e8s la convention collective 2023-2026 de l&#8217;APTPUC:<\/span><\/p>\n<table style=\"height: 506px;\">\n<tbody>\n<tr style=\"height: 18px;\">\n<th style=\"width: 275.641px; border-right: 1px solid #cccccc; height: 18px;\">sujet<\/th>\n<th style=\"height: 18px; width: 126.359px;\">Date<\/th>\n<\/tr>\n<tr>\n<td style=\"border-right: 1px solid #cccccc; width: 275.641px;\"><a href=\"\/pdf\/LOA\/LOA_2024_03_28_Overload_Interest_Guaging.pdf\"><span style=\"font-weight: 400;\">Mise \u00e0 jour des proc\u00e9dures 10.19 et 10.20 dans l&#8217;Article 10<\/span><\/a><\/td>\n<td style=\"width: 126.359px;\"><span style=\"font-weight: 400;\">28 mars 2024<\/span><\/td>\n<\/tr>\n<tr>\n<td style=\"border-right: 1px solid #cccccc; width: 275.641px;\"><a href=\"\/pdf\/LOA\/LOA_2024-03-08_Fine Arts_Teaching_and_Service_Bundles_LOA.pdf\"><span style=\"font-weight: 400;\">Pilote de Forfaits d&#8217;Enseignement et de Service en Beaux-Arts<\/span><\/a><\/td>\n<td style=\"width: 126.359px;\"><span style=\"font-weight: 400;\">8 mars 2024<\/span><\/td>\n<\/tr>\n<\/tbody>\n<\/table>\n","protected":false},"excerpt":{"rendered":"<p><b>Les Lettres d&#8217;Entente<\/b> modifient officiellement les conventions collectives apr\u00e8s leur signature \u2013 ces d\u00e9tails suppl\u00e9mentaires sont progressivement incorpor\u00e9s dans le document principal de la convention.<\/p>\n<p>Les n\u00e9gociations se poursui&#8230;<\/p>\n","protected":false},"author":14,"featured_media":0,"parent":0,"menu_order":0,"comment_status":"closed","ping_status":"closed","template":"","meta":{"footnotes":""},"class_list":["post-5526","page","type-page","status-publish","hentry"],"_links":{"self":[{"href":"https:\/\/www.cupfa.org\/fr_CA\/wp-json\/wp\/v2\/pages\/5526","targetHints":{"allow":["GET"]}}],"collection":[{"href":"https:\/\/www.cupfa.org\/fr_CA\/wp-json\/wp\/v2\/pages"}],"about":[{"href":"https:\/\/www.cupfa.org\/fr_CA\/wp-json\/wp\/v2\/types\/page"}],"author":[{"embeddable":true,"href":"https:\/\/www.cupfa.org\/fr_CA\/wp-json\/wp\/v2\/users\/14"}],"replies":[{"embeddable":true,"href":"https:\/\/www.cupfa.org\/fr_CA\/wp-json\/wp\/v2\/comments?post=5526"}],"version-history":[{"count":44,"href":"https:\/\/www.cupfa.org\/fr_CA\/wp-json\/wp\/v2\/pages\/5526\/revisions"}],"predecessor-version":[{"id":5600,"href":"https:\/\/www.cupfa.org\/fr_CA\/wp-json\/wp\/v2\/pages\/5526\/revisions\/5600"}],"wp:attachment":[{"href":"https:\/\/www.cupfa.org\/fr_CA\/wp-json\/wp\/v2\/media?parent=5526"}],"curies":[{"name":"wp","href":"https:\/\/api.w.org\/{rel}","templated":true}]}}