

{"id":5555,"date":"2021-02-01T10:54:09","date_gmt":"2021-02-01T15:54:09","guid":{"rendered":"https:\/\/cupfa.org\/?page_id=5555"},"modified":"2025-07-04T20:45:28","modified_gmt":"2025-07-05T00:45:28","slug":"workshops","status":"publish","type":"page","link":"https:\/\/www.cupfa.org\/fr_CA\/workshops\/","title":{"rendered":"Ateliers"},"content":{"rendered":"<p>Ateliers propos\u00e9s aux membres de l&#8217;APTPUC par d&#8217;autres professeur(e)s \u00e0 temps partiel ayant des qualifications et une expertise en finances. *\u00c0 titre informatif uniquement, les informations ne sont pas fournies \u00e0 des fins de conseil financier professionnel*<\/p>\n<ul>\n<li><a href=\"\/video\/2025_03_26_FinancialPlanning.mp4\">S\u00e9ance de retraite et de planification financi\u00e8re: 26 mars 2025<\/a><\/li>\n<li><a href=\"\/video\/2022_11_28_DemystifyingThePaystub.mp4\">D\u00e9mystifier votre talon de paie : 28 nov. 2022<\/a><\/li>\n<\/ul>\n","protected":false},"excerpt":{"rendered":"<p>Ateliers propos\u00e9s aux membres de l&#8217;APTPUC par d&#8217;autres professeur(e)s \u00e0 temps partiel ayant des qualifications et une expertise en finances. *\u00c0 titre informatif uniquement, les informations ne sont pas fournies \u00e0 des fins de conseil financier profess&#8230;<\/p>\n","protected":false},"author":14,"featured_media":0,"parent":0,"menu_order":0,"comment_status":"closed","ping_status":"closed","template":"","meta":{"footnotes":""},"class_list":["post-5555","page","type-page","status-publish","hentry"],"_links":{"self":[{"href":"https:\/\/www.cupfa.org\/fr_CA\/wp-json\/wp\/v2\/pages\/5555","targetHints":{"allow":["GET"]}}],"collection":[{"href":"https:\/\/www.cupfa.org\/fr_CA\/wp-json\/wp\/v2\/pages"}],"about":[{"href":"https:\/\/www.cupfa.org\/fr_CA\/wp-json\/wp\/v2\/types\/page"}],"author":[{"embeddable":true,"href":"https:\/\/www.cupfa.org\/fr_CA\/wp-json\/wp\/v2\/users\/14"}],"replies":[{"embeddable":true,"href":"https:\/\/www.cupfa.org\/fr_CA\/wp-json\/wp\/v2\/comments?post=5555"}],"version-history":[{"count":37,"href":"https:\/\/www.cupfa.org\/fr_CA\/wp-json\/wp\/v2\/pages\/5555\/revisions"}],"predecessor-version":[{"id":7316,"href":"https:\/\/www.cupfa.org\/fr_CA\/wp-json\/wp\/v2\/pages\/5555\/revisions\/7316"}],"wp:attachment":[{"href":"https:\/\/www.cupfa.org\/fr_CA\/wp-json\/wp\/v2\/media?parent=5555"}],"curies":[{"name":"wp","href":"https:\/\/api.w.org\/{rel}","templated":true}]}}