

{"id":5571,"date":"2021-02-01T14:47:49","date_gmt":"2021-02-01T19:47:49","guid":{"rendered":"https:\/\/cupfa.org\/?page_id=5571"},"modified":"2024-02-17T22:17:31","modified_gmt":"2024-02-18T03:17:31","slug":"income-tax-and-home-office-expenses","status":"publish","type":"page","link":"https:\/\/www.cupfa.org\/fr_CA\/income-tax-and-home-office-expenses\/","title":{"rendered":"Formulaires d'imp\u00f4t sur le revenu \/ D\u00e9penses li\u00e9es au bureau \u00e0 domicile"},"content":{"rendered":"<p>L&#8217;APTPUC ne fournit pas de conseils financiers ou fiscaux ; les membres sont invit\u00e9s \u00e0 utiliser les services de professionnels agr\u00e9\u00e9s. Les informations suivantes visent \u00e0 aider les membres \u00e0 acc\u00e9der aux informations des <b>gouvernements<\/b> (Agence du revenu du Canada ARC, Revenu Qu\u00e9bec RevQ) ; de l&#8217;<b>employeur<\/b>, l&#8217;Universit\u00e9 Concordia ; concernant les avantages des membres de l&#8217;<b>APTPUC<\/b>.<\/p>\n<p>Pour acc\u00e9der aux relev\u00e9s d&#8217;imp\u00f4t de Concordia (T4, RL1) &#8211; Formulaires pour le <strong>bureau \u00e0 domicile (T2200S, TP-64.3-V) :<\/strong><\/p>\n<ul style=\"padding-left: 0px; margin-left: 20px;\">\n<li><strong>Carrefour &gt; Mon compte CU &gt; Personnel &gt; Relev\u00e9s d&#8217;imp\u00f4t<\/strong> (imp\u00f4t sur le revenu + <strong>bureau \u00e0 domicile<\/strong>)<\/li>\n<li><a href=\"https:\/\/hub.concordia.ca\/carrefour\/services\/hr\/dept\/payroll\/tax-slips.html\">Relev\u00e9s d\u2019imp\u00f4t<\/a> pour l&#8217;ann\u00e9e fiscale la plus r\u00e9cente et les ann\u00e9es pr\u00e9c\u00e9dentes (Carrefour)<\/li>\n<li><a href=\"https:\/\/hub.concordia.ca\/carrefour\/services\/hr\/dept\/payroll\/tax-slips\/supplementary-information.html\">Informations compl\u00e9mentaires pour l&#8217;ann\u00e9e fiscale 2022<\/a> (Carrefour)<\/li>\n<li>Envoyez vos demandes concernant les documents fiscaux de Concordia \u00e0 <a href=\"mailto:genacct@concordia.ca\">genacct@concordia.ca<\/a><\/li>\n<li>Contactez les Ressources humaines concernant l&#8217;avantage exceptionnel et non imposable de Concordia pour 2020<\/li>\n<\/ul>\n<p>Liens vers des informations sur le <strong>bureau \u00e0 domicile<\/strong> de l&#8217;Agence du revenu du Canada et de Revenu Qu\u00e9bec (*m\u00e9thode simplifi\u00e9e \/ m\u00e9thodes forfaitaires disponibles pour les ann\u00e9es d&#8217;imposition 2020-2022 seulement):<\/p>\n<ul style=\"padding-left: 0px; margin-left: 20px;\">\n<li><a href=\"https:\/\/www.canada.ca\/fr\/agence-revenu\/services\/impot\/particuliers\/sujets\/tout-votre-declaration-revenus\/declaration-revenus\/remplir-declaration-revenus\/deductions-credits-depenses\/ligne-22900-autres-depenses-emploi\/espace-travail-domicile-depenses\/comment-demander.html\">Comment faire une r\u00e9clamation &#8211; D\u00e9penses de bureau \u00e0 domicile pour les employ\u00e9s<\/a> (ARC)<\/li>\n<li><a href=\"https:\/\/www.budget.finances.gouv.qc.ca\/budget\/outils\/teletravail-detail-fr.asp\">R\u00e9clamer ses d\u00e9penses de bureau \u00e0 domicile<\/a> (RevQ)<\/li>\n<li><a href=\"https:\/\/www.revenuquebec.ca\/fr\/services-en-ligne\/formulaires-et-publications\/details-courant\/tp-59-s\/\">D\u00e9penses li\u00e9es au t\u00e9l\u00e9travail en raison de la pand\u00e9mie de la Covid-19<\/a> (RevQ)<\/li>\n<\/ul>\n<p><strong>NB :<\/strong> Les d\u00e9penses de <strong>bureau \u00e0 domicile<\/strong> pay\u00e9es par l&#8217;APTPUC dans le cadre de petites r\u00e9clamations ne peuvent pas \u00eatre r\u00e9clam\u00e9es une seconde fois dans l&#8217;imp\u00f4t sur le revenu personnel.<\/p>\n","protected":false},"excerpt":{"rendered":"<p>L&#8217;APTPUC ne fournit pas de conseils financiers ou fiscaux ; les membres sont invit\u00e9s \u00e0 utiliser les services de professionnels agr\u00e9\u00e9s. Les informations suivantes visent \u00e0 aider les membres \u00e0 acc\u00e9der aux informations des <b>gouvernements<\/b> (Agence d&#8230;<\/p>\n","protected":false},"author":14,"featured_media":0,"parent":0,"menu_order":0,"comment_status":"closed","ping_status":"closed","template":"","meta":{"footnotes":""},"class_list":["post-5571","page","type-page","status-publish","hentry"],"_links":{"self":[{"href":"https:\/\/www.cupfa.org\/fr_CA\/wp-json\/wp\/v2\/pages\/5571","targetHints":{"allow":["GET"]}}],"collection":[{"href":"https:\/\/www.cupfa.org\/fr_CA\/wp-json\/wp\/v2\/pages"}],"about":[{"href":"https:\/\/www.cupfa.org\/fr_CA\/wp-json\/wp\/v2\/types\/page"}],"author":[{"embeddable":true,"href":"https:\/\/www.cupfa.org\/fr_CA\/wp-json\/wp\/v2\/users\/14"}],"replies":[{"embeddable":true,"href":"https:\/\/www.cupfa.org\/fr_CA\/wp-json\/wp\/v2\/comments?post=5571"}],"version-history":[{"count":20,"href":"https:\/\/www.cupfa.org\/fr_CA\/wp-json\/wp\/v2\/pages\/5571\/revisions"}],"predecessor-version":[{"id":6966,"href":"https:\/\/www.cupfa.org\/fr_CA\/wp-json\/wp\/v2\/pages\/5571\/revisions\/6966"}],"wp:attachment":[{"href":"https:\/\/www.cupfa.org\/fr_CA\/wp-json\/wp\/v2\/media?parent=5571"}],"curies":[{"name":"wp","href":"https:\/\/api.w.org\/{rel}","templated":true}]}}