

{"id":5704,"date":"2021-07-19T20:28:57","date_gmt":"2021-07-20T00:28:57","guid":{"rendered":"https:\/\/cupfa.org\/?page_id=5704"},"modified":"2025-08-20T10:31:23","modified_gmt":"2025-08-20T14:31:23","slug":"member-benefits","status":"publish","type":"page","link":"https:\/\/www.cupfa.org\/fr_CA\/member-benefits\/","title":{"rendered":"Membres Avantages"},"content":{"rendered":"<p><b>Trouver plus de d\u00e9tails sur les avantages des employ\u00e9s<\/b><span style=\"font-weight: 400;\"> dans les sections d\u00e9sign\u00e9es du <\/span><a href=\"https:\/\/cupfa.org\/\"><span style=\"font-weight: 400;\">site web<\/span><\/a><span style=\"font-weight: 400;\">, sur <\/span><a href=\"https:\/\/hub.concordia.ca\/carrefour.html\"><span style=\"font-weight: 400;\">Carrefour,<\/span><\/a><span style=\"font-weight: 400;\"> et dans <\/span><a href=\"https:\/\/cupfa.org\/collective-agreement\/\"><span style=\"font-weight: 400;\">la convention collective de l&#8217;APTPUC<\/span><\/a><span style=\"font-weight: 400;\">.<\/span><\/p>\n<p><strong>Pour trouver votre anciennet\u00e9 officielle<\/strong>, allez sur <a href=\"https:\/\/fris.concordia.ca\/default.aspx\">FRIS<\/a> et s\u00e9lectionnez \u00ab Part Time Professors and Applicants \u00bb. Faites d\u00e9filer la page jusqu\u2019aux liens sous \u00ab Relevant Documentation \u00bb vers \u00ab <b>CUPFA Seniority List<\/b> \u00bb et d\u2019autres liens utiles vers les affichages de cours actuelles et les instructions concernant les candidatures, la signature des contrats et la fusion des fichiers PDF.<\/p>\n<p><span style=\"font-weight: 400;\">\u00a0<\/span><b>Pour acc\u00e9der aux avantages des employ\u00e9s :<\/b><\/p>\n<ol>\n<li style=\"font-weight: 400;\" aria-level=\"1\"><a href=\"https:\/\/www.concordia.ca\/fr\/rh\/contact.html\"><span style=\"font-weight: 400;\">Communiquez avec les ressources humaines<\/span><\/a><span style=\"font-weight: 400;\"> pour obtenir une <strong>carte d&#8217;identit\u00e9 d&#8217;employ\u00e9<\/strong>, mettre \u00e0 jour votre profil d&#8217;employ\u00e9, etc. Consultez le <\/span><a href=\"https:\/\/hub.concordia.ca\/carrefour\/services\/hr.html\"><span style=\"font-weight: 400;\">site RH<\/span><\/a><span style=\"font-weight: 400;\">.<\/span><\/li>\n<li style=\"font-weight: 400;\" aria-level=\"1\"><span style=\"font-weight: 400;\">Utilisez <\/span><a href=\"https:\/\/hub.concordia.ca\/carrefour\/account.html\"><span style=\"font-weight: 400;\">Mon compte CU<\/span><\/a><span style=\"font-weight: 400;\"> pour obtenir une <strong>adresse courriel Concordia<\/strong> et <strong>utilisez-la quotidiennement<\/strong> pour les informations cl\u00e9s.\u00a0<\/span><\/li>\n<li style=\"font-weight: 400;\" aria-level=\"1\"><a href=\"mailto:info@cupfa.org\"><b>Contactez d&#8217;abord l&#8217;APTPUC<\/b><\/a><span style=\"font-weight: 400;\"> en cas de difficult\u00e9s li\u00e9es aux avantages ou \u00e0 l&#8217;emploi.\u00a0<\/span><\/li>\n<\/ol>\n<p><span style=\"font-weight: 400;\">\u00a0<\/span><b>R\u00e9gime de retraite pour les employ\u00e9s de l&#8217;Universit\u00e9 Concordia<\/b><\/p>\n<p><span style=\"font-weight: 400;\">Consultez les <\/span><a href=\"https:\/\/cupfa.org\/publications\/pension-information\/\"><span style=\"font-weight: 400;\">informations sur la retraite de l&#8217;APTPUC<\/span><\/a><span style=\"font-weight: 400;\"> et la vid\u00e9o de la s\u00e9ance d&#8217;orientation sur la retraite, y compris <\/span><a href=\"https:\/\/cupfa.org\/retirement-planning\/\"><span style=\"font-weight: 400;\">la planification des finances et de la retraite<\/span><\/a><span style=\"font-weight: 400;\">.<\/span><span style=\"font-weight: 400;\">\u00a0<\/span><\/p>\n<p><span style=\"font-weight: 400;\">Les membres sont admissibles au r\u00e9gime de retraite une fois que leur revenu annuel \u00e0 Concordia atteint un niveau \u00e9quivalent \u00e0 l&#8217;enseignement d&#8217;environ 3 cours entre janvier et d\u00e9cembre. Cela d\u00e9clenche l&#8217;inscription au r\u00e9gime le 1<\/span><span style=\"font-weight: 400;\">er<\/span><span style=\"font-weight: 400;\"> janvier de l&#8217;ann\u00e9e suivante, et la participation au r\u00e9gime se poursuit m\u00eame si la charge de travail et le salaire sont inf\u00e9rieurs les ann\u00e9es suivantes.<\/span><\/p>\n<p><span style=\"font-weight: 400;\">L&#8217;APTPUC recommande aux membres de tenter de se qualifier d\u00e8s que possible pour le <a href=\"https:\/\/www.concordia.ca\/fr\/rh\/avantages-sociaux\/pension.html\">r\u00e9gime de retraite \u00e0 prestations d\u00e9termin\u00e9es<\/a> exceptionnellement <\/span><span style=\"font-weight: 400;\">avantageux de Concordia, qui comprend des paiements mensuels garantis \u00e0 vie.\u00a0<\/span><\/p>\n<p><span style=\"font-weight: 400;\">\u00a0<\/span><b>Comptes REER de groupe et CELI<\/b><span style=\"font-weight: 400;\"> disponibles pour tous les employ\u00e9s de Concordia &#8211; contactez <\/span><a href=\"mailto:benefits@concordia.ca\"><span style=\"font-weight: 400;\">les avantages de Concordia<\/span><\/a><span style=\"font-weight: 400;\">.<\/span><\/p>\n<p><span style=\"font-weight: 400;\">\u00a0<\/span><b>Assurance maladie<\/b><span style=\"font-weight: 400;\"> (article 15.15 de la <a href=\"https:\/\/cupfa.org\/fr_CA\/collective-agreement\/\">convention collective de l&#8217;APTPUC<\/a>)<\/span><\/p>\n<p><span style=\"font-weight: 400;\">\u00c0 compter du 1er septembre 2025, tous les membres de l&#8217;APTPUC seront inscrits au programme <\/span><a href=\"https:\/\/hub.concordia.ca\/carrefour\/services\/hr\/benefits.html\"><span style=\"font-weight: 400;\">r\u00e9gime d\u2019assurance m\u00e9dicale complet de Concordia<\/span><\/a><span style=\"font-weight: 400;\"> et peuvent y renoncer s\u2019ils sont couverts par un autre r\u00e9gime d\u2019assurance m\u00e9dicaments \u00e9quivalent \u00e0 celui de la RAMQ. <\/span><span style=\"font-weight: 400;\">Contactez <\/span><a href=\"mailto:info@cupfa.org\"><span style=\"font-weight: 400;\">Info APTPUC<\/span><\/a><span style=\"font-weight: 400;\"> pour toute question ou probl\u00e8me.<\/span><\/p>\n<p><span style=\"font-weight: 400;\">\u00a0<\/span><b>Assurance salaire en cas de maladie et d&#8217;invalidit\u00e9<\/b><span style=\"font-weight: 400;\"> (articles 15.04 et 15.05 de la <a href=\"https:\/\/cupfa.org\/fr_CA\/collective-agreement\/\">convention collective de l&#8217;APTPUC<\/a>)<\/span><\/p>\n<p><span style=\"font-weight: 400;\">La couverture commence \u00e0 partir de la date de signature de votre contrat : salaire complet<\/span> <span style=\"font-weight: 400;\">+<\/span> <span style=\"font-weight: 400;\">avantages pendant un mois si vous \u00eates trop malade pour travailler pendant la dur\u00e9e du contrat.\u00a0<\/span><\/p>\n<p><span style=\"font-weight: 400;\">Invalidit\u00e9 continue \u00e0 85% du salaire pour le reste du contrat sign\u00e9. Les membres ayant 75 cr\u00e9dits d&#8217;anciennet\u00e9 et des contrats sign\u00e9s pour 2 trimestres cons\u00e9cutifs re\u00e7oivent un salaire \u00e0 85% pour le reste de ces contrats.\u00a0<\/span><\/p>\n<p><span style=\"font-weight: 400;\">Maladie ou blessure professionnelle : <\/span><a href=\"https:\/\/cupfa.org\/fr_CA\/collective-agreement\/\"><span style=\"font-weight: 400;\">article 15.13 de la convention collective de l&#8217;APTPUC<\/span><\/a><span style=\"font-weight: 400;\">.<\/span><\/p>\n<p><span style=\"font-weight: 400;\">Contactez votre directeur de D\u00e9partement et <\/span><span style=\"font-weight: 400;\">medicalabsence@concordia.ca<\/span><span style=\"font-weight: 400;\"> si vous \u00eates trop malade pour travailler. <i>* Voir le <a href=\"\/documents\/Protocol%20for%20Instructor%20Absences%20October%202023.pdf\">protocole d&#8217;absence le plus r\u00e9cent de l&#8217;universit\u00e9.<\/a>.<\/i><\/span><\/p>\n<p><span style=\"font-weight: 400;\">\u00a0<\/span><b>Cong\u00e9s parentaux, de paternit\u00e9 et de maternit\u00e9<\/b><\/p>\n<p><span style=\"font-weight: 400;\">Voir les articles 14.01 \u00e0 14.05 de la <a href=\"https:\/\/cupfa.org\/fr_CA\/collective-agreement\/\">convention collective de l&#8217;APTPUC<\/a>. Contactez <\/span><a href=\"mailto:benefits@concordia.ca\"><span style=\"font-weight: 400;\">les avantages de Concordia<\/span><\/a><span style=\"font-weight: 400;\">.<\/span><\/p>\n<p><span style=\"font-weight: 400;\">\u00a0<\/span><b>Cong\u00e9s pour d\u00e9c\u00e8s<\/b><\/p>\n<p><span style=\"font-weight: 400;\">Voir l&#8217;article 14.06 de la <a href=\"https:\/\/cupfa.org\/fr_CA\/collective-agreement\/\">convention collective de l&#8217;APTPUC<\/a> : 5 jours cons\u00e9cutifs de cong\u00e9 pay\u00e9 en cas de d\u00e9c\u00e8s d&#8217;un membre de la famille imm\u00e9diate ou d&#8217;un beau-parent, extensible \u00e0 10 jours en cas de d\u00e9placement de plus de 300 km de la ville de Montr\u00e9al.<\/span><\/p>\n<p><span style=\"font-weight: 400;\">\u00a0<\/span><b>Cong\u00e9 de participation \u00e0 un jury<\/b><\/p>\n<p><span style=\"font-weight: 400;\">Voir l&#8217;article 14.07 de la <a href=\"https:\/\/cupfa.org\/fr_CA\/collective-agreement\/\">convention collective de l&#8217;APTPUC<\/a> : salaire complet pendant la dur\u00e9e de la participation au jury, sous r\u00e9serve de certaines conditions.<\/span><\/p>\n<p><span style=\"font-weight: 400;\">\u00a0<\/span><b>Espace de bureau et installations<\/b><\/p>\n<p><span style=\"font-weight: 400;\">Voir l&#8217;article 19.01 de la <a href=\"https:\/\/cupfa.org\/fr_CA\/collective-agreement\/\">convention collective de l&#8217;APTPUC<\/a>. Les membres ont le droit d&#8217;utiliser l&#8217;\u00e9quipement informatique et le bureau des membres des professeur(e)s \u00e0 temps partiel de leur D\u00e9partement \u00e0 partir de la date de signature du contrat.<\/span><\/p>\n<p><span style=\"font-weight: 400;\">\u00a0<\/span><b>Exon\u00e9rations de frais de scolarit\u00e9<\/b><\/p>\n<p><span style=\"font-weight: 400;\">Voir les articles 19.03 \u00e0 19.05 de la <a href=\"https:\/\/cupfa.org\/fr_CA\/collective-agreement\/\">convention collective de l&#8217;APTPUC<\/a>. Les exon\u00e9rations de frais de scolarit\u00e9 n\u00e9cessitent 21 cr\u00e9dits d&#8217;anciennet\u00e9.<\/span><\/p>\n<p><span style=\"font-weight: 400;\">\u00a0<\/span><b>Privil\u00e8ges de biblioth\u00e8que<\/b><\/p>\n<p><span style=\"font-weight: 400;\">Voir l&#8217;article 9.06 de la <a href=\"https:\/\/cupfa.org\/fr_CA\/collective-agreement\/\">convention collective de l&#8217;APTPUC<\/a> : utilisation compl\u00e8te de la biblioth\u00e8que pendant la dur\u00e9e du contrat \/ sur la liste d&#8217;anciennet\u00e9 \/ en cong\u00e9. Contactez <\/span><a href=\"mailto:lib-circulation@concordia.ca\"><span style=\"font-weight: 400;\">la circulation de la biblioth\u00e8que<\/span><\/a><span style=\"font-weight: 400;\">.<\/span><\/p>\n<p><span style=\"font-weight: 400;\">\u00a0<\/span><b>Services de sant\u00e9<\/b><\/p>\n<p><span style=\"font-weight: 400;\">Concordia offre des services de clinique de sant\u00e9. Voir <\/span><a href=\"https:\/\/hub.concordia.ca\/carrefour\/services\/health.html\"><span style=\"font-weight: 400;\">les services de sant\u00e9<\/span><\/a><span style=\"font-weight: 400;\">, y compris la <\/span><a href=\"https:\/\/www.concordia.ca\/health\/mental-health.html\"><span style=\"font-weight: 400;\">sant\u00e9 mentale<\/span><\/a><span style=\"font-weight: 400;\">.<\/span><\/p>\n<p><span style=\"font-weight: 400;\">\u00a0<\/span><b>Programme d&#8217;aide aux employ\u00e9s (PAE)<\/b><\/p>\n<p><span style=\"font-weight: 400;\">Le <\/span><a href=\"https:\/\/hub.concordia.ca\/carrefour\/services\/hr\/mental-health-and-wellness.html\"><span style=\"font-weight: 400;\">Programme d&#8217;aide aux employ\u00e9s<\/span><\/a><span style=\"font-weight: 400;\"> est d\u00e9sormais disponible pour tous les employ\u00e9s de Concordia et leur famille imm\u00e9diate sans frais. Le PAE est strictement volontaire et propose une vaste gamme de services de <\/span><b>consultation confidentielle<\/b><span style=\"font-weight: 400;\">, de r\u00e9f\u00e9rence et d&#8217;information en anglais et en fran\u00e7ais, disponibles 24 heures sur 24, 7 jours sur 7.\u00a0<\/span><span style=\"font-weight: 400;\">\u00a0<\/span><\/p>\n<p><strong>Cong\u00e9 avec salaire diff\u00e9r\u00e9<\/strong><\/p>\n<p>Les membres de l&#8217;APTPUC qui ont accumul\u00e9 plus de 50 cr\u00e9dits peuvent mettre de c\u00f4t\u00e9 le tiers de leur salaire pendant trois ans afin de prendre un cong\u00e9 d&#8217;un an au cours de la quatri\u00e8me ann\u00e9e, pendant lequel ils recevront leur salaire diff\u00e9r\u00e9 (major\u00e9 des int\u00e9r\u00eats courus). Pour entamer le processus de cong\u00e9 avec salaire diff\u00e9r\u00e9, communiquez avec <a href=\"info@cupfa.org\">Info APTPUC<\/a>.<\/p>\n","protected":false},"excerpt":{"rendered":"<p><b>Trouver plus de d\u00e9tails sur les avantages des employ\u00e9s<\/b><span style=\"font-weight: 400;\"> dans les sections d\u00e9sign\u00e9es du <\/span><a href=\"https:\/\/cupfa.org\/\"><span style=\"font-weight: 400;\">site web<\/span><\/a><span style=\"font-weight: 400;\">, sur &#8230;<\/p>\n","protected":false},"author":14,"featured_media":0,"parent":0,"menu_order":0,"comment_status":"closed","ping_status":"closed","template":"","meta":{"footnotes":""},"class_list":["post-5704","page","type-page","status-publish","hentry"],"_links":{"self":[{"href":"https:\/\/www.cupfa.org\/fr_CA\/wp-json\/wp\/v2\/pages\/5704","targetHints":{"allow":["GET"]}}],"collection":[{"href":"https:\/\/www.cupfa.org\/fr_CA\/wp-json\/wp\/v2\/pages"}],"about":[{"href":"https:\/\/www.cupfa.org\/fr_CA\/wp-json\/wp\/v2\/types\/page"}],"author":[{"embeddable":true,"href":"https:\/\/www.cupfa.org\/fr_CA\/wp-json\/wp\/v2\/users\/14"}],"replies":[{"embeddable":true,"href":"https:\/\/www.cupfa.org\/fr_CA\/wp-json\/wp\/v2\/comments?post=5704"}],"version-history":[{"count":27,"href":"https:\/\/www.cupfa.org\/fr_CA\/wp-json\/wp\/v2\/pages\/5704\/revisions"}],"predecessor-version":[{"id":6307,"href":"https:\/\/www.cupfa.org\/fr_CA\/wp-json\/wp\/v2\/pages\/5704\/revisions\/6307"}],"wp:attachment":[{"href":"https:\/\/www.cupfa.org\/fr_CA\/wp-json\/wp\/v2\/media?parent=5704"}],"curies":[{"name":"wp","href":"https:\/\/api.w.org\/{rel}","templated":true}]}}