

{"id":6917,"date":"2024-01-18T15:13:00","date_gmt":"2024-01-18T20:13:00","guid":{"rendered":"https:\/\/www.cupfa.org\/?page_id=6917"},"modified":"2024-01-18T15:13:00","modified_gmt":"2024-01-18T20:13:00","slug":"faq-about-edi","status":"publish","type":"page","link":"https:\/\/www.cupfa.org\/fr_CA\/faq-about-edi\/","title":{"rendered":"FAQ about EDI"},"content":{"rendered":"<p style=\"text-align: center; font-weight: bold;\">Qu&#8217;est-ce que l&#8217;EDI<\/p>\n<p>L&#8217;\u00e9quit\u00e9 est <b>le traitement juste<\/b> de tous les membres de la communaut\u00e9 par l&#8217;\u00e9limination des barri\u00e8res institutionnalis\u00e9s et des pr\u00e9jug\u00e9s.<\/p>\n<p>La diversit\u00e9 est <b>la repr\u00e9sentation<\/b> de diff\u00e9rentes visions du monde, pratiques et exp\u00e9riences au sein d&#8217;une communaut\u00e9. Les individus peuvent avoir des identit\u00e9s diverses et crois\u00e9es selon les dimensions de la race, de l&#8217;indig\u00e9n\u00e9it\u00e9, de l&#8217;ethnicit\u00e9, de l&#8217;identit\u00e9 sexuelle et du genre, du statut socio-\u00e9conomique, de l&#8217;\u00e2ge et des capacit\u00e9s.<\/p>\n<p>L&#8217;inclusion consiste \u00e0 <b>valoriser et \u00e0 accueillir<\/b> tous les membres de la communaut\u00e9, en particulier ceux qui appartiennent \u00e0 des groupes sous-repr\u00e9sent\u00e9s.<\/p>\n<p style=\"text-align: center; font-weight: bold;\">Que fait le Comit\u00e9 EDI<\/p>\n<p>Le Comit\u00e9 EDI conseille le comit\u00e9 ex\u00e9cutif de l&#8217;APTPUC et l&#8217;aide \u00e0 d\u00e9fendre les int\u00e9r\u00eats des professeurs \u00e0 temps partiel. Il informe \u00e9galement les membres sur divers sujets li\u00e9s \u00e0 l&#8217;EDI et offre un soutien confidentiel aux membres individuels.<\/p>\n<p style=\"text-align: center; font-weight: bold;\">Comment le Comit\u00e9 EDI\u00a0 d\u00e9fend-il les int\u00e9r\u00eats des membres<\/p>\n<p>Le Comit\u00e9 EDI assure la liaison avec le Bureau des droits et des obligations, le Bureau de l&#8217;ombudsman, et le Bureau de l&#8217;\u00e9quit\u00e9 de Concordia, et avec l&#8217;employeur pour les cas individuels et milite en faveur de changements aux politiques qui touchent les membres.<\/p>\n<p style=\"text-align: center; font-weight: bold;\">Comment le Comit\u00e9 EDI\u00a0 conseille-t-il l&#8217;ex\u00e9cutif de l&#8217;APTPUC<\/p>\n<p>Le Comit\u00e9 EDI se tient inform\u00e9 et vigilant sur les questions d&#8217;EDI \u00e0 Concordia et sur les d\u00e9veloppements de l&#8217;EDI ailleurs afin de conseiller l&#8217;ex\u00e9cutif de l&#8217;APTPUC. Nous sommes en communication r\u00e9guli\u00e8re avec le comit\u00e9 ex\u00e9cutif. N&#8217;h\u00e9sitez pas \u00e0 nous faire part de vos id\u00e9es !<\/p>\n<p style=\"text-align: center; font-weight: bold;\">Comment le Comit\u00e9 EDI\u00a0 informe-t-il et \u00e9duque-t-il le corps professoral<\/p>\n<p>En organisant des ateliers pour les membres et en partageant des ressources et du contenu sur le site Web de l&#8217;APTPUC.<\/p>\n<p style=\"text-align: center; font-weight: bold;\">Comment puis-je contacter le comit\u00e9<\/p>\n<p>\u00c9crivez-nous \u00e0 <a href=\"mailto:edi@cupfa.org\">edi@cupfa.org<\/a>.<\/p>\n<p style=\"text-align: center; font-weight: bold;\">Quelles sont les questions\u00a0 dont je peux discuter avec le comit\u00e9<\/p>\n<p>Nous sommes l\u00e0 pour vous apporter notre soutien et nos conseils sur toutes les questions qui peuvent se poser dans votre salle de classe, au sein de votre d\u00e9partement ou dans n&#8217;importe quel aspect de l&#8217;administration ou des services de l&#8217;universit\u00e9.\u00a0<\/p>\n<p>Nous vous recommandons de nous contacter en premier lieu pour discuter de situations dans lesquelles vous estimez que l&#8217;on vous a refus\u00e9 un traitement \u00e9quitable, que vous avez fait l&#8217;objet d&#8217;une discrimination ou que l&#8217;appartenance \u00e0 une race, un sexe ou une capacit\u00e9 n&#8217;a pas \u00e9t\u00e9 respect\u00e9e.<\/p>\n<p>Les plaintes \u00e9tudiantes, les demandes d&#8217;accommodement, les moyens de faire face \u00e0 l&#8217;\u00e9volution rapide des pr\u00e9occupations sociales ne sont que quelques-uns des sujets que vous pouvez aborder avec nous.<\/p>\n<p style=\"text-align: center; font-weight: bold;\">Les discussions sont-elles confidentielles<\/p>\n<p>L&#8217;information peut \u00eatre partag\u00e9e si n\u00e9cessaire au sein du petit comit\u00e9 EDI, mais les informations d&#8217;identification personnelle telles que votre nom, votre d\u00e9partement, et les informations sensibles, par exemple une condition m\u00e9dicale ou l&#8217;appartenance \u00e0 un groupe \u00e0 la recherche d&#8217;\u00e9quit\u00e9, ne seront pas partag\u00e9es avec l&#8217;ex\u00e9cutif ou le personnel de l&#8217;APTPUC, ou d&#8217;autres personnes sans votre autorisation.\u00a0<\/p>\n<p>Veuillez noter que, sans cette autorisation, nous pourrions \u00eatre limit\u00e9s dans l&#8217;aide que nous pouvons vous apporter. Nous vous demanderons \u00e9galement votre autorisation avant de partager des informations avec d&#8217;autres parties en votre nom, telles que le Bureau de l\u2019ombudsman, le Bureau des droits et des obligations, et le Bureau de l&#8217;\u00e9quit\u00e9 de Concordia, ou l&#8217;employeur.<\/p>\n<p style=\"text-align: center; font-weight: bold;\">Pouvez-vous m&#8217;aider \u00e0\u00a0 demander un am\u00e9nagement du lieu de travail <\/p>\n<p>Oui, nous pouvons vous aider \u00e0 demander un accommodement et travailler avec vous pendant la proc\u00e9dure.<\/p>\n<p style=\"text-align: center; font-weight: bold;\">Pouvez-vous me conseiller sur des probl\u00e8mes li\u00e9s \u00e0 l&#8217;EDI avec mon directeur de d\u00e9partement, mes coll\u00e8gues ou mes \u00e9tudiants, telles que des accusations, des malentendus, etc.?\n<\/p>\n<p>Nous pouvons discuter de plaintes, que vous ayez une plainte \u00e0 formuler ou qu&#8217;un \u00e9tudiant, un coll\u00e8gue ou un directeur de d\u00e9partement ait une plainte \u00e0 formuler \u00e0 votre encontre.<\/p>\n<p style=\"text-align: center; font-weight: bold;\">Devrais-je vous contacter avant de m&#8217;adresser au\u00a0 bureau de l&#8217;\u00e9quit\u00e9,\u00a0 de l\u2019ombudsman,\u00a0 ou\u00a0 des droits et des obligations<\/p>\n<p>Oui, nous vous conseillons de nous contacter avant de vous rendre dans ces bureaux.<\/p>\n<p style=\"text-align: center;\">\n<p style=\"text-align: center; font-weight: bold;\">Pouvez-vous m&#8217;accompagner \u00e0 des r\u00e9unions avec l&#8217;employeur, le bureau de l&#8217;\u00e9quit\u00e9, de l\u2019ombudsman,\u00a0 ou des droits et des obligations<\/p>\n<p>Oui, avec la permission de toutes les personnes concern\u00e9es, nous pouvons vous accompagner aux r\u00e9unions qui concernent votre probl\u00e8me.<\/p>\n<p style=\"text-align: center;\">\n<p style=\"text-align: center; font-weight: bold;\">Comment puis-je rester inform\u00e9\u00a0 des prochains ateliers<\/p>\n<p>Consultez r\u00e9guli\u00e8rement vos courriels de l&#8217;APTPUC (<a href=\"mailto:info@cupfa.org\">info@cupfa.org<\/a>).<\/p>\n","protected":false},"excerpt":{"rendered":"<p style=\"text-align: center; font-weight: bold;\">Qu&#8217;est-ce que l&#8217;EDI<\/p>\n<p>L&#8217;\u00e9quit\u00e9 est <b>le traitement juste<\/b> de tous les membres de la communaut\u00e9 par l&#8217;\u00e9limination des barri\u00e8res institutionnalis\u00e9s et des pr\u00e9jug\u00e9s.<\/p>\n<p>La diversit\u00e9 es&#8230;<\/p>\n","protected":false},"author":14,"featured_media":0,"parent":0,"menu_order":0,"comment_status":"closed","ping_status":"closed","template":"","meta":{"footnotes":""},"class_list":["post-6917","page","type-page","status-publish","hentry"],"_links":{"self":[{"href":"https:\/\/www.cupfa.org\/fr_CA\/wp-json\/wp\/v2\/pages\/6917","targetHints":{"allow":["GET"]}}],"collection":[{"href":"https:\/\/www.cupfa.org\/fr_CA\/wp-json\/wp\/v2\/pages"}],"about":[{"href":"https:\/\/www.cupfa.org\/fr_CA\/wp-json\/wp\/v2\/types\/page"}],"author":[{"embeddable":true,"href":"https:\/\/www.cupfa.org\/fr_CA\/wp-json\/wp\/v2\/users\/14"}],"replies":[{"embeddable":true,"href":"https:\/\/www.cupfa.org\/fr_CA\/wp-json\/wp\/v2\/comments?post=6917"}],"version-history":[{"count":3,"href":"https:\/\/www.cupfa.org\/fr_CA\/wp-json\/wp\/v2\/pages\/6917\/revisions"}],"predecessor-version":[{"id":6920,"href":"https:\/\/www.cupfa.org\/fr_CA\/wp-json\/wp\/v2\/pages\/6917\/revisions\/6920"}],"wp:attachment":[{"href":"https:\/\/www.cupfa.org\/fr_CA\/wp-json\/wp\/v2\/media?parent=6917"}],"curies":[{"name":"wp","href":"https:\/\/api.w.org\/{rel}","templated":true}]}}