

{"id":7323,"date":"2025-08-11T19:26:59","date_gmt":"2025-08-11T23:26:59","guid":{"rendered":"https:\/\/www.cupfa.org\/?page_id=7323"},"modified":"2025-09-27T14:02:41","modified_gmt":"2025-09-27T18:02:41","slug":"health-plan","status":"publish","type":"page","link":"https:\/\/www.cupfa.org\/fr_CA\/services\/health-plan\/","title":{"rendered":"R\u00e9gime de sant\u00e9"},"content":{"rendered":"<p><span style=\"font-weight: 400;\">Dans le cadre de notre nouvelle convention collective 2023-2026, tous les membres de l&#8217;APTPUC ont d\u00e9sormais acc\u00e8s au r\u00e9gime complet d&#8217;assurance maladie de Concordia sans avoir \u00e0 remplir les conditions d&#8217;anciennet\u00e9 minimale qui \u00e9taient auparavant requises.<\/span><\/p>\n<p><a href=\"\/documents\/2025-09-23_NEW_PLAN_for_CUPFA_CUCEPTFU.pdf\">Nouvelle assurance m\u00e9dicale globale pour l&#8217;APTPUC et le SCCEAUC (En vigueur le 1er sept. 2025)<\/a><\/p>\n<p><span style=\"font-weight: 400;\">(Ao\u00fbt 2025) L&#8217;universit\u00e9 est en train de mettre \u00e0 jour son site web avec les d\u00e9tails du r\u00e9gime: <\/span><span style=\"font-weight: 400;\">Carrefour &gt; Services and resources &gt; Health &amp; wellness &gt; Health Insurance &gt; (barre rouge) \u2192 <\/span><a href=\"https:\/\/hub.concordia.ca\/carrefour\/services\/hr\/avantages-sociaux\/aptpuc-scceauc\/sante.html\"><span style=\"font-weight: 400;\">Membres de l\u2019APTPUC et du SCCEAUC &#8211; cliquez ici<\/span><\/a><span style=\"font-weight: 400;\">.<\/span><\/p>\n<p>Pr\u00e9sentation de la nouvelle assurance m\u00e9dicale compl\u00e8te pour l\u2019APTPUC et le SCCEAUC (sept. 2025)<br \/>\n<div id=\"wpfp_13a68e3bbc519fd67478365850500be3\" data-item=\"{&quot;sources&quot;:[{&quot;src&quot;:&quot;https:\\\/\\\/www.cupfa.org:443\\\/video\\\/2025_09_24_NewComprehensiveMedicalCoverage.mp4&quot;,&quot;type&quot;:&quot;video\\\/mp4&quot;}],&quot;id&quot;:&quot;18&quot;}\" class=\"flowplayer no-brand is-splash no-svg is-paused skin-slim fp-slim fp-edgy\" style=\"position:relative; max-width: 1200px; max-height: 900px; \" data-ratio=\"0.75\" data-advance=\"false\">\n\t<div class=\"fp-ratio\" style=\"padding-top: 75%\"><\/div>\n\t<div class=\"fp-ui\"><noscript>Please enable JavaScript<\/noscript><div class=\"fp-play fp-visible\"><svg class=\"fp-play-sharp-fill\" xmlns=\"http:\/\/www.w3.org\/2000\/svg\" viewBox=\"0 0 100 100\"><defs><style>.fp-color-play{opacity:0.65;}.controlbutton{fill:#fff;}<\/style><\/defs><title>play-sharp-fill<\/title><path class=\"fp-color-play\" d=\"M49.9217-.078a50,50,0,1,0,50,50A50.0564,50.0564,0,0,0,49.9217-.078Z\"\/><polygon class=\"controlbutton\" points=\"73.601 50 37.968 70.573 37.968 29.427 73.601 50\" filter=\"url(#f1)\"\/><\/svg><\/div><div class=\"fp-preload\"><b><\/b><b><\/b><b><\/b><b><\/b><\/div><\/div>\n\n<\/div>\n<\/p>\n","protected":false},"excerpt":{"rendered":"<p><span style=\"font-weight: 400;\">Dans le cadre de notre nouvelle convention collective 2023-2026, tous les membres de l&#8217;APTPUC ont d\u00e9sormais acc\u00e8s au r\u00e9gime complet d&#8217;assurance maladie de Concordia sans avoir \u00e0 remplir les conditions d&#8217;anciennet\u00e9 mini&#8230;<\/p>\n","protected":false},"author":14,"featured_media":0,"parent":5495,"menu_order":0,"comment_status":"closed","ping_status":"closed","template":"","meta":{"footnotes":""},"class_list":["post-7323","page","type-page","status-publish","hentry"],"_links":{"self":[{"href":"https:\/\/www.cupfa.org\/fr_CA\/wp-json\/wp\/v2\/pages\/7323","targetHints":{"allow":["GET"]}}],"collection":[{"href":"https:\/\/www.cupfa.org\/fr_CA\/wp-json\/wp\/v2\/pages"}],"about":[{"href":"https:\/\/www.cupfa.org\/fr_CA\/wp-json\/wp\/v2\/types\/page"}],"author":[{"embeddable":true,"href":"https:\/\/www.cupfa.org\/fr_CA\/wp-json\/wp\/v2\/users\/14"}],"replies":[{"embeddable":true,"href":"https:\/\/www.cupfa.org\/fr_CA\/wp-json\/wp\/v2\/comments?post=7323"}],"version-history":[{"count":8,"href":"https:\/\/www.cupfa.org\/fr_CA\/wp-json\/wp\/v2\/pages\/7323\/revisions"}],"predecessor-version":[{"id":7354,"href":"https:\/\/www.cupfa.org\/fr_CA\/wp-json\/wp\/v2\/pages\/7323\/revisions\/7354"}],"up":[{"embeddable":true,"href":"https:\/\/www.cupfa.org\/fr_CA\/wp-json\/wp\/v2\/pages\/5495"}],"wp:attachment":[{"href":"https:\/\/www.cupfa.org\/fr_CA\/wp-json\/wp\/v2\/media?parent=7323"}],"curies":[{"name":"wp","href":"https:\/\/api.w.org\/{rel}","templated":true}]}}