

{"id":97,"date":"2017-03-24T11:30:47","date_gmt":"2017-03-24T11:30:47","guid":{"rendered":"https:\/\/cupfa.org\/\/?page_id=97"},"modified":"2023-10-12T15:05:04","modified_gmt":"2023-10-12T19:05:04","slug":"executive","status":"publish","type":"page","link":"https:\/\/www.cupfa.org\/fr_CA\/about\/executive\/","title":{"rendered":"L'Ex\u00e9cutif 2023-2026"},"content":{"rendered":"<p><strong> <img decoding=\"async\" class=\"alignleft wp-image-3118\" src=\"https:\/\/cupfa.org\/wp-content\/uploads\/2017\/03\/Robert-Soroka-outdoor-leaning-touched-up-cropped-2016_11_13-21_09_34-UTC-210x300.jpg\" alt=\"Robert Soroka\" width=\"164\" srcset=\"\/\/www.cupfa.org\/wp-content\/uploads\/2017\/03\/Robert-Soroka-outdoor-leaning-touched-up-cropped-2016_11_13-21_09_34-UTC-210x300.jpg 210w, \/\/www.cupfa.org\/wp-content\/uploads\/2017\/03\/Robert-Soroka-outdoor-leaning-touched-up-cropped-2016_11_13-21_09_34-UTC-561x800.jpg 561w, \/\/www.cupfa.org\/wp-content\/uploads\/2017\/03\/Robert-Soroka-outdoor-leaning-touched-up-cropped-2016_11_13-21_09_34-UTC.jpg 750w\" sizes=\"(max-width: 210px) 100vw, 210px\" \/>Robert Soroka<\/strong><br \/>\nB. Comm, MBA, Juris Doctor<br \/>\n<em>Pr\u00e9sident<\/em><\/p>\n<p>Robert Soroka poss\u00e8de une exp\u00e9rience diversifi\u00e9e en tant qu&#8217;avocat criminel, professeur, ex\u00e9cutif syndical, analyste en marketing, personnalit\u00e9 de la t\u00e9l\u00e9vision et de la radio, conf\u00e9rencier, consultant, et, en tant que passe-temps, acteur et dramaturge. Il a commenc\u00e9 sa carri\u00e8re en tant qu&#8217;analyste en marketing et finance pour de grandes organisations de consommation et de commerce interentreprises. Apr\u00e8s avoir obtenu son dipl\u00f4me de Juris Doctor (State University of New York), il a exerc\u00e9 en droit criminel. \u00c0 son retour au Canada, il a travaill\u00e9 en tant que consultant pour des organisations publiques et priv\u00e9es.<\/p>\n<p>Soroka est actuellement membre du corps professoral de la JMSB et a \u00e9t\u00e9 membre du corps professoral de plusieurs autres universit\u00e9s et C\u00c9GEPs. Au Coll\u00e8ge Dawson, il a \u00e9t\u00e9 directeur de d\u00e9partement et coordinateur de programme pendant 10 ans et a fond\u00e9 la comp\u00e9tition annuelle Dawson Quebec Case Competition. \u00c0 McGill, Soroka a \u00e9t\u00e9 l&#8217;agent de griefs pour le Syndicat des charg\u00e9(e)s de cours. \u00c0 Concordia il a \u00e9t\u00e9, entre autre, le coordonnateur des programmes d&#8217;affaires de l&#8217;\u00c9cole de la formation continue.<\/p>\n<p>Il a re\u00e7u le Prix d&#8217;excellence en enseignement de l&#8217;Universit\u00e9 Concordia et le Prix d&#8217;enseignement distingu\u00e9 de la JMSB, ainsi que le Prix d&#8217;enseignement des \u00e9tudiants de premier cycle en gestion de l&#8217;Universit\u00e9 McGill.<\/p>\n<p>Soroka est pass\u00e9 \u00e0 la t\u00e9l\u00e9vision et \u00e0 la radio (nationale et locale)\u00a0 plus de 1500 fois et a \u00e9t\u00e9 un commentateur r\u00e9gulier sur CTV, Global TV et CBC. Il a anim\u00e9 une \u00e9mission de radio locale de revue de la semaine pendant plusieurs ann\u00e9es. L&#8217;une des passions de Soroka est le th\u00e9\u00e2tre ; il est l&#8217;auteur de plusieurs pi\u00e8ces produites.<\/p>\n<p>En tant que pr\u00e9sident de l&#8217;APTPUC, Soroka assure le leadership dans tous les domaines li\u00e9s au travail. Entre autres, il contribue de mani\u00e8re significative \u00e0 divers comit\u00e9s, donne une direction strat\u00e9gique \u00e0 l&#8217;ex\u00e9cutif et g\u00e8re plusieurs portefeuilles. Il apporte son expertise juridique et commerciale en si\u00e9geant au Comit\u00e9 des relations de travail et \u00e0 l&#8217;\u00c9quipe de n\u00e9gociation. Il est le principal interlocuteur avec la haute direction de l&#8217;universit\u00e9 et si\u00e8ge actuellement au Conseil d&#8217;administration.<\/p>\n<p>E: <a href=\"mailto:robert.soroka@cupfa.org\">robert.soroka@cupfa.org<\/a><br \/>\nT: 514-848-2424 poste 3691<\/p>\n<hr \/>\n<p><img decoding=\"async\" class=\"alignleft wp-image-3367\" src=\"https:\/\/cupfa.org\/wp-content\/uploads\/2017\/03\/patrice-small-196x300.jpg\" alt=\"\" width=\"164\" srcset=\"\/\/www.cupfa.org\/wp-content\/uploads\/2017\/03\/patrice-small-196x300.jpg 196w, \/\/www.cupfa.org\/wp-content\/uploads\/2017\/03\/patrice-small.jpg 320w\" sizes=\"(max-width: 196px) 100vw, 196px\" \/><strong>Me Patrice Blais<\/strong><br \/>\n<em>Vice-Pr\u00e9sident, Convention collective et griefs<\/em><\/p>\n<p>Patrice Blais pratique le droit depuis 2006 apr\u00e8s avoir obtenu des dipl\u00f4mes en droit (Universit\u00e9 de Montr\u00e9al) et en science politique (Universit\u00e9 Concordia). En 2009, il a commenc\u00e9 \u00e0 enseigner \u00e0 Concordia. Il enseigne dans les domaines du droit des affaires et de l&#8217;\u00e9thique, du droit des organisations \u00e0 but non lucratif, du droit du travail, et de la s\u00e9curit\u00e9 publique et du terrorisme dans les d\u00e9partements de science politique et de gestion de Concordia ; il enseigne \u00e9galement en administration des affaires au Coll\u00e8ge Dawson.<\/p>\n<p>Me Blais a rejoint l&#8217;ex\u00e9cutif de l&#8217;APTPUC en 2010 en tant que VP Griefs et Convention collective et a \u00e9t\u00e9 r\u00e9\u00e9lu \u00e0 ce poste en 2011, 2014, 2017, 2020 et 2023. En tant que n\u00e9gociateur en chef de l&#8217;APTPUC, Me Blais a n\u00e9goci\u00e9 4 conventions collectives. Il si\u00e8ge \u00e0 de nombreux comit\u00e9s de l&#8217;universit\u00e9. Me Blais s&#8217;engage \u00e0 faire reconna\u00eetre les contributions des professeur(e)s et \u00e0 am\u00e9liorer leurs conditions de travail, ainsi qu&#8217;\u00e0 am\u00e9liorer la gouvernance de l&#8217;universit\u00e9.<br \/>\nE: <a href=\"patrice.blais@cupfa.org\">patrice.blais@cupfa.org<\/a><br \/>\nT: 514-848-2424 poste 3691<\/p>\n<hr \/>\n<p><img decoding=\"async\" class=\"alignleft\" title=\"June Riley\" src=\"https:\/\/cupfa.org\/\/wp-content\/uploads\/2012\/01\/june_bio.jpg\" alt=\"June Riley\" width=\"164\" \/> June Riley<br \/>\n<em>Tr\u00e9sori\u00e8re<\/em><\/p>\n<p>June Riley est tr\u00e9sori\u00e8re de l&#8217;APTPUC depuis 2011 et fait partie de l&#8217;\u00e9quipe de n\u00e9gociation de l&#8217;APTPUC depuis 2014, aidant \u00e0 conclure nos conventions collectives de 2012-2015 et de 2015-2017. En tant que tr\u00e9sori\u00e8re, ses responsabilit\u00e9s comprennent la garde et la surveillance des fonds et titres de l&#8217;association, y compris la co-gestion de notre fonds de gr\u00e8ve &#8211; d&#8217;une valeur l\u00e9g\u00e8rement sup\u00e9rieure \u00e0 2 millions de dollars &#8211; avec notre \u00e9quipe de gestion professionnelle chez Raymond James. Elle supervise les affaires financi\u00e8res de l&#8217;association, y compris la pr\u00e9paration de rapports financiers et de budgets, fait le lien entre notre comptable et notre auditeur, veille \u00e0 ce que nos \u00e9tats de r\u00e9sultat mensuels soient pr\u00e9par\u00e9s, et supervise la paie du personnel et les prestations d&#8217;assurance pour l&#8217;ex\u00e9cutif. June veille \u00e0 ce que les fonds d\u00e9coulant de la convention collective, y compris les cotisations, les amendes et les r\u00e9compenses pour griefs, aient \u00e9t\u00e9 pay\u00e9s, fournit des informations aux membres sur la bourse d&#8217;\u00e9tudes de dotation de la APTPUC et assiste le pr\u00e9sident avec les fonds de contingence de l&#8217;APTPUC. Elle fournit \u00e9galement des informations aux membres sur le R\u00e9gime de retraite des employ\u00e9s de l&#8217;Universit\u00e9 Concordia et sur les mises \u00e0 jour des r\u00e9gimes de retraite gouvernementaux tels que le R\u00e9gime de rentes du Qu\u00e9bec et la S\u00e9curit\u00e9 de la vieillesse. June maintient et met \u00e0 jour les protocoles financiers de l&#8217;association et co-pr\u00e9side le Comit\u00e9 des finances de l&#8217;ex\u00e9cutif de l&#8217;APTPUC avec le pr\u00e9sident.<\/p>\n<p>June enseigne \u00e0 Concordia depuis 1988 dans les d\u00e9partements de finance et d&#8217;\u00e9conomie, o\u00f9 elle est la repr\u00e9sentante de l&#8217;APTPUC depuis 1998 et 2007 respectivement. Au fil des ans, elle a si\u00e9g\u00e9 \u00e0 d&#8217;autres comit\u00e9s li\u00e9s au programme, aux \u00e9valuations de cours par les \u00e9tudiants, \u00e0 la r\u00e9tention des \u00e9tudiants et aux questions d&#8217;enseignement et d&#8217;apprentissage. Avant cela, elle a travaill\u00e9 comme \u00e9conomiste financi\u00e8re puis comme \u00e9conomiste principale dans le secteur de la l&#8217;industrie de l&#8217;investissement bancaire, ce qui lui conf\u00e8re des connaissances appliqu\u00e9es en mati\u00e8re de finances et de comptabilit\u00e9.<\/p>\n<p>E: <a href=\"mailto:june.riley@cupfa.org\">june.riley@cupfa.org<\/a><br \/>\nT: 514-848-2424 poste 3691<\/p>\n<hr \/>\n<p><strong> <img decoding=\"async\" class=\"alignleft wp-image-3386\" src=\"https:\/\/cupfa.org\/images\/exec\/VenetaWilliam.png\" alt=\"Veneta William\" width=\"164\" \/>Veneta William<br \/>\n<\/strong> <em>Secr\u00e9taire ex\u00e9cutive<\/em><\/p>\n<p>Veneta William est une entrepreneure montr\u00e9alaise et universitaire passionn\u00e9e par l&#8217;innovation et l&#8217;\u00e9ducation. Elle a obtenu son baccalaur\u00e9at en administration des affaires et sa ma\u00eetrise en administration des affaires de l&#8217;Universit\u00e9 du Cap-Breton (UCB), o\u00f9 elle a \u00e9t\u00e9 nomm\u00e9e deux fois sur la liste d&#8217;honneur du doyen pour l&#8217;excellence acad\u00e9mique.<\/p>\n<p>Pendant sa ma\u00eetrise, Veneta a travaill\u00e9 comme technicienne en recherche pour aider \u00e0 relancer l&#8217;Institut Bell \u00e0 l&#8217;UCB. Son projet de recherche appliqu\u00e9e \u00e9tait ax\u00e9 sur la mission de l&#8217;Institut Bell visant \u00e0 susciter l&#8217;int\u00e9r\u00eat et le soutien \u00e0 l&#8217;innovation, \u00e0 la recherche et au d\u00e9veloppement pour les \u00e9tudiants et les entreprises de l&#8217;\u00eele du Cap-Breton. L&#8217;Institut Bell fournissait \u00e9galement aux \u00e9tudiants les outils d&#8217;apprentissage n\u00e9cessaires pour relever les d\u00e9fis de la vie r\u00e9elle dans le monde des affaires et soutenait les start-ups du Cap-Breton utilisant de nouvelles technologies pour stimuler l&#8217;\u00e9conomie de l&#8217;\u00eele.<\/p>\n<p>Apr\u00e8s avoir termin\u00e9 ses \u00e9tudes \u00e0 l&#8217;UCB, Veneta a choisi une carri\u00e8re en consultation financi\u00e8re, o\u00f9 elle voyage dans diverses \u00e9coles et communaut\u00e9s pour aider les Canadiens \u00e0 devenir financi\u00e8rement \u00e9duqu\u00e9s. Gr\u00e2ce \u00e0 son travail, elle a eu un impact significatif sur la litt\u00e9ratie financi\u00e8re des gens partout au Canada.<\/p>\n<p>En plus de son travail de consultation, Veneta est professeure de gestion \u00e0 l&#8217;Universit\u00e9 Concordia, o\u00f9 elle utilise son exp\u00e9rience pour former la prochaine g\u00e9n\u00e9ration de leaders en affaires. Elle si\u00e8ge \u00e9galement \u00e0 divers comit\u00e9s, notamment le comit\u00e9 de sant\u00e9 et de s\u00e9curit\u00e9 et le Caucus noir de Concordia, afin de s&#8217;assurer que tous les professeurs sont trait\u00e9s \u00e9quitablement.<\/p>\n<p>Tout au long de sa carri\u00e8re, Veneta a fait preuve d&#8217;un engagement envers l&#8217;innovation, l&#8217;\u00e9ducation et le service \u00e0 la collectivit\u00e9. C&#8217;est une professionnelle d\u00e9vou\u00e9e qui utilise son expertise pour avoir un impact positif sur la vie de ceux qui l&#8217;entourent. Dans le r\u00f4le de secr\u00e9taire ex\u00e9cutive, elle apportera son soutien aux r\u00e9unions, aux dossiers, aux rapports de l&#8217;APTPUC et \u00e0 d&#8217;autres initiatives.<\/p>\n<p>E <span style=\"color: #000000;\">: <a href=\"mailto:veneta.william@cupfa.org\">veneta.william@cupfa.org<\/a><\/span><br \/>\nT: 514-848-2424 poste 3691<\/p>\n<hr style=\"clear: both; padding-top: 10px;\" \/>\n<p><img decoding=\"async\" class=\"size-full wp-image-5178 alignleft\" src=\"https:\/\/cupfa.org\/wp-content\/uploads\/2020\/04\/Eleni_164.png\" alt=\"\" width=\"164\" \/><\/p>\n<p><strong>Eleni Panagiotarakou, PhD<\/strong><br \/>\n<em>Directrice des recherche et du perfectionnement professionnel<\/em><\/p>\n<p>Eleni Panagiotarakou enseigne la philosophie politique \u00e0 l&#8217;Universit\u00e9 Concordia depuis 2010. Elle est \u00e9galement professeure \u00e0 temps partiel \u00e0 l&#8217;Universit\u00e9 d&#8217;Ottawa, \u00e0 l&#8217;Universit\u00e9 Bishop et au Coll\u00e8ge Champlain. Avant de rejoindre l&#8217;Universit\u00e9 Concordia, Eleni a travaill\u00e9 en tant qu&#8217;analyste des politiques au Minist\u00e8re de la Justice \u00e0 Ottawa.<\/p>\n<p>En tant que chercheuse active, Eleni a pr\u00e9sent\u00e9 son travail lors de nombreuses conf\u00e9rences am\u00e9ricaines et europ\u00e9ennes et a \u00e9t\u00e9 conf\u00e9renci\u00e8re invit\u00e9e \u00e0 la SUNY Plattsburgh et \u00e0 St. Stephen\u2019s House \u00e0 l&#8217;Universit\u00e9 d&#8217;Oxford. Ses travaux ont \u00e9t\u00e9 publi\u00e9s dans des revues \u00e0 comit\u00e9 de lecture telles que le Journal of Agricultural and Environmental Ethics, Les Ateliers de l&#8217;\u00c9thique, Humanities and Social Science Communications, Logeion, Schole, Canadian Journal of Political Science, Polis, Idealistic Studies, International Philosophical Quarterly et Canadian Journal of Criminology and Criminal Justice. Eleni participe \u00e9galement \u00e0 des activit\u00e9s de sensibilisation et a publi\u00e9 de nombreux articles d&#8217;opinion dans le Globe &amp; Mail, le Jerusalem Post, le Courier-Journal, le South China Morning Post, le Feminist Wire, The Gazette et le National Post, ainsi que diverses entrevues \u00e0 la radio et \u00e0 la t\u00e9l\u00e9vision.<\/p>\n<p>Ses activit\u00e9s de service incluent la fonction d&#8217;examinatrice externe et de relectrice pour diverses revues telles que Routledge Publishing House, Ethics and the Environment, Political Theory, Rowman &amp; Littlefield et Journal of the American Philosophical Association. Elle a \u00e9t\u00e9 membre du Institutional Repository Committee (Universit\u00e9 Bishop), du Academic Hearing Committee, du Open Access Committee, du Comit\u00e9 de l&#8217;exp\u00e9rience d&#8217;apprentissage des \u00e9tudiants (Universit\u00e9 Concordia) et de la Hellenic Scholarship Foundation (Qu\u00e9bec).<\/p>\n<p>En tant que Directrice des recherches et de d\u00e9veloppement professionnel de la APTPUC, elle traite les demandes de d\u00e9veloppement professionnel (DP) dont l&#8217;objectif est de promouvoir l&#8217;\u00e9quit\u00e9 acad\u00e9mique des membres de l&#8217;APTPUC. Dans le cadre du m\u00eame portefeuille, elle fait la promotion et met en avant les r\u00e9alisations professionnelles des membres de la APTPUC.<\/p>\n<p>E: <a href=\"mailto:eleni.panagiotarakou@cupfa.org\">eleni.panagiotarakou@cupfa.org<\/a><br \/>\nT: 514-848-2424 poste 3691<\/p>\n<hr \/>\n<p><strong> <b> <img decoding=\"async\" class=\"wp-image-5179 size-full alignleft\" src=\"https:\/\/cupfa.org\/wp-content\/uploads\/2020\/04\/Leslie_164.png\" alt=\"Leslie\" width=\"164\" \/>Leslie Barker<\/b><br \/>\n<\/strong> <em>Directrice des communications<\/em><\/p>\n<p>La Directrice des communications de l&#8217;APTPUC, Leslie Barker, apporte \u00e0 son r\u00f4le l&#8217;\u00e9nergie et l&#8217;exp\u00e9rience de plus de 35 ans d&#8217;enseignement \u00e0 temps partiel dans le d\u00e9partement de sant\u00e9, de kin\u00e9siologie et de physiologie appliqu\u00e9e (sciences de l&#8217;exercice) de Concordia. En plus de ses responsabilit\u00e9s ex\u00e9cutives, Leslie repr\u00e9sente l&#8217;APTPUC au S\u00e9nat, travaille avec le comit\u00e9 de la pause automnale de l&#8217;universit\u00e9 et si\u00e8ge au comit\u00e9 d&#8217;embauche de son d\u00e9partement depuis de nombreuses ann\u00e9es. Son curriculum vitae comprend diverses exp\u00e9riences professionnelles qui ont n\u00e9cessit\u00e9 une implication motiv\u00e9e avec les coll\u00e8gues et les \u00e9tudiants, ainsi qu&#8217;un engagement \u00e0 am\u00e9liorer les communications existantes (informations en ligne, mises \u00e0 jour opportunes, m\u00e9canismes de r\u00e9troaction, etc.) pour une meilleure collaboration et de meilleurs r\u00e9sultats. Avec des dipl\u00f4mes en litt\u00e9rature anglaise et en \u00e9ducation, des certificats en enseignement de l&#8217;anglais langue seconde et en enseignement coll\u00e9gial, ainsi qu&#8217;une solide exp\u00e9rience en tant qu&#8217;ancienne directrice de d\u00e9partement, enseignante et pr\u00e9sidente du S\u00e9nat dans un grand C\u00c9GEP local, elle apporte de nombreuses ann\u00e9es d&#8217;\u00e9coute intuitive, de promotion de la consultation communautaire et individuelle et de structures de rapport, ainsi qu&#8217;un solide sens des priorit\u00e9s ax\u00e9es sur les valeurs. Avec un historique de travail d&#8217;\u00e9quipe efficace et de mobilisation d\u00e9termin\u00e9, Leslie reconna\u00eet l&#8217;importance d&#8217;un \u00e9quilibre respectueux entre la consultation ouverte et la confidentialit\u00e9 appropri\u00e9e lors du travail de r\u00e9solution de probl\u00e8mes au sein d&#8217;une grande association de professionnels actifs et motiv\u00e9s. Les questions de confiance et de fid\u00e9lit\u00e9 parmi les membres, bas\u00e9es sur une sensibilisation significative et une transparence productive maximale, aideront notre association \u00e0 rester sensible aux besoins et aux id\u00e9es des membres, avec un succ\u00e8s continu dans l&#8217;acquisition d&#8217;avantages en mati\u00e8re d&#8217;emploi pour tous.<\/p>\n<p>E: <a href=\"mailto:leslie.barker@cupfa.org\">leslie.barker@cupfa.org<\/a><br \/>\nT: 514-848-2424 poste 3691<\/p>\n<hr \/>\n<p><b> <img decoding=\"async\" class=\"alignnone wp-image-5391 size-full alignleft\" src=\"https:\/\/cupfa.org\/wp-content\/uploads\/2020\/11\/Nick_164.png\" alt=\"\" width=\"164\" \/>Nick\u00a0Papatheodorakos<\/b><br \/>\n<em>Directeur des relations ext\u00e9rieures<\/em><\/p>\n<p>Nick Papatheodorakos est un avocat pratiquant en droit commercial et du travail, dipl\u00f4m\u00e9 de la Facult\u00e9 de droit de l&#8217;Universit\u00e9 de Montr\u00e9al. Il d\u00e9tient \u00e9galement un baccalaur\u00e9at en science politique de l&#8217;Universit\u00e9 McGill et une ma\u00eetrise en histoire de l&#8217;Universit\u00e9 Concordia. Nick enseigne \u00e0 Concordia au D\u00e9partement de gestion depuis 2008, avec une sp\u00e9cialisation dans les cours de droit et de relations du travail. Son implication chez l&#8217;APTPUC comprend son travail au sein d&#8217;un comit\u00e9 d&#8217;embauche \u00e0 temps partiel et en tant que repr\u00e9sentant au Comit\u00e9 d&#8217;\u00e9valuation des programmes du D\u00e9partement de gestion. En tant que Directeur des relations ext\u00e9rieures, il est responsable du r\u00e9seautage, du d\u00e9veloppement de ressources informatives et de la mobilisation avec les membres de syndicats de diverses universit\u00e9s et parties prenantes communautaires. Nick a h\u00e2te de travailler activement dans son r\u00f4le et en tant que membre de l&#8217;ex\u00e9cutif de l&#8217;APTPUC pour promouvoir les int\u00e9r\u00eats de nos membres et le d\u00e9veloppement de conditions de travail plus justes.<\/p>\n<p>E:\u00a0 <a href=\"mailto:nick.papatheodorakos@cupfa.org\">nick.papatheodorakos@cupfa.org<\/a><br \/>\nT: 514-848-2424 poste 3691<\/p>\n<hr \/>\n<p><b> <strong> <img decoding=\"async\" class=\"size-full alignleft\" src=\"https:\/\/cupfa.org\/images\/exec\/FabienneCyrius.png\" alt=\"Fabienne Cyrius \" width=\"164\" \/> <\/strong> Fabienne Cyrius<\/b><br \/>\n<em>Directrice de la mobilisation<\/em><\/p>\n<p>Fabienne Cyrius apporte une exp\u00e9rience significative et vari\u00e9e \u00e0 l&#8217;\u00e9quipe de direction de l&#8217;APTPUC, gr\u00e2ce \u00e0 son parcours professionnel en tant que membre ex\u00e9cutif syndical, professionnelle de l&#8217;industrie, \u00e9ducatrice et administratrice universitaire.<\/p>\n<p>L&#8217;engagement de Fabienne envers le leadership \u00e9ducatif et la collaboration professionnelle contribue \u00e0 sa participation dynamique en tant que repr\u00e9sentante de l&#8217;APTPUC dans les comit\u00e9s suivants de Concordia : Comit\u00e9 de la lutte contre la violence sexuelle et inconduite; Comit\u00e9 de la libert\u00e9 acad\u00e9mique; Sous-comit\u00e9 de formation du Comit\u00e9 permanent de la lutte contre la violence sexuelle et l&#8217;inconduite; Comit\u00e9 permanent de la lutte contre la violence sexuelle; Comit\u00e9 d&#8217;\u00e9valuation des cours; Comit\u00e9 de l&#8217;exp\u00e9rience d&#8217;apprentissage des \u00e9tudiants; Comit\u00e9 de strat\u00e9gie num\u00e9rique; Comit\u00e9 d&#8217;\u00e9valuation du biblioth\u00e9caire en chef de l&#8217;universit\u00e9; Comit\u00e9 de s\u00e9lection du comit\u00e9 de d\u00e9partement; Comit\u00e9 EDI de l&#8217;APTPUC; S\u00e9nat de Concordia (automne 2022).<\/p>\n<p>Apr\u00e8s avoir termin\u00e9 son dipl\u00f4me de premier cycle \u00e0 Concordia, Fabienne a commenc\u00e9 sa carri\u00e8re en tant qu&#8217;analyste de syst\u00e8mes pour une grande entreprise canadienne. Ce projet a \u00e9t\u00e9 suivi d&#8217;une s\u00e9rie de responsabilit\u00e9s en supervision de la production, en supervision de l&#8217;exp\u00e9dition et en production. Son exp\u00e9rience industrielle a incit\u00e9 Concordia \u00e0 la recruter pour enseigner au Centre for Continuing Education. Cette premi\u00e8re incursion dans le domaine de l&#8217;\u00e9ducation a conduit \u00e0 d&#8217;autres opportunit\u00e9s d&#8217;enseignement et de leadership, y compris de l&#8217;exp\u00e9rience dans la th\u00e9orie et la pratique de l&#8217;\u00e9valuation des programmes, de la r\u00e9vision et de la mise en \u0153uvre, ainsi que le soutien actif \u00e0 la collaboration efficace et aux objectifs partag\u00e9s dans tous les aspects de la vie universitaire.<\/p>\n<p>Fabienne a obtenu son B.Comm \u00e0 Concordia, sa M.Ed \u00e0 l&#8217;Universit\u00e9 de Sherbrooke et son MBA \u00e0 l&#8217;UQAM.<\/p>\n<p>E:\u00a0 <a href=\"mailto:fabienne.cyrius@cupfa.org\">fabienne.cyrius@cupfa.org<\/a><br \/>\nT: 514-848-2424 poste 3691<\/p>\n","protected":false},"excerpt":{"rendered":"<p><strong> <img decoding=\"async\" class=\"alignleft wp-image-3118\" src=\"https:\/\/cupfa.org\/wp-content\/uploads\/2017\/03\/Robert-Soroka-outdoor-leaning-touched-up-cropped-2016_11_13-21_09_34-UTC-210x300.jpg\" alt=\"Robert Soroka\" width=\"164\" srcset=\"\/\/www.cupfa.org\/wp-content\/uploads\/2017\/03\/Robert-Soroka-outdoor-leaning-touched-up-cropped-2016_11_13-21_09_34-UTC-210x300.jpg 210w, \/\/www.cupfa.org\/wp-content\/uploads\/2017\/03\/Robert-Soroka-outdoor-leaning-touched-up-cropped-2016_11_13-21_09_34-UTC-561x800.jpg 561w, \/\/www.cupfa.org\/wp-content\/uploads\/2017\/03\/Robert-Soroka-outdoor-leaning-touched-up-cropped-2016_11_13-21_09_34-UTC.jpg 750w\" sizes=\"(max-width: 210px) 100vw, 210px\" \/>Robert Soroka<\/strong><br \/>\nB. Comm, M&#8230;<\/p>\n","protected":false},"author":13,"featured_media":0,"parent":14,"menu_order":0,"comment_status":"closed","ping_status":"closed","template":"","meta":{"footnotes":""},"class_list":["post-97","page","type-page","status-publish","hentry"],"_links":{"self":[{"href":"https:\/\/www.cupfa.org\/fr_CA\/wp-json\/wp\/v2\/pages\/97","targetHints":{"allow":["GET"]}}],"collection":[{"href":"https:\/\/www.cupfa.org\/fr_CA\/wp-json\/wp\/v2\/pages"}],"about":[{"href":"https:\/\/www.cupfa.org\/fr_CA\/wp-json\/wp\/v2\/types\/page"}],"author":[{"embeddable":true,"href":"https:\/\/www.cupfa.org\/fr_CA\/wp-json\/wp\/v2\/users\/13"}],"replies":[{"embeddable":true,"href":"https:\/\/www.cupfa.org\/fr_CA\/wp-json\/wp\/v2\/comments?post=97"}],"version-history":[{"count":50,"href":"https:\/\/www.cupfa.org\/fr_CA\/wp-json\/wp\/v2\/pages\/97\/revisions"}],"predecessor-version":[{"id":6875,"href":"https:\/\/www.cupfa.org\/fr_CA\/wp-json\/wp\/v2\/pages\/97\/revisions\/6875"}],"up":[{"embeddable":true,"href":"https:\/\/www.cupfa.org\/fr_CA\/wp-json\/wp\/v2\/pages\/14"}],"wp:attachment":[{"href":"https:\/\/www.cupfa.org\/fr_CA\/wp-json\/wp\/v2\/media?parent=97"}],"curies":[{"name":"wp","href":"https:\/\/api.w.org\/{rel}","templated":true}]}}