

{"id":99,"date":"2017-03-20T13:54:22","date_gmt":"2017-03-20T13:54:22","guid":{"rendered":"https:\/\/cupfa.org\/\/?page_id=99"},"modified":"2024-10-30T11:58:34","modified_gmt":"2024-10-30T15:58:34","slug":"staff","status":"publish","type":"page","link":"https:\/\/www.cupfa.org\/fr_CA\/about\/staff\/","title":{"rendered":"Personnel"},"content":{"rendered":"<p><strong> <img loading=\"lazy\" decoding=\"async\" class=\"wp-image-787 alignleft\" title=\"karen\" src=\"https:\/\/cupfa.org\/\/wp-content\/uploads\/2012\/01\/karen_bio.jpg\" alt=\"\" width=\"93\" height=\"93\" \/>Karen Taillon<\/strong><br \/>\n<em>Administratrice de bureau<\/em><\/p>\n<p>Dipl\u00f4m\u00e9e de l&#8217;Universit\u00e9 Concordia, Karen Taillon occupe le poste d&#8217;Administratrice de bureau de l&#8217;Association depuis 1994. Karen est responsable des services de premi\u00e8re ligne offerts \u00e0 tous les membres qui appellent ou se pr\u00e9sentent, et elle aide les professeurs \u00e0 temps partiel \u00e0 naviguer dans les eaux parfois troubles de Concordia. Si elle n&#8217;a pas la r\u00e9ponse \u00e0 votre question, elle peut vous orienter dans la bonne direction.<br \/>\nE : <a href=\"mailto:info@cupfa.org\">info@cupfa.org<\/a><br \/>\nT : 514-848-2424 poste 3691<\/p>\n<hr \/>\n<p><img decoding=\"async\" class=\"alignleft wp-image-5314\" src=\"https:\/\/cupfa.org\/wp-content\/uploads\/2020\/07\/JacquelinePeters.png\" alt=\"\" width=\"97\" \/> <strong>Jacqueline Peters<\/strong><br \/>\nCoordonnatrice, \u00c9quit\u00e9, diversit\u00e9 et inclusion<\/p>\n<p>L&#8217;APTPUC a introduit des services en mati\u00e8re d&#8217;\u00c9quit\u00e9, de Diversit\u00e9 et d&#8217;Inclusion (EDI) en 2021 et a \u00e9tendu son \u00e9quipe EDI, coordonn\u00e9e par la membre de l&#8217;APTPUC, Jacqueline Peters. L&#8217;EDI conseille les membres et l&#8217;ex\u00e9cutif sur diverses questions, contribuant d&#8217;autres perspectives, des formations et du soutien pour un traitement juste, respectueux et \u00e9quitable dans la salle de classe et dans le millieu de travail.<\/p>\n<p>Jacqueline est titulaire d&#8217;un baccalaur\u00e9at sp\u00e9cialis\u00e9 en linguistique de l&#8217;Universit\u00e9 Concordia, d&#8217;une ma\u00eetrise en linguistique de l&#8217;Universit\u00e9 de Toronto et est candidate au doctorat en linguistique \u00e0 l&#8217;Universit\u00e9 York. Sa th\u00e8se de doctorat, &#8220;Feeling Heard&#8221;: The Discourse of Empathy in Medical Interactions, est une \u00e9tude qualitative sur l&#8217;empathie dans les interactions m\u00e9dicales.<\/p>\n<p>La recherche de Jacqueline a \u00e9t\u00e9 financ\u00e9e par une bourse de ma\u00eetrise du CRSH et une bourse de doctorat du CRSH.<\/p>\n<p>Ses publications comprennent &#8220;Black English in Toronto&#8221;: A New Dialect? (Co\u00e9crit avec Laura Baxter) Conference Proceedings of Methods in Dialectology 14. 201, et &#8220;&#8221;(Be)coming Jamaican&#8221;: (Re)Constructing an Ethno-Cultural Identity.&#8221; dans Identity through a Language Lens. Kamila Ciepiela (\u00e9d). Lodz Studies in Language (23). Frankfurt am Main, Berlin, Bern, Bruxelles, New York, Oxford, Warszawa, Wien: Peter Lang Publishing House. 2011. Pgs.109-118.<\/p>\n<p>Jacqueline a pr\u00e9c\u00e9demment examin\u00e9 la construction de l&#8217;identit\u00e9 des immigrants non europ\u00e9ens vivant \u00e0 Montr\u00e9al et des jeunes d&#8217;origine carib\u00e9enne \u00e0 Toronto, et a pr\u00e9sent\u00e9 son travail lors de nombreuses conf\u00e9rences linguistiques internationales.<\/p>\n<p>Jacqueline est membre du Groupe de travail sur l&#8217;\u00c9quit\u00e9, la diversit\u00e9 et l&#8217;inclusion de l&#8217;Universit\u00e9 Concordia, o\u00f9 elle enseigne la sociolinguistique. Elle est la premi\u00e8re Responsable de l&#8217;EDI pour l&#8217;APTPUC, l&#8217;Association du Personnel \u00e0 Temps Partiel de l&#8217;Universit\u00e9 Concordia.<\/p>\n<p>E : <a href=\"mailto:jacqueline.peters@cupfa.org\">jacqueline.peters@cupfa.org<\/a><\/p>\n<hr \/>\n<p><img decoding=\"async\" class=\"alignleft\" title=\"Alexander Louis\" src=\"https:\/\/cupfa.org\/wp-content\/uploads\/2020\/11\/AlexPhoto.png\" alt=\"Alexander Louis\" width=\"97px\" \/> <strong>Alexander Louis<\/strong><br \/>\n<em>Avocat<\/em><\/p>\n<p><span style=\"font-weight: 400;\">Alexander a rejoint l&#8217;APTPUC en tant que stagiaire en droit en 2019 apr\u00e8s avoir obtenu un BCL et un LLB de la Facult\u00e9 de droit de l&#8217;Universit\u00e9 McGill et r\u00e9ussi les examens du Barreau du Qu\u00e9bec. Avant ses \u00e9tudes en droit, il a obtenu son dipl\u00f4me de l&#8217;Universit\u00e9 Concordia en sciences politiques avec distinction.<\/span><\/p>\n<p><span style=\"font-weight: 400;\">Alexander conseille et assiste l&#8217;APTPUC sur tous les aspects du droit de l&#8217;emploi et du travail, y compris les n\u00e9gociations en cours pour une nouvelle convention collective.<\/span><\/p>\n<p>E : <a href=\"mailto:alexander.louis@cupfa.org\">alexander.louis@cupfa.org<\/a><br \/>\nT : 514-848- 2424 poste 3691<\/p>\n<hr \/>\n<p><img decoding=\"async\" class=\"alignleft\" title=\"Katerina Cook\" src=\"https:\/\/cupfa.org\/images\/staff\/KaterinaCook.png\" alt=\"Katerina Cook\" width=\"97px\" \/> <strong>Katerina Cook<\/strong><br \/>\n<em>Avocate<\/em><\/p>\n<p>Membre du Barreau du Qu\u00e9bec, Me Katerina Cook a obtenu son BCL et son JD \u00e0 l&#8217;Universit\u00e9 McGill. Avant ses \u00e9udes en droit, Katerina a obtenu son baccalaur\u00e9at \u00e8s arts avec distinction en \u00e9tudes anciennes et contemporaines \u00e0 l&#8217;Universit\u00e9 de King&#8217;s College, \u00e0 Halifax, en Nouvelle-\u00c9cosse. Pendant son s\u00e9jour \u00e0 McGill, Katerina a \u00e9t\u00e9 travailleuse \u00e9tudiante \u00e0 la Clinique juridique du Mile End (maintenant Le Collectif juridique), repr\u00e9sentante \u00e9tudiante \u00e0 la Clinique d&#8217;Information Juridique \u00e0 McGill, et pr\u00e9sidente d&#8217;OutLaw \u00e0 McGill. Elle a rejoind l&#8217;\u00e9quipe de l&#8217;APTPUC en 2023 en tant que stagiaire en droit.<\/p>\n<p>E : <a href=\"mailto:katerina.cook@cupfa.org\">katerina.cook@cupfa.org<\/a><br \/>\nT : 514-848- 2424 poste 3691<\/p>\n<hr \/>\n<p><img loading=\"lazy\" decoding=\"async\" class=\"alignleft wp-image-4317\" src=\"https:\/\/cupfa.org\/wp-content\/uploads\/2019\/01\/thiel.jpg\" alt=\"Stuart Thiel\" width=\"97\" height=\"97\" srcset=\"\/\/www.cupfa.org\/wp-content\/uploads\/2019\/01\/thiel.jpg 160w, \/\/www.cupfa.org\/wp-content\/uploads\/2019\/01\/thiel-150x150.jpg 150w\" sizes=\"auto, (max-width: 97px) 100vw, 97px\" \/> <strong>Stuart Thiel<\/strong><br \/>\n<em>Consultant en informatique<\/em><\/p>\n<p>Dr. Stuart Thiel est professeur \u00e0 temps partiel, d\u00e9veloppeur de logiciels et ing\u00e9nieur professionnel. Il passe son temps \u00e0 enseigner, \u00e0 rechercher des algorithmes, \u00e0 bricoler avec des logiciels et \u00e0 travailler sur divers projets communautaires non informatiques.<\/p>\n<p>Stuart enseigne \u00e0 temps partiel \u00e0 Concordia depuis 2006, et si\u00e8ge actuellement au Conseil de la Facult\u00e9 Gina Cody, au Conseil du D\u00e9partement d&#8217;informatique et de g\u00e9nie logiciel, ainsi qu&#8217;\u00e0 divers comit\u00e9s consultatifs, de pilotage, de mise en \u0153uvre, de curriculum et de recrutement.<\/p>\n<p>En tant que Consultant en informatique de l&#8217;APTPUC, Stuart conseille l&#8217;ex\u00e9cutif sur tous les probl\u00e8mes informatiques qu&#8217;ils jugent pertinents, \u00e9value les offres informatiques de l&#8217;Universit\u00e9 et supervise les d\u00e9tails techniques de l&#8217;op\u00e9ration syndicale.<\/p>\n<p>E : <a href=\"mailto:stuart.thiel@cupfa.org\">stuart.thiel@cupfa.org<\/a><\/p>\n","protected":false},"excerpt":{"rendered":"<p><strong> <img loading=\"lazy\" decoding=\"async\" class=\"wp-image-787 alignleft\" title=\"karen\" src=\"https:\/\/cupfa.org\/\/wp-content\/uploads\/2012\/01\/karen_bio.jpg\" alt=\"\" width=\"93\" height=\"93\" \/>Karen Taillon<\/strong><br \/>\n<em>Administratrice de bureau<\/em><\/p>\n<p>Dipl\u00f4m\u00e9e de l&#8217;Universit\u00e9 Concor&#8230;<\/p>\n","protected":false},"author":13,"featured_media":0,"parent":14,"menu_order":0,"comment_status":"closed","ping_status":"closed","template":"","meta":{"footnotes":""},"class_list":["post-99","page","type-page","status-publish","hentry"],"_links":{"self":[{"href":"https:\/\/www.cupfa.org\/fr_CA\/wp-json\/wp\/v2\/pages\/99","targetHints":{"allow":["GET"]}}],"collection":[{"href":"https:\/\/www.cupfa.org\/fr_CA\/wp-json\/wp\/v2\/pages"}],"about":[{"href":"https:\/\/www.cupfa.org\/fr_CA\/wp-json\/wp\/v2\/types\/page"}],"author":[{"embeddable":true,"href":"https:\/\/www.cupfa.org\/fr_CA\/wp-json\/wp\/v2\/users\/13"}],"replies":[{"embeddable":true,"href":"https:\/\/www.cupfa.org\/fr_CA\/wp-json\/wp\/v2\/comments?post=99"}],"version-history":[{"count":72,"href":"https:\/\/www.cupfa.org\/fr_CA\/wp-json\/wp\/v2\/pages\/99\/revisions"}],"predecessor-version":[{"id":7226,"href":"https:\/\/www.cupfa.org\/fr_CA\/wp-json\/wp\/v2\/pages\/99\/revisions\/7226"}],"up":[{"embeddable":true,"href":"https:\/\/www.cupfa.org\/fr_CA\/wp-json\/wp\/v2\/pages\/14"}],"wp:attachment":[{"href":"https:\/\/www.cupfa.org\/fr_CA\/wp-json\/wp\/v2\/media?parent=99"}],"curies":[{"name":"wp","href":"https:\/\/api.w.org\/{rel}","templated":true}]}}